{"id":2403,"date":"2024-09-04T03:36:36","date_gmt":"2024-09-04T03:36:36","guid":{"rendered":"https:\/\/filatelia.cuentista.es\/product\/sello-uruguay-ansina-2-usado"},"modified":"2024-09-04T03:39:11","modified_gmt":"2024-09-04T03:39:11","slug":"sello-uruguay-ansina-2-usado","status":"publish","type":"product","link":"https:\/\/filatelia.cuentista.es\/en\/product\/sello-uruguay-ansina-2-usado","title":{"rendered":"Sello Uruguay 1967 &#8211; Ansina &#8211; 2$ usado"},"content":{"rendered":"<p>Pa\u00eds:<\/p>\n<p>Uruguay<\/p>\n<p>Serie:<\/p>\n<p>Ansina, server of gen. Artigas<\/p>\n<p>C\u00f3digo de cat\u00e1logo:<\/p>\n<p>Michel UY 1082<\/p>\n<p>Stamp Number UY C311<\/p>\n<p>Yvert et Tellier UY PA314<\/p>\n<p>Stanley Gibbons UY 1334<\/p>\n<p>Ciardi UY A314<\/p>\n<p>Tiene variantes menores: 3<\/p>\n<p>Temas:<\/p>\n<p>Armas | Oficiales Militares | Personajes de la Independencia | Uniformes<\/p>\n<p>Fecha emisi\u00f3n:<\/p>\n<p>1967-05-17<\/p>\n<p>Tama\u00f1o:<\/p>\n<p>25 x 38 mm<\/p>\n<p>Colores:<\/p>\n<p>Multicolor<\/p>\n<p>Marca de agua:<\/p>\n<p>ROU en Sol [Up]<\/p>\n<p>Dise\u00f1adores:<\/p>\n<p>Angel Medina<\/p>\n<p>Impresores\/Imprentas:<\/p>\n<p>Imprenta Nacional, Montevideo<\/p>\n<p>Formato:<\/p>\n<p>Sello<\/p>\n<p>Emisi\u00f3n:<\/p>\n<p>Correo A\u00e9reo<\/p>\n<p>Perforaci\u00f3n:<\/p>\n<p>peine12<\/p>\n<p>Impresi\u00f3n:<\/p>\n<p>Litograf\u00eda offset<\/p>\n<p>Papel:<\/p>\n<p>fine<\/p>\n<p>Valor facial:<\/p>\n<p>2 $ &#8211; Peso Uruguayo<\/p>\n<p>Tiraje:<\/p>\n<p>2.000.000<\/p>\n<p>Puntuaci\u00f3n:<\/p>\n<p>18% Precisi\u00f3n: Alta<\/p>\n<p>Descripci\u00f3n:<\/p>\n<p>Impreso en hojas de 25 sellos.<\/p>\n<p>Joaqu\u00edn Lenzina (1760-1860), commonly known as \u00abEl Negro Ansina\u00bb, accompanied Jos\u00e9 Gervasio Artigas throughout his life as his most loyal friend and follower.<\/p>\n","protected":false},"excerpt":{"rendered":"<p>Pa\u00eds: Uruguay Serie: Ansina, server of gen. Artigas C\u00f3digo de cat\u00e1logo: Michel UY 1082 Stamp Number UY C311 Yvert et Tellier UY PA314 Stanley Gibbons UY 1334 Ciardi UY A314 Tiene variantes menores: 3 Temas: Armas | Oficiales Militares | Personajes de la Independencia | Uniformes Fecha emisi\u00f3n: 1967-05-17 Tama\u00f1o: 25 x 38 mm Colores: &hellip;<\/p>\n<p class=\"read-more\"> <a class=\"thunk-readmore button\" href=\"https:\/\/filatelia.cuentista.es\/en\/product\/sello-uruguay-ansina-2-usado\"> <span class=\"screen-reader-text\">Sello Uruguay 1967 &#8211; Ansina &#8211; 2$ usado<\/span>Read More<\/a><\/p>","protected":false},"featured_media":2402,"comment_status":"open","ping_status":"closed","template":"","meta":{"_acf_changed":false},"product_brand":[],"product_cat":[815,763,20],"product_tag":[1175,1176,1174],"class_list":{"0":"post-2403","1":"product","2":"type-product","3":"status-publish","4":"has-post-thumbnail","6":"product_cat-correo-aereo","7":"product_cat-uruguay","8":"product_cat-sellos-usados","9":"product_tag-asistente","10":"product_tag-fiel","11":"product_tag-sirviente","12":"thunk-woo-product-list","13":"opn-qv-enable","14":"open-woo-hover-zoom","15":"open-single-product-tab-horizontal","16":"open-shadow-","17":"open-shadow-hover-","19":"first","20":"instock","21":"sale","22":"shipping-taxable","23":"purchasable","24":"product-type-simple"},"acf":[],"jetpack_sharing_enabled":true,"_links":{"self":[{"href":"https:\/\/filatelia.cuentista.es\/en\/wp-json\/wp\/v2\/product\/2403","targetHints":{"allow":["GET"]}}],"collection":[{"href":"https:\/\/filatelia.cuentista.es\/en\/wp-json\/wp\/v2\/product"}],"about":[{"href":"https:\/\/filatelia.cuentista.es\/en\/wp-json\/wp\/v2\/types\/product"}],"replies":[{"embeddable":true,"href":"https:\/\/filatelia.cuentista.es\/en\/wp-json\/wp\/v2\/comments?post=2403"}],"wp:featuredmedia":[{"embeddable":true,"href":"https:\/\/filatelia.cuentista.es\/en\/wp-json\/wp\/v2\/media\/2402"}],"wp:attachment":[{"href":"https:\/\/filatelia.cuentista.es\/en\/wp-json\/wp\/v2\/media?parent=2403"}],"wp:term":[{"taxonomy":"product_brand","embeddable":true,"href":"https:\/\/filatelia.cuentista.es\/en\/wp-json\/wp\/v2\/product_brand?post=2403"},{"taxonomy":"product_cat","embeddable":true,"href":"https:\/\/filatelia.cuentista.es\/en\/wp-json\/wp\/v2\/product_cat?post=2403"},{"taxonomy":"product_tag","embeddable":true,"href":"https:\/\/filatelia.cuentista.es\/en\/wp-json\/wp\/v2\/product_tag?post=2403"}],"curies":[{"name":"wp","href":"https:\/\/api.w.org\/{rel}","templated":true}]}}