{"id":2401,"date":"2024-09-04T03:32:27","date_gmt":"2024-09-04T03:32:27","guid":{"rendered":"https:\/\/filatelia.cuentista.es\/product\/sello-uruguay-1970-casa-de-artigas-15-usado"},"modified":"2024-09-06T20:26:19","modified_gmt":"2024-09-06T20:26:19","slug":"sello-uruguay-1970-casa-de-artigas-15-usado","status":"publish","type":"product","link":"https:\/\/filatelia.cuentista.es\/en\/product\/sello-uruguay-1970-casa-de-artigas-15-usado","title":{"rendered":"Sello Uruguay 1970 &#8211; Casa de Artigas- 15$ usado"},"content":{"rendered":"<p>Casa solariega de Artigas<\/p>\n<p>Pa\u00eds:<\/p>\n<p>Uruguay<\/p>\n<p>Serie:<\/p>\n<p>Death of Jos\u00e9 G.Artigas, 120th Anniv.<\/p>\n<p>C\u00f3digo de cat\u00e1logo:<\/p>\n<p>Michel UY 1170<\/p>\n<p>Stamp Number UY 777<\/p>\n<p>Yvert et Tellier UY 787<\/p>\n<p>Stanley Gibbons UY 1427<\/p>\n<p>Ciardi UY 787<\/p>\n<p>Tiene variantes menores: 3<\/p>\n<p>Temas:<\/p>\n<p>Edificios | Sitios Hist\u00f3ricos<\/p>\n<p>Fecha emisi\u00f3n:<\/p>\n<p>1970-06-18<\/p>\n<p>Tama\u00f1o:<\/p>\n<p>42 x 30 mm<\/p>\n<p>Colores:<\/p>\n<p>Multicolor<\/p>\n<p>Marca de agua:<\/p>\n<p>ROU en Sol [Up]<\/p>\n<p>Dise\u00f1adores:<\/p>\n<p>Angel Medina<\/p>\n<p>Impresores\/Imprentas:<\/p>\n<p>Imprenta Nacional, Montevideo<\/p>\n<p>Formato:<\/p>\n<p>Sello<\/p>\n<p>Emisi\u00f3n:<\/p>\n<p>Conmemorativo<\/p>\n<p>Perforaci\u00f3n:<\/p>\n<p>peine12<\/p>\n<p>Impresi\u00f3n:<\/p>\n<p>Litograf\u00eda offset<\/p>\n<p>Papel:<\/p>\n<p>Medium<\/p>\n<p>Valor facial:<\/p>\n<p>15 $ &#8211; Peso Uruguayo<\/p>\n<p>Tiraje:<\/p>\n<p>4.000.000<\/p>\n","protected":false},"excerpt":{"rendered":"<p>Casa solariega de Artigas Pa\u00eds: Uruguay Serie: Death of Jos\u00e9 G.Artigas, 120th Anniv. C\u00f3digo de cat\u00e1logo: Michel UY 1170 Stamp Number UY 777 Yvert et Tellier UY 787 Stanley Gibbons UY 1427 Ciardi UY 787 Tiene variantes menores: 3 Temas: Edificios | Sitios Hist\u00f3ricos Fecha emisi\u00f3n: 1970-06-18 Tama\u00f1o: 42 x 30 mm Colores: Multicolor Marca &hellip;<\/p>\n<p class=\"read-more\"> <a class=\"thunk-readmore button\" href=\"https:\/\/filatelia.cuentista.es\/en\/product\/sello-uruguay-1970-casa-de-artigas-15-usado\"> <span class=\"screen-reader-text\">Sello Uruguay 1970 &#8211; Casa de Artigas- 15$ usado<\/span>Read More<\/a><\/p>","protected":false},"featured_media":2400,"comment_status":"open","ping_status":"closed","template":"","meta":{"_acf_changed":false},"product_brand":[],"product_cat":[763,20],"product_tag":[88,1173,1171,45,1172],"class_list":{"0":"post-2401","1":"product","2":"type-product","3":"status-publish","4":"has-post-thumbnail","6":"product_cat-uruguay","7":"product_cat-sellos-usados","8":"product_tag-arquitectura","9":"product_tag-canelones","10":"product_tag-casa","11":"product_tag-historia","12":"product_tag-solariega","13":"thunk-woo-product-list","14":"opn-qv-enable","15":"open-woo-hover-zoom","16":"open-single-product-tab-horizontal","17":"open-shadow-","18":"open-shadow-hover-","20":"first","21":"instock","22":"sale","23":"shipping-taxable","24":"purchasable","25":"product-type-simple"},"acf":[],"jetpack_sharing_enabled":true,"_links":{"self":[{"href":"https:\/\/filatelia.cuentista.es\/en\/wp-json\/wp\/v2\/product\/2401","targetHints":{"allow":["GET"]}}],"collection":[{"href":"https:\/\/filatelia.cuentista.es\/en\/wp-json\/wp\/v2\/product"}],"about":[{"href":"https:\/\/filatelia.cuentista.es\/en\/wp-json\/wp\/v2\/types\/product"}],"replies":[{"embeddable":true,"href":"https:\/\/filatelia.cuentista.es\/en\/wp-json\/wp\/v2\/comments?post=2401"}],"wp:featuredmedia":[{"embeddable":true,"href":"https:\/\/filatelia.cuentista.es\/en\/wp-json\/wp\/v2\/media\/2400"}],"wp:attachment":[{"href":"https:\/\/filatelia.cuentista.es\/en\/wp-json\/wp\/v2\/media?parent=2401"}],"wp:term":[{"taxonomy":"product_brand","embeddable":true,"href":"https:\/\/filatelia.cuentista.es\/en\/wp-json\/wp\/v2\/product_brand?post=2401"},{"taxonomy":"product_cat","embeddable":true,"href":"https:\/\/filatelia.cuentista.es\/en\/wp-json\/wp\/v2\/product_cat?post=2401"},{"taxonomy":"product_tag","embeddable":true,"href":"https:\/\/filatelia.cuentista.es\/en\/wp-json\/wp\/v2\/product_tag?post=2401"}],"curies":[{"name":"wp","href":"https:\/\/api.w.org\/{rel}","templated":true}]}}