{"id":2399,"date":"2024-09-03T20:07:02","date_gmt":"2024-09-03T20:07:02","guid":{"rendered":"https:\/\/filatelia.cuentista.es\/product\/sello-uruguay-1949-centenario-universidad-31-cts-usado"},"modified":"2024-09-03T20:09:01","modified_gmt":"2024-09-03T20:09:01","slug":"sello-uruguay-1949-centenario-universidad-31-cts-usado","status":"publish","type":"product","link":"https:\/\/filatelia.cuentista.es\/en\/product\/sello-uruguay-1949-centenario-universidad-31-cts-usado","title":{"rendered":"Sello Uruguay 1949 &#8211; Centenario Universidad &#8211; 31 cts. usado"},"content":{"rendered":"<p>Pa\u00eds:<\/p>\n<p>Uruguay<\/p>\n<p>Serie:<\/p>\n<p>Centenary of Uruguayan University<\/p>\n<p>C\u00f3digo de cat\u00e1logo:<\/p>\n<p>Michel UY 749<\/p>\n<p>Stamp Number UY C143<\/p>\n<p>Yvert et Tellier UY PA145<\/p>\n<p>Stanley Gibbons UY 997<\/p>\n<p>Ciardi UY A145<\/p>\n<p>Temas:<\/p>\n<p>Edificios | Universidades<\/p>\n<p>Fecha emisi\u00f3n:<\/p>\n<p>1949-12-07<\/p>\n<p>Tama\u00f1o:<\/p>\n<p>39 x 27 mm<\/p>\n<p>Colores:<\/p>\n<p>Azul<\/p>\n<p>Marca de agua:<\/p>\n<p>Sin Marca de agua<\/p>\n<p>Impresores\/Imprentas:<\/p>\n<p>Imprenta Nacional, Montevideo<\/p>\n<p>Formato:<\/p>\n<p>Sello<\/p>\n<p>Emisi\u00f3n:<\/p>\n<p>Correo A\u00e9reo<\/p>\n<p>Perforaci\u00f3n:<\/p>\n<p>12\u00bd<\/p>\n<p>Impresi\u00f3n:<\/p>\n<p>Litograf\u00eda<\/p>\n<p>Papel:<\/p>\n<p>fine<\/p>\n<p>Valor facial:<\/p>\n<p>31 Cent\u00e9simo Uruguayo<\/p>\n<p>Tiraje:<\/p>\n<p>1.000.000<\/p>","protected":false},"excerpt":{"rendered":"<p>Pa\u00eds: Uruguay Serie: Centenary of Uruguayan University C\u00f3digo de cat\u00e1logo: Michel UY 749 Stamp Number UY C143 Yvert et Tellier UY PA145 Stanley Gibbons UY 997 Ciardi UY A145 Temas: Edificios | Universidades Fecha emisi\u00f3n: 1949-12-07 Tama\u00f1o: 39 x 27 mm Colores: Azul Marca de agua: Sin Marca de agua Impresores\/Imprentas: Imprenta Nacional, Montevideo Formato: &hellip;<\/p>\n<p class=\"read-more\"> <a class=\"thunk-readmore button\" href=\"https:\/\/filatelia.cuentista.es\/en\/product\/sello-uruguay-1949-centenario-universidad-31-cts-usado\"> <span class=\"screen-reader-text\">Sello Uruguay 1949 &#8211; Centenario Universidad &#8211; 31 cts. usado<\/span>Read More<\/a><\/p>","protected":false},"featured_media":2398,"comment_status":"open","ping_status":"closed","template":"","meta":{"_acf_changed":false},"product_brand":[],"product_cat":[763,20],"product_tag":[88,1015,1170,537],"class_list":{"0":"post-2399","1":"product","2":"type-product","3":"status-publish","4":"has-post-thumbnail","6":"product_cat-uruguay","7":"product_cat-sellos-usados","8":"product_tag-arquitectura","9":"product_tag-edificio","10":"product_tag-facultad","11":"product_tag-ingenieria","12":"thunk-woo-product-list","13":"opn-qv-enable","14":"open-woo-hover-zoom","15":"open-single-product-tab-horizontal","16":"open-shadow-","17":"open-shadow-hover-","19":"first","20":"instock","21":"sale","22":"shipping-taxable","23":"purchasable","24":"product-type-simple"},"acf":[],"jetpack_sharing_enabled":true,"_links":{"self":[{"href":"https:\/\/filatelia.cuentista.es\/en\/wp-json\/wp\/v2\/product\/2399","targetHints":{"allow":["GET"]}}],"collection":[{"href":"https:\/\/filatelia.cuentista.es\/en\/wp-json\/wp\/v2\/product"}],"about":[{"href":"https:\/\/filatelia.cuentista.es\/en\/wp-json\/wp\/v2\/types\/product"}],"replies":[{"embeddable":true,"href":"https:\/\/filatelia.cuentista.es\/en\/wp-json\/wp\/v2\/comments?post=2399"}],"wp:featuredmedia":[{"embeddable":true,"href":"https:\/\/filatelia.cuentista.es\/en\/wp-json\/wp\/v2\/media\/2398"}],"wp:attachment":[{"href":"https:\/\/filatelia.cuentista.es\/en\/wp-json\/wp\/v2\/media?parent=2399"}],"wp:term":[{"taxonomy":"product_brand","embeddable":true,"href":"https:\/\/filatelia.cuentista.es\/en\/wp-json\/wp\/v2\/product_brand?post=2399"},{"taxonomy":"product_cat","embeddable":true,"href":"https:\/\/filatelia.cuentista.es\/en\/wp-json\/wp\/v2\/product_cat?post=2399"},{"taxonomy":"product_tag","embeddable":true,"href":"https:\/\/filatelia.cuentista.es\/en\/wp-json\/wp\/v2\/product_tag?post=2399"}],"curies":[{"name":"wp","href":"https:\/\/api.w.org\/{rel}","templated":true}]}}