{"id":2391,"date":"2024-09-03T19:52:50","date_gmt":"2024-09-03T19:52:50","guid":{"rendered":"https:\/\/filatelia.cuentista.es\/product\/sello-uruguay-1970-domingo-arena-5-usado"},"modified":"2024-09-03T19:54:59","modified_gmt":"2024-09-03T19:54:59","slug":"sello-uruguay-1970-domingo-arena-5-usado","status":"publish","type":"product","link":"https:\/\/filatelia.cuentista.es\/en\/product\/sello-uruguay-1970-domingo-arena-5-usado","title":{"rendered":"Sello Uruguay 1970 &#8211; Domingo Arena &#8211; 5$ usado"},"content":{"rendered":"<p>Pa\u00eds:<\/p>\n<p>Uruguay<\/p>\n<p>Serie:<\/p>\n<p>Domingo Arena, birth Cent.<\/p>\n<p>C\u00f3digo de cat\u00e1logo:<\/p>\n<p>Michel UY 1199<\/p>\n<p>Stamp Number UY 794<\/p>\n<p>Yvert et Tellier UY 803<\/p>\n<p>Stanley Gibbons UY 1452<\/p>\n<p>Ciardi UY 803<\/p>\n<p>Tiene variantes menores: 1<\/p>\n<p>Temas:<\/p>\n<p>Abogados | Pol\u00edticos<\/p>\n<p>Fecha emisi\u00f3n:<\/p>\n<p>1971-05-04<\/p>\n<p>Colores:<\/p>\n<p>Carm\u00edn Marr\u00f3n<\/p>\n<p>Marca de agua:<\/p>\n<p>ROU en Sol [Up]<\/p>\n<p>Dise\u00f1adores:<\/p>\n<p>Angel Medina<\/p>\n<p>Impresores\/Imprentas:<\/p>\n<p>Imprenta Nacional, Montevideo<\/p>\n<p>Formato:<\/p>\n<p>Sello<\/p>\n<p>Emisi\u00f3n:<\/p>\n<p>Conmemorativo<\/p>\n<p>Perforaci\u00f3n:<\/p>\n<p>peine12<\/p>\n<p>Impresi\u00f3n:<\/p>\n<p>Litograf\u00eda offset<\/p>\n<p>Papel:<\/p>\n<p>Medium<\/p>\n<p>Valor facial:<\/p>\n<p>5 $ &#8211; Peso Uruguayo<\/p>\n<p>Tiraje:<\/p>\n<p>1.000.000<\/p>\n<p>Puntuaci\u00f3n:<\/p>\n<p>27% Precisi\u00f3n: Media<\/p>\n<p>Descripci\u00f3n:<\/p>\n<p>Impreso en hojas de 50 sellos.<\/p>\n<p>Painting by Antonio Sifredi.<\/p>\n<p>Domingo Arena (April 7, 1870 \u2013 May 3, 1939) was an Italian-Uruguayan lawyer, journalist and politician. Arena is considered one of the fundamental personalities of batllismo and the Colorado Party.<\/p>\n","protected":false},"excerpt":{"rendered":"<p>Pa\u00eds: Uruguay Serie: Domingo Arena, birth Cent. C\u00f3digo de cat\u00e1logo: Michel UY 1199 Stamp Number UY 794 Yvert et Tellier UY 803 Stanley Gibbons UY 1452 Ciardi UY 803 Tiene variantes menores: 1 Temas: Abogados | Pol\u00edticos Fecha emisi\u00f3n: 1971-05-04 Colores: Carm\u00edn Marr\u00f3n Marca de agua: ROU en Sol [Up] Dise\u00f1adores: Angel Medina Impresores\/Imprentas: Imprenta &hellip;<\/p>\n<p class=\"read-more\"> <a class=\" thunk-readmore button \" href=\"https:\/\/filatelia.cuentista.es\/en\/product\/sello-uruguay-1970-domingo-arena-5-usado\"> <span class=\"screen-reader-text\">Sello Uruguay 1970 &#8211; Domingo Arena &#8211; 5$ usado<\/span>Read More<\/a><\/p>\n","protected":false},"featured_media":2390,"comment_status":"open","ping_status":"closed","template":"","meta":{"_acf_changed":false},"product_brand":[],"product_cat":[763,20],"product_tag":[948],"class_list":{"0":"post-2391","1":"product","2":"type-product","3":"status-publish","4":"has-post-thumbnail","6":"product_cat-uruguay","7":"product_cat-sellos-usados","8":"product_tag-estadista","9":"thunk-woo-product-list","10":"opn-qv-enable","11":"open-woo-hover-zoom","12":"open-single-product-tab-horizontal","13":"open-shadow-","14":"open-shadow-hover-","16":"first","17":"instock","18":"sale","19":"shipping-taxable","20":"purchasable","21":"product-type-simple"},"acf":[],"jetpack_sharing_enabled":true,"_links":{"self":[{"href":"https:\/\/filatelia.cuentista.es\/en\/wp-json\/wp\/v2\/product\/2391","targetHints":{"allow":["GET"]}}],"collection":[{"href":"https:\/\/filatelia.cuentista.es\/en\/wp-json\/wp\/v2\/product"}],"about":[{"href":"https:\/\/filatelia.cuentista.es\/en\/wp-json\/wp\/v2\/types\/product"}],"replies":[{"embeddable":true,"href":"https:\/\/filatelia.cuentista.es\/en\/wp-json\/wp\/v2\/comments?post=2391"}],"wp:featuredmedia":[{"embeddable":true,"href":"https:\/\/filatelia.cuentista.es\/en\/wp-json\/wp\/v2\/media\/2390"}],"wp:attachment":[{"href":"https:\/\/filatelia.cuentista.es\/en\/wp-json\/wp\/v2\/media?parent=2391"}],"wp:term":[{"taxonomy":"product_brand","embeddable":true,"href":"https:\/\/filatelia.cuentista.es\/en\/wp-json\/wp\/v2\/product_brand?post=2391"},{"taxonomy":"product_cat","embeddable":true,"href":"https:\/\/filatelia.cuentista.es\/en\/wp-json\/wp\/v2\/product_cat?post=2391"},{"taxonomy":"product_tag","embeddable":true,"href":"https:\/\/filatelia.cuentista.es\/en\/wp-json\/wp\/v2\/product_tag?post=2391"}],"curies":[{"name":"wp","href":"https:\/\/api.w.org\/{rel}","templated":true}]}}