{"id":2383,"date":"2024-09-03T19:31:04","date_gmt":"2024-09-03T19:31:04","guid":{"rendered":"https:\/\/filatelia.cuentista.es\/product\/sello-uruguay-1969-centenario-ferrocarriles-6-usados"},"modified":"2024-09-03T19:33:42","modified_gmt":"2024-09-03T19:33:42","slug":"sello-uruguay-1969-centenario-ferrocarriles-6-usados","status":"publish","type":"product","link":"https:\/\/filatelia.cuentista.es\/en\/product\/sello-uruguay-1969-centenario-ferrocarriles-6-usados","title":{"rendered":"Sello Uruguay 1969 &#8211; Centenario Ferrocarriles &#8211; 6$ usados sobreimpreso IMPUESTO"},"content":{"rendered":"<p>Pa\u00eds:<\/p>\n<p>Uruguay<\/p>\n<p>Serie:<\/p>\n<p>Centenary of Uruguan Railways<\/p>\n<p>C\u00f3digo de cat\u00e1logo:<\/p>\n<p>Michel UY PK95<\/p>\n<p>Stamp Number UY Q103<\/p>\n<p>Yvert et Tellier UY CP103<\/p>\n<p>Stanley Gibbons UY P1508<\/p>\n<p>Ciardi UY E103<\/p>\n<p>Sobreimpreso:<\/p>\n<p>Click para ver sobreimpresiones y recargos<\/p>\n<p>Tiene variantes menores: 1<\/p>\n<p>Temas:<\/p>\n<p>Ferrocarriles | Locomotoras<\/p>\n<p>Fecha emisi\u00f3n:<\/p>\n<p>1972-11-06<\/p>\n<p>Colores:<\/p>\n<p>Negro<\/p>\n<p>Marca de agua:<\/p>\n<p>ROU en Sol [Up]<\/p>\n<p>Dise\u00f1adores:<\/p>\n<p>Angel Medina<\/p>\n<p>Impresores\/Imprentas:<\/p>\n<p>Imprenta Nacional, Montevideo<\/p>\n<p>Formato:<\/p>\n<p>Sello<\/p>\n<p>Emisi\u00f3n:<\/p>\n<p>Paquete Postal<\/p>\n<p>Perforaci\u00f3n:<\/p>\n<p>peine12<\/p>\n<p>Impresi\u00f3n:<\/p>\n<p>Litograf\u00eda offset<\/p>\n<p>Papel:<\/p>\n<p>ordinary<\/p>\n<p>Valor facial:<\/p>\n<p>1 $ &#8211; Peso Uruguayo<\/p>\n","protected":false},"excerpt":{"rendered":"<p>Pa\u00eds: Uruguay Serie: Centenary of Uruguan Railways C\u00f3digo de cat\u00e1logo: Michel UY PK95 Stamp Number UY Q103 Yvert et Tellier UY CP103 Stanley Gibbons UY P1508 Ciardi UY E103 Sobreimpreso: Click para ver sobreimpresiones y recargos Tiene variantes menores: 1 Temas: Ferrocarriles | Locomotoras Fecha emisi\u00f3n: 1972-11-06 Colores: Negro Marca de agua: ROU en Sol &hellip;<\/p>\n<p class=\"read-more\"> <a class=\"thunk-readmore button\" href=\"https:\/\/filatelia.cuentista.es\/en\/product\/sello-uruguay-1969-centenario-ferrocarriles-6-usados\"> <span class=\"screen-reader-text\">Sello Uruguay 1969 &#8211; Centenario Ferrocarriles &#8211; 6$ usados sobreimpreso IMPUESTO<\/span>Read More<\/a><\/p>","protected":false},"featured_media":2382,"comment_status":"open","ping_status":"closed","template":"","meta":{"_acf_changed":false},"product_brand":[],"product_cat":[774,763,20],"product_tag":[114,794],"class_list":{"0":"post-2383","1":"product","2":"type-product","3":"status-publish","4":"has-post-thumbnail","6":"product_cat-sobrecargado","7":"product_cat-uruguay","8":"product_cat-sellos-usados","9":"product_tag-ferrocarril","10":"product_tag-locomotora","11":"thunk-woo-product-list","12":"opn-qv-enable","13":"open-woo-hover-zoom","14":"open-single-product-tab-horizontal","15":"open-shadow-","16":"open-shadow-hover-","18":"first","19":"instock","20":"sale","21":"shipping-taxable","22":"purchasable","23":"product-type-simple"},"acf":[],"jetpack_sharing_enabled":true,"_links":{"self":[{"href":"https:\/\/filatelia.cuentista.es\/en\/wp-json\/wp\/v2\/product\/2383","targetHints":{"allow":["GET"]}}],"collection":[{"href":"https:\/\/filatelia.cuentista.es\/en\/wp-json\/wp\/v2\/product"}],"about":[{"href":"https:\/\/filatelia.cuentista.es\/en\/wp-json\/wp\/v2\/types\/product"}],"replies":[{"embeddable":true,"href":"https:\/\/filatelia.cuentista.es\/en\/wp-json\/wp\/v2\/comments?post=2383"}],"wp:featuredmedia":[{"embeddable":true,"href":"https:\/\/filatelia.cuentista.es\/en\/wp-json\/wp\/v2\/media\/2382"}],"wp:attachment":[{"href":"https:\/\/filatelia.cuentista.es\/en\/wp-json\/wp\/v2\/media?parent=2383"}],"wp:term":[{"taxonomy":"product_brand","embeddable":true,"href":"https:\/\/filatelia.cuentista.es\/en\/wp-json\/wp\/v2\/product_brand?post=2383"},{"taxonomy":"product_cat","embeddable":true,"href":"https:\/\/filatelia.cuentista.es\/en\/wp-json\/wp\/v2\/product_cat?post=2383"},{"taxonomy":"product_tag","embeddable":true,"href":"https:\/\/filatelia.cuentista.es\/en\/wp-json\/wp\/v2\/product_tag?post=2383"}],"curies":[{"name":"wp","href":"https:\/\/api.w.org\/{rel}","templated":true}]}}