{"id":2377,"date":"2024-09-03T19:17:54","date_gmt":"2024-09-03T19:17:54","guid":{"rendered":"https:\/\/filatelia.cuentista.es\/product\/sello-uruguay-riqueza-agropecuaria-5-2"},"modified":"2024-09-03T19:20:23","modified_gmt":"2024-09-03T19:20:23","slug":"sello-uruguay-riqueza-agropecuaria-5-2","status":"publish","type":"product","link":"https:\/\/filatelia.cuentista.es\/en\/product\/sello-uruguay-riqueza-agropecuaria-5-2","title":{"rendered":"Sello Uruguay 1967 &#8211; Riqueza Agropecuaria &#8211; 5$"},"content":{"rendered":"<p>Pa\u00eds:<\/p>\n<p>Uruguay<\/p>\n<p>Serie:<\/p>\n<p>Agricultura<\/p>\n<p>C\u00f3digo de cat\u00e1logo:<\/p>\n<p>Michel UY 1072<\/p>\n<p>Stamp Number UY C306<\/p>\n<p>Yvert et Tellier UY PA310<\/p>\n<p>Stanley Gibbons UY 1325<\/p>\n<p>Ciardi UY A310<\/p>\n<p>Tiene variantes menores: 1<\/p>\n<p>Temas:<\/p>\n<p>Agricultura | Animales (Fauna) | Mam\u00edferos | Ovejas<\/p>\n<p>Fecha emisi\u00f3n:<\/p>\n<p>1967-04-05<\/p>\n<p>Tama\u00f1o:<\/p>\n<p>42 x 30 mm<\/p>\n<p>Colores:<\/p>\n<p>Azul | Gris<\/p>\n<p>Marca de agua:<\/p>\n<p>ROU en Sol [Up]<\/p>\n<p>Dise\u00f1adores:<\/p>\n<p>Angel Medina<\/p>\n<p>Impresores\/Imprentas:<\/p>\n<p>Imprenta Nacional, Montevideo<\/p>\n<p>Formato:<\/p>\n<p>Sello<\/p>\n<p>Emisi\u00f3n:<\/p>\n<p>Correo A\u00e9reo<\/p>\n<p>Perforaci\u00f3n:<\/p>\n<p>peine12<\/p>\n<p>Impresi\u00f3n:<\/p>\n<p>Litograf\u00eda offset<\/p>\n<p>Papel:<\/p>\n<p>fine, ordinary<\/p>\n<p>Valor facial:<\/p>\n<p>5 $ &#8211; Peso Uruguayo<\/p>\n<p>Tiraje:<\/p>\n<p>1.000.000<\/p>\n","protected":false},"excerpt":{"rendered":"<p>Pa\u00eds: Uruguay Serie: Agricultura C\u00f3digo de cat\u00e1logo: Michel UY 1072 Stamp Number UY C306 Yvert et Tellier UY PA310 Stanley Gibbons UY 1325 Ciardi UY A310 Tiene variantes menores: 1 Temas: Agricultura | Animales (Fauna) | Mam\u00edferos | Ovejas Fecha emisi\u00f3n: 1967-04-05 Tama\u00f1o: 42 x 30 mm Colores: Azul | Gris Marca de agua: ROU &hellip;<\/p>\n<p class=\"read-more\"> <a class=\"thunk-readmore button\" href=\"https:\/\/filatelia.cuentista.es\/en\/product\/sello-uruguay-riqueza-agropecuaria-5-2\"> <span class=\"screen-reader-text\">Sello Uruguay 1967 &#8211; Riqueza Agropecuaria &#8211; 5$<\/span>Read More<\/a><\/p>","protected":false},"featured_media":2375,"comment_status":"open","ping_status":"closed","template":"","meta":{"_acf_changed":false},"product_brand":[],"product_cat":[763,20],"product_tag":[1139,945,1161],"class_list":{"0":"post-2377","1":"product","2":"type-product","3":"status-publish","4":"has-post-thumbnail","6":"product_cat-uruguay","7":"product_cat-sellos-usados","8":"product_tag-animal","9":"product_tag-fauna","10":"product_tag-oveja","11":"thunk-woo-product-list","12":"opn-qv-enable","13":"open-woo-hover-zoom","14":"open-single-product-tab-horizontal","15":"open-shadow-","16":"open-shadow-hover-","18":"first","19":"instock","20":"sale","21":"shipping-taxable","22":"purchasable","23":"product-type-simple"},"acf":[],"jetpack_sharing_enabled":true,"_links":{"self":[{"href":"https:\/\/filatelia.cuentista.es\/en\/wp-json\/wp\/v2\/product\/2377","targetHints":{"allow":["GET"]}}],"collection":[{"href":"https:\/\/filatelia.cuentista.es\/en\/wp-json\/wp\/v2\/product"}],"about":[{"href":"https:\/\/filatelia.cuentista.es\/en\/wp-json\/wp\/v2\/types\/product"}],"replies":[{"embeddable":true,"href":"https:\/\/filatelia.cuentista.es\/en\/wp-json\/wp\/v2\/comments?post=2377"}],"wp:featuredmedia":[{"embeddable":true,"href":"https:\/\/filatelia.cuentista.es\/en\/wp-json\/wp\/v2\/media\/2375"}],"wp:attachment":[{"href":"https:\/\/filatelia.cuentista.es\/en\/wp-json\/wp\/v2\/media?parent=2377"}],"wp:term":[{"taxonomy":"product_brand","embeddable":true,"href":"https:\/\/filatelia.cuentista.es\/en\/wp-json\/wp\/v2\/product_brand?post=2377"},{"taxonomy":"product_cat","embeddable":true,"href":"https:\/\/filatelia.cuentista.es\/en\/wp-json\/wp\/v2\/product_cat?post=2377"},{"taxonomy":"product_tag","embeddable":true,"href":"https:\/\/filatelia.cuentista.es\/en\/wp-json\/wp\/v2\/product_tag?post=2377"}],"curies":[{"name":"wp","href":"https:\/\/api.w.org\/{rel}","templated":true}]}}