{"id":2374,"date":"2024-09-03T18:05:16","date_gmt":"2024-09-03T18:05:16","guid":{"rendered":"https:\/\/filatelia.cuentista.es\/product\/sello-uruguay-1967-sir-robert-biden-powell-9-usado"},"modified":"2024-09-03T18:07:20","modified_gmt":"2024-09-03T18:07:20","slug":"sello-uruguay-1967-sir-robert-biden-powell-9-usado","status":"publish","type":"product","link":"https:\/\/filatelia.cuentista.es\/en\/product\/sello-uruguay-1967-sir-robert-biden-powell-9-usado","title":{"rendered":"Sello Uruguay 1967 &#8211; Sir Robert Baden Powell &#8211; 9$ usado"},"content":{"rendered":"<p>Pa\u00eds:<\/p>\n<p>Uruguay<\/p>\n<p>Serie:<\/p>\n<p>Scout Movement of Uruguay, 20th Anniv.<\/p>\n<p>C\u00f3digo de cat\u00e1logo:<\/p>\n<p>Michel UY 1109<\/p>\n<p>Stamp Number UY C333<\/p>\n<p>Yvert et Tellier UY PA333<\/p>\n<p>Stanley Gibbons UY 1362<\/p>\n<p>Ciardi UY A333<\/p>\n<p>Tiene variantes menores: 1<\/p>\n<p>Temas:<\/p>\n<p>Movimiento Scout<\/p>\n<p>Fecha emisi\u00f3n:<\/p>\n<p>1968-01-24<\/p>\n<p>Colores:<\/p>\n<p>Marr\u00f3n | Marr\u00f3n Oliva | Salm\u00f3n<\/p>\n<p>Marca de agua:<\/p>\n<p>ROU en Sol [Up]<\/p>\n<p>Dise\u00f1adores:<\/p>\n<p>Angel Medina<\/p>\n<p>Impresores\/Imprentas:<\/p>\n<p>Imprenta Nacional, Montevideo<\/p>\n<p>Formato:<\/p>\n<p>Sello<\/p>\n<p>Emisi\u00f3n:<\/p>\n<p>Correo A\u00e9reo<\/p>\n<p>Perforaci\u00f3n:<\/p>\n<p>peine12<\/p>\n<p>Impresi\u00f3n:<\/p>\n<p>Litograf\u00eda offset<\/p>\n<p>Papel:<\/p>\n<p>fine<\/p>\n<p>Valor facial:<\/p>\n<p>9 $ &#8211; Peso Uruguayo<\/p>\n<p>Tiraje:<\/p>\n<p>1.000.000<\/p>\n","protected":false},"excerpt":{"rendered":"<p>Pa\u00eds: Uruguay Serie: Scout Movement of Uruguay, 20th Anniv. C\u00f3digo de cat\u00e1logo: Michel UY 1109 Stamp Number UY C333 Yvert et Tellier UY PA333 Stanley Gibbons UY 1362 Ciardi UY A333 Tiene variantes menores: 1 Temas: Movimiento Scout Fecha emisi\u00f3n: 1968-01-24 Colores: Marr\u00f3n | Marr\u00f3n Oliva | Salm\u00f3n Marca de agua: ROU en Sol [Up] &hellip;<\/p>\n<p class=\"read-more\"> <a class=\" thunk-readmore button \" href=\"https:\/\/filatelia.cuentista.es\/en\/product\/sello-uruguay-1967-sir-robert-biden-powell-9-usado\"> <span class=\"screen-reader-text\">Sello Uruguay 1967 &#8211; Sir Robert Baden Powell &#8211; 9$ usado<\/span>Read More<\/a><\/p>\n","protected":false},"featured_media":2373,"comment_status":"open","ping_status":"closed","template":"","meta":{"_acf_changed":false},"product_brand":[],"product_cat":[763,20],"product_tag":[1159,1160],"class_list":{"0":"post-2374","1":"product","2":"type-product","3":"status-publish","4":"has-post-thumbnail","6":"product_cat-uruguay","7":"product_cat-sellos-usados","8":"product_tag-boy-scouts","9":"product_tag-movimiento-scout","10":"thunk-woo-product-list","11":"opn-qv-enable","12":"open-woo-hover-zoom","13":"open-single-product-tab-horizontal","14":"open-shadow-","15":"open-shadow-hover-","17":"first","18":"instock","19":"sale","20":"shipping-taxable","21":"purchasable","22":"product-type-simple"},"acf":[],"jetpack_sharing_enabled":true,"_links":{"self":[{"href":"https:\/\/filatelia.cuentista.es\/en\/wp-json\/wp\/v2\/product\/2374","targetHints":{"allow":["GET"]}}],"collection":[{"href":"https:\/\/filatelia.cuentista.es\/en\/wp-json\/wp\/v2\/product"}],"about":[{"href":"https:\/\/filatelia.cuentista.es\/en\/wp-json\/wp\/v2\/types\/product"}],"replies":[{"embeddable":true,"href":"https:\/\/filatelia.cuentista.es\/en\/wp-json\/wp\/v2\/comments?post=2374"}],"wp:featuredmedia":[{"embeddable":true,"href":"https:\/\/filatelia.cuentista.es\/en\/wp-json\/wp\/v2\/media\/2373"}],"wp:attachment":[{"href":"https:\/\/filatelia.cuentista.es\/en\/wp-json\/wp\/v2\/media?parent=2374"}],"wp:term":[{"taxonomy":"product_brand","embeddable":true,"href":"https:\/\/filatelia.cuentista.es\/en\/wp-json\/wp\/v2\/product_brand?post=2374"},{"taxonomy":"product_cat","embeddable":true,"href":"https:\/\/filatelia.cuentista.es\/en\/wp-json\/wp\/v2\/product_cat?post=2374"},{"taxonomy":"product_tag","embeddable":true,"href":"https:\/\/filatelia.cuentista.es\/en\/wp-json\/wp\/v2\/product_tag?post=2374"}],"curies":[{"name":"wp","href":"https:\/\/api.w.org\/{rel}","templated":true}]}}