{"id":2367,"date":"2024-09-03T17:43:40","date_gmt":"2024-09-03T17:43:40","guid":{"rendered":"https:\/\/filatelia.cuentista.es\/product\/sello-uruguay-1960-revolucion-de-mayo-5c-nuevo"},"modified":"2024-09-03T17:45:46","modified_gmt":"2024-09-03T17:45:46","slug":"sello-uruguay-1960-revolucion-de-mayo-5c-nuevo","status":"publish","type":"product","link":"https:\/\/filatelia.cuentista.es\/en\/product\/sello-uruguay-1960-revolucion-de-mayo-5c-nuevo","title":{"rendered":"Sello Uruguay  1960 &#8211;  Revoluci\u00f3n de Mayo &#8211; 5c. Usado"},"content":{"rendered":"<p>Pa\u00eds:<\/p>\n<p>Uruguay<\/p>\n<p>Serie:<\/p>\n<p>Revolution of May 1810, 150 Years (1960)<\/p>\n<p>C\u00f3digo de cat\u00e1logo:<\/p>\n<p>Michel UY 891<\/p>\n<p>Stamp Number UY 658<\/p>\n<p>Yvert et Tellier UY 680<\/p>\n<p>Stanley Gibbons UY 1154<\/p>\n<p>Ciardi UY 680<\/p>\n<p>Tiene variantes menores: 2<\/p>\n<p>Temas:<\/p>\n<p>Edificios Gubernamentales | Personas | Plantas Estilizadas | Revolucionarios | Revoluciones<\/p>\n<p>Fecha emisi\u00f3n:<\/p>\n<p>1960-11-04<\/p>\n<p>Tama\u00f1o:<\/p>\n<p>42 x 31 mm<\/p>\n<p>Colores:<\/p>\n<p>Azul | Negro<\/p>\n<p>Marca de agua:<\/p>\n<p>ROU en Sol [Up]<\/p>\n<p>Impresores\/Imprentas:<\/p>\n<p>Imprenta Nacional, Montevideo<\/p>\n<p>Formato:<\/p>\n<p>Sello<\/p>\n<p>Emisi\u00f3n:<\/p>\n<p>Conmemorativo<\/p>\n<p>Perforaci\u00f3n:<\/p>\n<p>12<\/p>\n<p>Impresi\u00f3n:<\/p>\n<p>Litograf\u00eda offset<\/p>\n<p>Papel:<\/p>\n<p>white, medium<\/p>\n<p>Valor facial:<\/p>\n<p>5 Cent\u00e9simo Uruguayo<\/p>\n<p>Tiraje:<\/p>\n<p>3.000.000<\/p>\n","protected":false},"excerpt":{"rendered":"<p>Pa\u00eds: Uruguay Serie: Revolution of May 1810, 150 Years (1960) C\u00f3digo de cat\u00e1logo: Michel UY 891 Stamp Number UY 658 Yvert et Tellier UY 680 Stanley Gibbons UY 1154 Ciardi UY 680 Tiene variantes menores: 2 Temas: Edificios Gubernamentales | Personas | Plantas Estilizadas | Revolucionarios | Revoluciones Fecha emisi\u00f3n: 1960-11-04 Tama\u00f1o: 42 x 31 &hellip;<\/p>\n<p class=\"read-more\"> <a class=\"thunk-readmore button\" href=\"https:\/\/filatelia.cuentista.es\/en\/product\/sello-uruguay-1960-revolucion-de-mayo-5c-nuevo\"> <span class=\"screen-reader-text\">Sello Uruguay  1960 &#8211;  Revoluci\u00f3n de Mayo &#8211; 5c. Usado<\/span>Read More<\/a><\/p>","protected":false},"featured_media":2366,"comment_status":"open","ping_status":"closed","template":"","meta":{"_acf_changed":false},"product_brand":[],"product_cat":[763,20],"product_tag":[1080,53],"class_list":{"0":"post-2367","1":"product","2":"type-product","3":"status-publish","4":"has-post-thumbnail","6":"product_cat-uruguay","7":"product_cat-sellos-usados","8":"product_tag-cabildo","9":"product_tag-independencia","10":"thunk-woo-product-list","11":"opn-qv-enable","12":"open-woo-hover-zoom","13":"open-single-product-tab-horizontal","14":"open-shadow-","15":"open-shadow-hover-","17":"first","18":"instock","19":"sale","20":"shipping-taxable","21":"purchasable","22":"product-type-simple"},"acf":[],"jetpack_sharing_enabled":true,"_links":{"self":[{"href":"https:\/\/filatelia.cuentista.es\/en\/wp-json\/wp\/v2\/product\/2367","targetHints":{"allow":["GET"]}}],"collection":[{"href":"https:\/\/filatelia.cuentista.es\/en\/wp-json\/wp\/v2\/product"}],"about":[{"href":"https:\/\/filatelia.cuentista.es\/en\/wp-json\/wp\/v2\/types\/product"}],"replies":[{"embeddable":true,"href":"https:\/\/filatelia.cuentista.es\/en\/wp-json\/wp\/v2\/comments?post=2367"}],"wp:featuredmedia":[{"embeddable":true,"href":"https:\/\/filatelia.cuentista.es\/en\/wp-json\/wp\/v2\/media\/2366"}],"wp:attachment":[{"href":"https:\/\/filatelia.cuentista.es\/en\/wp-json\/wp\/v2\/media?parent=2367"}],"wp:term":[{"taxonomy":"product_brand","embeddable":true,"href":"https:\/\/filatelia.cuentista.es\/en\/wp-json\/wp\/v2\/product_brand?post=2367"},{"taxonomy":"product_cat","embeddable":true,"href":"https:\/\/filatelia.cuentista.es\/en\/wp-json\/wp\/v2\/product_cat?post=2367"},{"taxonomy":"product_tag","embeddable":true,"href":"https:\/\/filatelia.cuentista.es\/en\/wp-json\/wp\/v2\/product_tag?post=2367"}],"curies":[{"name":"wp","href":"https:\/\/api.w.org\/{rel}","templated":true}]}}