{"id":2357,"date":"2024-09-03T04:01:41","date_gmt":"2024-09-03T04:01:41","guid":{"rendered":"https:\/\/filatelia.cuentista.es\/product\/sello-uruguay-homenaje-benito-nardone-20c-usado"},"modified":"2024-12-15T20:57:50","modified_gmt":"2024-12-15T20:57:50","slug":"sello-uruguay-homenaje-benito-nardone-20c-usado","status":"publish","type":"product","link":"https:\/\/filatelia.cuentista.es\/en\/product\/sello-uruguay-homenaje-benito-nardone-20c-usado","title":{"rendered":"Sello Uruguay  1965 &#8211; Homenaje Benito Nardone &#8211; 20c. Usado"},"content":{"rendered":"<p>Pa\u00eds:<\/p>\n<p>Uruguay<\/p>\n<p>Serie:<\/p>\n<p>First deathday of Benito Nardone<\/p>\n<p>C\u00f3digo de cat\u00e1logo:<\/p>\n<p>Michel UY 1003<\/p>\n<p>Stamp Number UY 717<\/p>\n<p>Yvert et Tellier UY 727<\/p>\n<p>Stanley Gibbons UY 1259<\/p>\n<p>Ciardi UY 727<\/p>\n<p>Tiene variantes menores: 1<\/p>\n<p>Temas:<\/p>\n<p>Jefes de Estado | Periodistas | Pol\u00edticos<\/p>\n<p>Fecha emisi\u00f3n:<\/p>\n<p>1965-03-25<\/p>\n<p>Tama\u00f1o:<\/p>\n<p>38 x 28 mm<\/p>\n<p>Colores:<\/p>\n<p>Negro | Verde<\/p>\n<p>Marca de agua:<\/p>\n<p>ROU en Sol [Up]<\/p>\n<p>Dise\u00f1adores:<\/p>\n<p>Angel Medina<\/p>\n<p>Impresores\/Imprentas:<\/p>\n<p>Imprenta Nacional, Montevideo<\/p>\n<p>Formato:<\/p>\n<p>Sello<\/p>\n<p>Emisi\u00f3n:<\/p>\n<p>Conmemorativo<\/p>\n<p>Perforaci\u00f3n:<\/p>\n<p>peine12<\/p>\n<p>Impresi\u00f3n:<\/p>\n<p>Litograf\u00eda offset<\/p>\n<p>Papel:<\/p>\n<p>Medium<\/p>\n<p>Valor facial:<\/p>\n<p>20 Cent\u00e9simo Uruguayo<\/p>\n<p>Tiraje:<\/p>\n<p>1.000.000<\/p>\n<p>Puntuaci\u00f3n:<\/p>\n<p>14% Precisi\u00f3n: Alta<\/p>\n<p>Descripci\u00f3n:<\/p>\n<p>Impreso en hojas de 50 sellos.<\/p>\n<p>Benito Nardone Cetrulo (November 22, 1906 \u2013 March 25, 1964) was a Uruguayan journalist and political figure.In 1960 Nardone&#8217;s Blanco Party colleague Mart\u00edn Echegoyen stepped down as President of the National Council of Government, so Nardone succeeded Echegoyen as president, remaining in charge until 1961.<\/p>\n","protected":false},"excerpt":{"rendered":"<p>Pa\u00eds: Uruguay Serie: First deathday of Benito Nardone C\u00f3digo de cat\u00e1logo: Michel UY 1003 Stamp Number UY 717 Yvert et Tellier UY 727 Stanley Gibbons UY 1259 Ciardi UY 727 Tiene variantes menores: 1 Temas: Jefes de Estado | Periodistas | Pol\u00edticos Fecha emisi\u00f3n: 1965-03-25 Tama\u00f1o: 38 x 28 mm Colores: Negro | Verde Marca &hellip;<\/p>\n<p class=\"read-more\"> <a class=\"thunk-readmore button\" href=\"https:\/\/filatelia.cuentista.es\/en\/product\/sello-uruguay-homenaje-benito-nardone-20c-usado\"> <span class=\"screen-reader-text\">Sello Uruguay  1965 &#8211; Homenaje Benito Nardone &#8211; 20c. Usado<\/span>Read More<\/a><\/p>","protected":false},"featured_media":2356,"comment_status":"open","ping_status":"closed","template":"","meta":{"_acf_changed":false},"product_brand":[],"product_cat":[763,20],"product_tag":[1047,985],"class_list":{"0":"post-2357","1":"product","2":"type-product","3":"status-publish","4":"has-post-thumbnail","6":"product_cat-uruguay","7":"product_cat-sellos-usados","8":"product_tag-periodista","9":"product_tag-presidente","10":"thunk-woo-product-list","11":"opn-qv-enable","12":"open-woo-hover-zoom","13":"open-single-product-tab-horizontal","14":"open-shadow-","15":"open-shadow-hover-","17":"first","18":"instock","19":"sale","20":"shipping-taxable","21":"purchasable","22":"product-type-simple"},"acf":[],"jetpack_sharing_enabled":true,"_links":{"self":[{"href":"https:\/\/filatelia.cuentista.es\/en\/wp-json\/wp\/v2\/product\/2357","targetHints":{"allow":["GET"]}}],"collection":[{"href":"https:\/\/filatelia.cuentista.es\/en\/wp-json\/wp\/v2\/product"}],"about":[{"href":"https:\/\/filatelia.cuentista.es\/en\/wp-json\/wp\/v2\/types\/product"}],"replies":[{"embeddable":true,"href":"https:\/\/filatelia.cuentista.es\/en\/wp-json\/wp\/v2\/comments?post=2357"}],"wp:featuredmedia":[{"embeddable":true,"href":"https:\/\/filatelia.cuentista.es\/en\/wp-json\/wp\/v2\/media\/2356"}],"wp:attachment":[{"href":"https:\/\/filatelia.cuentista.es\/en\/wp-json\/wp\/v2\/media?parent=2357"}],"wp:term":[{"taxonomy":"product_brand","embeddable":true,"href":"https:\/\/filatelia.cuentista.es\/en\/wp-json\/wp\/v2\/product_brand?post=2357"},{"taxonomy":"product_cat","embeddable":true,"href":"https:\/\/filatelia.cuentista.es\/en\/wp-json\/wp\/v2\/product_cat?post=2357"},{"taxonomy":"product_tag","embeddable":true,"href":"https:\/\/filatelia.cuentista.es\/en\/wp-json\/wp\/v2\/product_tag?post=2357"}],"curies":[{"name":"wp","href":"https:\/\/api.w.org\/{rel}","templated":true}]}}