{"id":2353,"date":"2024-09-02T21:02:06","date_gmt":"2024-09-02T21:02:06","guid":{"rendered":"https:\/\/filatelia.cuentista.es\/product\/sello-uruguay-1982-aniversario-cruz-roja-30-centimos-usado"},"modified":"2024-09-06T20:20:50","modified_gmt":"2024-09-06T20:20:50","slug":"sello-uruguay-1982-aniversario-cruz-roja-30-centimos-usado","status":"publish","type":"product","link":"https:\/\/filatelia.cuentista.es\/en\/product\/sello-uruguay-1982-aniversario-cruz-roja-30-centimos-usado","title":{"rendered":"Sello Uruguay 1972 &#8211; Aniversario Cruz Roja- 30 c\u00e9ntimos usado"},"content":{"rendered":"<p>Pa\u00eds:<\/p>\n<p>Uruguay<\/p>\n<p>Serie:<\/p>\n<p>Uruguayan red cross, 75th anniv.<\/p>\n<p>C\u00f3digo de cat\u00e1logo:<\/p>\n<p>Michel UY 1255<\/p>\n<p>Stamp Number UY 833<\/p>\n<p>Yvert et Tellier UY 840<\/p>\n<p>Stanley Gibbons UY 1511<\/p>\n<p>Ciardi UY 840<\/p>\n<p>Tiene variantes menores: 2<\/p>\n<p>Temas:<\/p>\n<p>Cruz Roja | Mapas<\/p>\n<p>Fecha emisi\u00f3n:<\/p>\n<p>1972-12-11<\/p>\n<p>Colores:<\/p>\n<p>Multicolor<\/p>\n<p>Marca de agua:<\/p>\n<p>ROU en Sol [Up]<\/p>\n<p>Dise\u00f1adores:<\/p>\n<p>Angel Medina<\/p>\n<p>Impresores\/Imprentas:<\/p>\n<p>Imprenta Nacional, Montevideo<\/p>\n<p>Formato:<\/p>\n<p>Sello<\/p>\n<p>Emisi\u00f3n:<\/p>\n<p>Conmemorativo<\/p>\n<p>Perforaci\u00f3n:<\/p>\n<p>peine12<\/p>\n<p>Impresi\u00f3n:<\/p>\n<p>Litograf\u00eda offset<\/p>\n<p>Papel:<\/p>\n<p>Medium<\/p>\n<p>Valor facial:<\/p>\n<p>30 $ &#8211; Peso Uruguayo<\/p>\n<p>Tiraje:<\/p>\n<p>1.000.000<\/p>\n","protected":false},"excerpt":{"rendered":"<p>Pa\u00eds: Uruguay Serie: Uruguayan red cross, 75th anniv. C\u00f3digo de cat\u00e1logo: Michel UY 1255 Stamp Number UY 833 Yvert et Tellier UY 840 Stanley Gibbons UY 1511 Ciardi UY 840 Tiene variantes menores: 2 Temas: Cruz Roja | Mapas Fecha emisi\u00f3n: 1972-12-11 Colores: Multicolor Marca de agua: ROU en Sol [Up] Dise\u00f1adores: Angel Medina Impresores\/Imprentas: &hellip;<\/p>\n<p class=\"read-more\"> <a class=\" thunk-readmore button \" href=\"https:\/\/filatelia.cuentista.es\/en\/product\/sello-uruguay-1982-aniversario-cruz-roja-30-centimos-usado\"> <span class=\"screen-reader-text\">Sello Uruguay 1972 &#8211; Aniversario Cruz Roja- 30 c\u00e9ntimos usado<\/span>Read More<\/a><\/p>\n","protected":false},"featured_media":2352,"comment_status":"open","ping_status":"closed","template":"","meta":{"_acf_changed":false},"product_brand":[],"product_cat":[763,20],"product_tag":[1150],"class_list":{"0":"post-2353","1":"product","2":"type-product","3":"status-publish","4":"has-post-thumbnail","6":"product_cat-uruguay","7":"product_cat-sellos-usados","8":"product_tag-cruz-roja","9":"thunk-woo-product-list","10":"opn-qv-enable","11":"open-woo-hover-zoom","12":"open-single-product-tab-horizontal","13":"open-shadow-","14":"open-shadow-hover-","16":"first","17":"instock","18":"sale","19":"shipping-taxable","20":"purchasable","21":"product-type-simple"},"acf":[],"jetpack_sharing_enabled":true,"_links":{"self":[{"href":"https:\/\/filatelia.cuentista.es\/en\/wp-json\/wp\/v2\/product\/2353","targetHints":{"allow":["GET"]}}],"collection":[{"href":"https:\/\/filatelia.cuentista.es\/en\/wp-json\/wp\/v2\/product"}],"about":[{"href":"https:\/\/filatelia.cuentista.es\/en\/wp-json\/wp\/v2\/types\/product"}],"replies":[{"embeddable":true,"href":"https:\/\/filatelia.cuentista.es\/en\/wp-json\/wp\/v2\/comments?post=2353"}],"wp:featuredmedia":[{"embeddable":true,"href":"https:\/\/filatelia.cuentista.es\/en\/wp-json\/wp\/v2\/media\/2352"}],"wp:attachment":[{"href":"https:\/\/filatelia.cuentista.es\/en\/wp-json\/wp\/v2\/media?parent=2353"}],"wp:term":[{"taxonomy":"product_brand","embeddable":true,"href":"https:\/\/filatelia.cuentista.es\/en\/wp-json\/wp\/v2\/product_brand?post=2353"},{"taxonomy":"product_cat","embeddable":true,"href":"https:\/\/filatelia.cuentista.es\/en\/wp-json\/wp\/v2\/product_cat?post=2353"},{"taxonomy":"product_tag","embeddable":true,"href":"https:\/\/filatelia.cuentista.es\/en\/wp-json\/wp\/v2\/product_tag?post=2353"}],"curies":[{"name":"wp","href":"https:\/\/api.w.org\/{rel}","templated":true}]}}