{"id":2349,"date":"2024-09-02T20:55:10","date_gmt":"2024-09-02T20:55:10","guid":{"rendered":"https:\/\/filatelia.cuentista.es\/product\/sello-uruguay-1919-monumento-a-rodo-2cents-usado"},"modified":"2024-09-02T20:57:28","modified_gmt":"2024-09-02T20:57:28","slug":"sello-uruguay-1919-monumento-a-rodo-2cents-usado","status":"publish","type":"product","link":"https:\/\/filatelia.cuentista.es\/en\/product\/sello-uruguay-1919-monumento-a-rodo-2cents-usado","title":{"rendered":"Sello Uruguay 1949 &#8211; Monumento a Rod\u00f3- 2cents Usado"},"content":{"rendered":"<p>Pa\u00eds:<\/p>\n<p>Uruguay<\/p>\n<p>Serie:<\/p>\n<p>Monument of Jos\u00e9 Enrique Rod\u00f3<\/p>\n<p>C\u00f3digo de cat\u00e1logo:<\/p>\n<p>Michel UY 730<\/p>\n<p>Stamp Number UY 557<\/p>\n<p>Yvert et Tellier UY 584<\/p>\n<p>Stanley Gibbons UY 979<\/p>\n<p>Ciardi UY 584<\/p>\n<p>Tiene variantes menores: 1<\/p>\n<p>Temas:<\/p>\n<p>Estatuas | Gente de Letras (escritores y poetas) | Monumentos<\/p>\n<p>Fecha emisi\u00f3n:<\/p>\n<p>1948-01-30<\/p>\n<p>Colores:<\/p>\n<p>Marr\u00f3n | Violeta<\/p>\n<p>Marca de agua:<\/p>\n<p>Sin Marca de agua<\/p>\n<p>Impresores\/Imprentas:<\/p>\n<p>Waterlow &amp; Sons Ltd<\/p>\n<p>Formato:<\/p>\n<p>Sello<\/p>\n<p>Emisi\u00f3n:<\/p>\n<p>Conmemorativo<\/p>\n<p>Perforaci\u00f3n:<\/p>\n<p>12\u00bd<\/p>\n<p>Impresi\u00f3n:<\/p>\n<p>Rebaje<\/p>\n<p>Papel:<\/p>\n<p>Medium<\/p>\n<p>Valor facial:<\/p>\n<p>2 Cent\u00e9simo Uruguayo<\/p>\n<p>Tiraje:<\/p>\n<p>2.000.000<\/p>","protected":false},"excerpt":{"rendered":"<p>Pa\u00eds: Uruguay Serie: Monument of Jos\u00e9 Enrique Rod\u00f3 C\u00f3digo de cat\u00e1logo: Michel UY 730 Stamp Number UY 557 Yvert et Tellier UY 584 Stanley Gibbons UY 979 Ciardi UY 584 Tiene variantes menores: 1 Temas: Estatuas | Gente de Letras (escritores y poetas) | Monumentos Fecha emisi\u00f3n: 1948-01-30 Colores: Marr\u00f3n | Violeta Marca de agua: &hellip;<\/p>\n<p class=\"read-more\"> <a class=\"thunk-readmore button\" href=\"https:\/\/filatelia.cuentista.es\/en\/product\/sello-uruguay-1919-monumento-a-rodo-2cents-usado\"> <span class=\"screen-reader-text\">Sello Uruguay 1949 &#8211; Monumento a Rod\u00f3- 2cents Usado<\/span>Read More<\/a><\/p>","protected":false},"featured_media":2348,"comment_status":"open","ping_status":"closed","template":"","meta":{"_acf_changed":false},"product_brand":[],"product_cat":[763,20],"product_tag":[],"class_list":{"0":"post-2349","1":"product","2":"type-product","3":"status-publish","4":"has-post-thumbnail","6":"product_cat-uruguay","7":"product_cat-sellos-usados","8":"thunk-woo-product-list","9":"opn-qv-enable","10":"open-woo-hover-zoom","11":"open-single-product-tab-horizontal","12":"open-shadow-","13":"open-shadow-hover-","15":"first","16":"instock","17":"sale","18":"shipping-taxable","19":"purchasable","20":"product-type-simple"},"acf":[],"jetpack_sharing_enabled":true,"_links":{"self":[{"href":"https:\/\/filatelia.cuentista.es\/en\/wp-json\/wp\/v2\/product\/2349","targetHints":{"allow":["GET"]}}],"collection":[{"href":"https:\/\/filatelia.cuentista.es\/en\/wp-json\/wp\/v2\/product"}],"about":[{"href":"https:\/\/filatelia.cuentista.es\/en\/wp-json\/wp\/v2\/types\/product"}],"replies":[{"embeddable":true,"href":"https:\/\/filatelia.cuentista.es\/en\/wp-json\/wp\/v2\/comments?post=2349"}],"wp:featuredmedia":[{"embeddable":true,"href":"https:\/\/filatelia.cuentista.es\/en\/wp-json\/wp\/v2\/media\/2348"}],"wp:attachment":[{"href":"https:\/\/filatelia.cuentista.es\/en\/wp-json\/wp\/v2\/media?parent=2349"}],"wp:term":[{"taxonomy":"product_brand","embeddable":true,"href":"https:\/\/filatelia.cuentista.es\/en\/wp-json\/wp\/v2\/product_brand?post=2349"},{"taxonomy":"product_cat","embeddable":true,"href":"https:\/\/filatelia.cuentista.es\/en\/wp-json\/wp\/v2\/product_cat?post=2349"},{"taxonomy":"product_tag","embeddable":true,"href":"https:\/\/filatelia.cuentista.es\/en\/wp-json\/wp\/v2\/product_tag?post=2349"}],"curies":[{"name":"wp","href":"https:\/\/api.w.org\/{rel}","templated":true}]}}