{"id":2347,"date":"2024-09-02T20:51:00","date_gmt":"2024-09-02T20:51:00","guid":{"rendered":"https:\/\/filatelia.cuentista.es\/product\/sello-uruguay-1962-centenario-de-colonia-suiza-20-usado"},"modified":"2024-09-02T20:53:01","modified_gmt":"2024-09-02T20:53:01","slug":"sello-uruguay-1962-centenario-de-colonia-suiza-20-usado","status":"publish","type":"product","link":"https:\/\/filatelia.cuentista.es\/en\/product\/sello-uruguay-1962-centenario-de-colonia-suiza-20-usado","title":{"rendered":"Sello Uruguay 1962 &#8211; Centenario de Colonia Suiza &#8211; 20$ usado"},"content":{"rendered":"<p>Pa\u00eds:<\/p>\n<p>Uruguay<\/p>\n<p>Serie:<\/p>\n<p>Swiss Settlement in Uruguay, Centenary (1962)<\/p>\n<p>C\u00f3digo de cat\u00e1logo:<\/p>\n<p>Michel UY 937<\/p>\n<p>Stamp Number UY 690<\/p>\n<p>Yvert et Tellier UY 701<\/p>\n<p>Stanley Gibbons UY 1200<\/p>\n<p>Ciardi UY 701<\/p>\n<p>Tiene variantes menores: 1<\/p>\n<p>Temas:<\/p>\n<p>Corona de Laureles | Herramientas | Inmigrantes | Plantas Estilizadas<\/p>\n<p>Fecha emisi\u00f3n:<\/p>\n<p>1962-08-01<\/p>\n<p>Tama\u00f1o:<\/p>\n<p>30 x 43 mm<\/p>\n<p>Colores:<\/p>\n<p>Negro | Rojo | Verde<\/p>\n<p>Marca de agua:<\/p>\n<p>ROU en Sol [Up]<\/p>\n<p>Impresores\/Imprentas:<\/p>\n<p>Imprenta Nacional, Montevideo<\/p>\n<p>Formato:<\/p>\n<p>Sello<\/p>\n<p>Emisi\u00f3n:<\/p>\n<p>Conmemorativo<\/p>\n<p>Perforaci\u00f3n:<\/p>\n<p>peine12<\/p>\n<p>Impresi\u00f3n:<\/p>\n<p>Litograf\u00eda offset<\/p>\n<p>Papel:<\/p>\n<p>Medium<\/p>\n<p>Valor facial:<\/p>\n<p>20 Cent\u00e9simo Uruguayo<\/p>\n","protected":false},"excerpt":{"rendered":"<p>Pa\u00eds: Uruguay Serie: Swiss Settlement in Uruguay, Centenary (1962) C\u00f3digo de cat\u00e1logo: Michel UY 937 Stamp Number UY 690 Yvert et Tellier UY 701 Stanley Gibbons UY 1200 Ciardi UY 701 Tiene variantes menores: 1 Temas: Corona de Laureles | Herramientas | Inmigrantes | Plantas Estilizadas Fecha emisi\u00f3n: 1962-08-01 Tama\u00f1o: 30 x 43 mm Colores: &hellip;<\/p>\n<p class=\"read-more\"> <a class=\"thunk-readmore button\" href=\"https:\/\/filatelia.cuentista.es\/en\/product\/sello-uruguay-1962-centenario-de-colonia-suiza-20-usado\"> <span class=\"screen-reader-text\">Sello Uruguay 1962 &#8211; Centenario de Colonia Suiza &#8211; 20$ usado<\/span>Read More<\/a><\/p>","protected":false},"featured_media":2346,"comment_status":"open","ping_status":"closed","template":"","meta":{"_acf_changed":false},"product_brand":[],"product_cat":[763,20],"product_tag":[324,1148],"class_list":{"0":"post-2347","1":"product","2":"type-product","3":"status-publish","4":"has-post-thumbnail","6":"product_cat-uruguay","7":"product_cat-sellos-usados","8":"product_tag-centenario","9":"product_tag-suiza","10":"thunk-woo-product-list","11":"opn-qv-enable","12":"open-woo-hover-zoom","13":"open-single-product-tab-horizontal","14":"open-shadow-","15":"open-shadow-hover-","17":"first","18":"instock","19":"sale","20":"shipping-taxable","21":"purchasable","22":"product-type-simple"},"acf":[],"jetpack_sharing_enabled":true,"_links":{"self":[{"href":"https:\/\/filatelia.cuentista.es\/en\/wp-json\/wp\/v2\/product\/2347","targetHints":{"allow":["GET"]}}],"collection":[{"href":"https:\/\/filatelia.cuentista.es\/en\/wp-json\/wp\/v2\/product"}],"about":[{"href":"https:\/\/filatelia.cuentista.es\/en\/wp-json\/wp\/v2\/types\/product"}],"replies":[{"embeddable":true,"href":"https:\/\/filatelia.cuentista.es\/en\/wp-json\/wp\/v2\/comments?post=2347"}],"wp:featuredmedia":[{"embeddable":true,"href":"https:\/\/filatelia.cuentista.es\/en\/wp-json\/wp\/v2\/media\/2346"}],"wp:attachment":[{"href":"https:\/\/filatelia.cuentista.es\/en\/wp-json\/wp\/v2\/media?parent=2347"}],"wp:term":[{"taxonomy":"product_brand","embeddable":true,"href":"https:\/\/filatelia.cuentista.es\/en\/wp-json\/wp\/v2\/product_brand?post=2347"},{"taxonomy":"product_cat","embeddable":true,"href":"https:\/\/filatelia.cuentista.es\/en\/wp-json\/wp\/v2\/product_cat?post=2347"},{"taxonomy":"product_tag","embeddable":true,"href":"https:\/\/filatelia.cuentista.es\/en\/wp-json\/wp\/v2\/product_tag?post=2347"}],"curies":[{"name":"wp","href":"https:\/\/api.w.org\/{rel}","templated":true}]}}