{"id":2343,"date":"2024-09-02T20:42:08","date_gmt":"2024-09-02T20:42:08","guid":{"rendered":"https:\/\/filatelia.cuentista.es\/product\/sello-uruguay-1928-juegos-olimpicos-amsterdam-5-centimos"},"modified":"2024-09-02T20:44:54","modified_gmt":"2024-09-02T20:44:54","slug":"sello-uruguay-1928-juegos-olimpicos-amsterdam-5-centimos","status":"publish","type":"product","link":"https:\/\/filatelia.cuentista.es\/en\/product\/sello-uruguay-1928-juegos-olimpicos-amsterdam-5-centimos","title":{"rendered":"Sello Uruguay 1928 &#8211; Juegos Ol\u00edmpicos \u00c1msterdam- 5 C\u00e9ntimos"},"content":{"rendered":"<p>Pa\u00eds:<\/p>\n<p>Uruguay<\/p>\n<p>Serie:<\/p>\n<p>Football Victories in 1924 and 1928 Olympic Games<\/p>\n<p>C\u00f3digo de cat\u00e1logo:<\/p>\n<p>Michel UY 380<\/p>\n<p>Stamp Number UY 389<\/p>\n<p>Yvert et Tellier UY 372<\/p>\n<p>Stanley Gibbons UY 582<\/p>\n<p>Ciardi UY 372<\/p>\n<p>Variantes:<\/p>\n<p>Click para ver variantes<\/p>\n<p>Tiene variantes menores: 1<\/p>\n<p>Temas:<\/p>\n<p>Deportes | F\u00fatbol | Juegos Ol\u00edmpicos<\/p>\n<p>Fecha emisi\u00f3n:<\/p>\n<p>1928-07-29<\/p>\n<p>Colores:<\/p>\n<p>Rojo<\/p>\n<p>Marca de agua:<\/p>\n<p>Sin Marca de agua<\/p>\n<p>Impresores\/Imprentas:<\/p>\n<p>Barreiro y Ramos S.A.<\/p>\n<p>Formato:<\/p>\n<p>Sello<\/p>\n<p>Emisi\u00f3n:<\/p>\n<p>Conmemorativo<\/p>\n<p>Perforaci\u00f3n:<\/p>\n<p>12\u00bd<\/p>\n<p>Impresi\u00f3n:<\/p>\n<p>Rebaje<\/p>\n<p>Papel:<\/p>\n<p>Medium<\/p>\n<p>Valor facial:<\/p>\n<p>5 Cent\u00e9simo Uruguayo<\/p>\n<p>Tiraje:<\/p>\n<p>100.000<\/p>","protected":false},"excerpt":{"rendered":"<p>Pa\u00eds: Uruguay Serie: Football Victories in 1924 and 1928 Olympic Games C\u00f3digo de cat\u00e1logo: Michel UY 380 Stamp Number UY 389 Yvert et Tellier UY 372 Stanley Gibbons UY 582 Ciardi UY 372 Variantes: Click para ver variantes Tiene variantes menores: 1 Temas: Deportes | F\u00fatbol | Juegos Ol\u00edmpicos Fecha emisi\u00f3n: 1928-07-29 Colores: Rojo Marca &hellip;<\/p>\n<p class=\"read-more\"> <a class=\"thunk-readmore button\" href=\"https:\/\/filatelia.cuentista.es\/en\/product\/sello-uruguay-1928-juegos-olimpicos-amsterdam-5-centimos\"> <span class=\"screen-reader-text\">Sello Uruguay 1928 &#8211; Juegos Ol\u00edmpicos \u00c1msterdam- 5 C\u00e9ntimos<\/span>Read More<\/a><\/p>","protected":false},"featured_media":2342,"comment_status":"open","ping_status":"closed","template":"","meta":{"_acf_changed":false},"product_brand":[],"product_cat":[763,20],"product_tag":[1147],"class_list":{"0":"post-2343","1":"product","2":"type-product","3":"status-publish","4":"has-post-thumbnail","6":"product_cat-uruguay","7":"product_cat-sellos-usados","8":"product_tag-juego-olimpicos","9":"thunk-woo-product-list","10":"opn-qv-enable","11":"open-woo-hover-zoom","12":"open-single-product-tab-horizontal","13":"open-shadow-","14":"open-shadow-hover-","16":"first","17":"instock","18":"sale","19":"shipping-taxable","20":"purchasable","21":"product-type-simple"},"acf":[],"jetpack_sharing_enabled":true,"_links":{"self":[{"href":"https:\/\/filatelia.cuentista.es\/en\/wp-json\/wp\/v2\/product\/2343","targetHints":{"allow":["GET"]}}],"collection":[{"href":"https:\/\/filatelia.cuentista.es\/en\/wp-json\/wp\/v2\/product"}],"about":[{"href":"https:\/\/filatelia.cuentista.es\/en\/wp-json\/wp\/v2\/types\/product"}],"replies":[{"embeddable":true,"href":"https:\/\/filatelia.cuentista.es\/en\/wp-json\/wp\/v2\/comments?post=2343"}],"wp:featuredmedia":[{"embeddable":true,"href":"https:\/\/filatelia.cuentista.es\/en\/wp-json\/wp\/v2\/media\/2342"}],"wp:attachment":[{"href":"https:\/\/filatelia.cuentista.es\/en\/wp-json\/wp\/v2\/media?parent=2343"}],"wp:term":[{"taxonomy":"product_brand","embeddable":true,"href":"https:\/\/filatelia.cuentista.es\/en\/wp-json\/wp\/v2\/product_brand?post=2343"},{"taxonomy":"product_cat","embeddable":true,"href":"https:\/\/filatelia.cuentista.es\/en\/wp-json\/wp\/v2\/product_cat?post=2343"},{"taxonomy":"product_tag","embeddable":true,"href":"https:\/\/filatelia.cuentista.es\/en\/wp-json\/wp\/v2\/product_tag?post=2343"}],"curies":[{"name":"wp","href":"https:\/\/api.w.org\/{rel}","templated":true}]}}