{"id":2341,"date":"2024-09-02T20:10:22","date_gmt":"2024-09-02T20:10:22","guid":{"rendered":"https:\/\/filatelia.cuentista.es\/product\/sello-uruguay-1989-escudo-florida-n-70-usado"},"modified":"2024-09-02T20:12:01","modified_gmt":"2024-09-02T20:12:01","slug":"sello-uruguay-1989-escudo-florida-n-70-usado","status":"publish","type":"product","link":"https:\/\/filatelia.cuentista.es\/en\/product\/sello-uruguay-1989-escudo-florida-n-70-usado","title":{"rendered":"Sello Uruguay 1989 &#8211; Escudo Florida &#8211; N$ 70 usado"},"content":{"rendered":"<p>Pa\u00eds:<\/p>\n<p>Uruguay<\/p>\n<p>Serie:<\/p>\n<p>Coats of Arms &#8211; Departments<\/p>\n<p>C\u00f3digo de cat\u00e1logo:<\/p>\n<p>Michel UY 1853<\/p>\n<p>Stamp Number UY 1300<\/p>\n<p>Yvert et Tellier UY 1297<\/p>\n<p>Stanley Gibbons UY 1976<\/p>\n<p>Ciardi UY 1310<\/p>\n<p>Temas:<\/p>\n<p>Escudo de Armas | Mapas<\/p>\n<p>Fecha emisi\u00f3n:<\/p>\n<p>1990-03-30<\/p>\n<p>Colores:<\/p>\n<p>Multicolor<\/p>\n<p>Marca de agua:<\/p>\n<p>ROU en Sol [Up]<\/p>\n<p>Dise\u00f1adores:<\/p>\n<p>Carlos Menck Freire<\/p>\n<p>Impresores\/Imprentas:<\/p>\n<p>Imprenta Nacional, Montevideo<\/p>\n<p>Formato:<\/p>\n<p>Sello<\/p>\n<p>Emisi\u00f3n:<\/p>\n<p>Conmemorativo<\/p>\n<p>Perforaci\u00f3n:<\/p>\n<p>peine12\u00bc<\/p>\n<p>Impresi\u00f3n:<\/p>\n<p>Litograf\u00eda offset<\/p>\n<p>Papel:<\/p>\n<p>fluorescent<\/p>\n<p>Valor facial:<\/p>\n<p>70 N$ &#8211; Nuevo Peso Uruguayo<\/p>\n<p>Tiraje:<\/p>\n<p>200.000<\/p>\n","protected":false},"excerpt":{"rendered":"<p>Pa\u00eds: Uruguay Serie: Coats of Arms &#8211; Departments C\u00f3digo de cat\u00e1logo: Michel UY 1853 Stamp Number UY 1300 Yvert et Tellier UY 1297 Stanley Gibbons UY 1976 Ciardi UY 1310 Temas: Escudo de Armas | Mapas Fecha emisi\u00f3n: 1990-03-30 Colores: Multicolor Marca de agua: ROU en Sol [Up] Dise\u00f1adores: Carlos Menck Freire Impresores\/Imprentas: Imprenta Nacional, &hellip;<\/p>\n<p class=\"read-more\"> <a class=\" thunk-readmore button \" href=\"https:\/\/filatelia.cuentista.es\/en\/product\/sello-uruguay-1989-escudo-florida-n-70-usado\"> <span class=\"screen-reader-text\">Sello Uruguay 1989 &#8211; Escudo Florida &#8211; N$ 70 usado<\/span>Read More<\/a><\/p>\n","protected":false},"featured_media":2340,"comment_status":"open","ping_status":"closed","template":"","meta":{"_acf_changed":false},"product_brand":[],"product_cat":[763,20],"product_tag":[],"class_list":{"0":"post-2341","1":"product","2":"type-product","3":"status-publish","4":"has-post-thumbnail","6":"product_cat-uruguay","7":"product_cat-sellos-usados","8":"thunk-woo-product-list","9":"opn-qv-enable","10":"open-woo-hover-zoom","11":"open-single-product-tab-horizontal","12":"open-shadow-","13":"open-shadow-hover-","15":"first","16":"instock","17":"sale","18":"shipping-taxable","19":"purchasable","20":"product-type-simple"},"acf":[],"jetpack_sharing_enabled":true,"_links":{"self":[{"href":"https:\/\/filatelia.cuentista.es\/en\/wp-json\/wp\/v2\/product\/2341","targetHints":{"allow":["GET"]}}],"collection":[{"href":"https:\/\/filatelia.cuentista.es\/en\/wp-json\/wp\/v2\/product"}],"about":[{"href":"https:\/\/filatelia.cuentista.es\/en\/wp-json\/wp\/v2\/types\/product"}],"replies":[{"embeddable":true,"href":"https:\/\/filatelia.cuentista.es\/en\/wp-json\/wp\/v2\/comments?post=2341"}],"wp:featuredmedia":[{"embeddable":true,"href":"https:\/\/filatelia.cuentista.es\/en\/wp-json\/wp\/v2\/media\/2340"}],"wp:attachment":[{"href":"https:\/\/filatelia.cuentista.es\/en\/wp-json\/wp\/v2\/media?parent=2341"}],"wp:term":[{"taxonomy":"product_brand","embeddable":true,"href":"https:\/\/filatelia.cuentista.es\/en\/wp-json\/wp\/v2\/product_brand?post=2341"},{"taxonomy":"product_cat","embeddable":true,"href":"https:\/\/filatelia.cuentista.es\/en\/wp-json\/wp\/v2\/product_cat?post=2341"},{"taxonomy":"product_tag","embeddable":true,"href":"https:\/\/filatelia.cuentista.es\/en\/wp-json\/wp\/v2\/product_tag?post=2341"}],"curies":[{"name":"wp","href":"https:\/\/api.w.org\/{rel}","templated":true}]}}