{"id":2331,"date":"2024-09-02T19:50:58","date_gmt":"2024-09-02T19:50:58","guid":{"rendered":"https:\/\/filatelia.cuentista.es\/product\/sello-uruguay-1948-exposicion-paysandu-7-cents"},"modified":"2024-09-02T19:52:41","modified_gmt":"2024-09-02T19:52:41","slug":"sello-uruguay-1948-exposicion-paysandu-7-cents","status":"publish","type":"product","link":"https:\/\/filatelia.cuentista.es\/en\/product\/sello-uruguay-1948-exposicion-paysandu-7-cents","title":{"rendered":"Sello Uruguay 1948 &#8211; Exposici\u00f3n Paysandu 7 cents."},"content":{"rendered":"<p>Pa\u00eds:<\/p>\n<p>Uruguay<\/p>\n<p>Serie:<\/p>\n<p>Industrial and agriculture exhibition in Paysandu<\/p>\n<p>C\u00f3digo de cat\u00e1logo:<\/p>\n<p>Michel UY 741<\/p>\n<p>Stamp Number UY 565<\/p>\n<p>Yvert et Tellier UY 594<\/p>\n<p>Stanley Gibbons UY 990<\/p>\n<p>Ciardi UY 594<\/p>\n<p>Tiene variantes menores: 3<\/p>\n<p>Temas:<\/p>\n<p>Agricultura | Caballos | Escudo de Armas| Exposiciones | Industria | Vacas<\/p>\n<p>Fecha emisi\u00f3n:<\/p>\n<p>1948-10-09<\/p>\n<p>Colores:<\/p>\n<p>Azul<\/p>\n<p>Marca de agua:<\/p>\n<p>Sin Marca de agua<\/p>\n<p>Impresores\/Imprentas:<\/p>\n<p>Imprenta Nacional, Montevideo<\/p>\n<p>Formato:<\/p>\n<p>Sello<\/p>\n<p>Emisi\u00f3n:<\/p>\n<p>Conmemorativo<\/p>\n<p>Perforaci\u00f3n:<\/p>\n<p>12\u00bd<\/p>\n<p>Impresi\u00f3n:<\/p>\n<p>Litograf\u00eda<\/p>\n<p>Papel:<\/p>\n<p>fine<\/p>\n<p>Valor facial:<\/p>\n<p>7 Cent\u00e9simo Uruguayo<\/p>\n<p>Tiraje:<\/p>\n<p>5.000.000<\/p>","protected":false},"excerpt":{"rendered":"<p>Pa\u00eds: Uruguay Serie: Industrial and agriculture exhibition in Paysandu C\u00f3digo de cat\u00e1logo: Michel UY 741 Stamp Number UY 565 Yvert et Tellier UY 594 Stanley Gibbons UY 990 Ciardi UY 594 Tiene variantes menores: 3 Temas: Agricultura | Caballos | Escudo de Armas| Exposiciones | Industria | Vacas Fecha emisi\u00f3n: 1948-10-09 Colores: Azul Marca de &hellip;<\/p>\n<p class=\"read-more\"> <a class=\"thunk-readmore button\" href=\"https:\/\/filatelia.cuentista.es\/en\/product\/sello-uruguay-1948-exposicion-paysandu-7-cents\"> <span class=\"screen-reader-text\">Sello Uruguay 1948 &#8211; Exposici\u00f3n Paysandu 7 cents.<\/span>Read More<\/a><\/p>","protected":false},"featured_media":2330,"comment_status":"open","ping_status":"closed","template":"","meta":{"_acf_changed":false},"product_brand":[],"product_cat":[763,20],"product_tag":[1145,1143,1144],"class_list":{"0":"post-2331","1":"product","2":"type-product","3":"status-publish","4":"has-post-thumbnail","6":"product_cat-uruguay","7":"product_cat-sellos-usados","8":"product_tag-agraria","9":"product_tag-expo","10":"product_tag-industrial","11":"thunk-woo-product-list","12":"opn-qv-enable","13":"open-woo-hover-zoom","14":"open-single-product-tab-horizontal","15":"open-shadow-","16":"open-shadow-hover-","18":"first","19":"instock","20":"sale","21":"shipping-taxable","22":"purchasable","23":"product-type-simple"},"acf":[],"jetpack_sharing_enabled":true,"_links":{"self":[{"href":"https:\/\/filatelia.cuentista.es\/en\/wp-json\/wp\/v2\/product\/2331","targetHints":{"allow":["GET"]}}],"collection":[{"href":"https:\/\/filatelia.cuentista.es\/en\/wp-json\/wp\/v2\/product"}],"about":[{"href":"https:\/\/filatelia.cuentista.es\/en\/wp-json\/wp\/v2\/types\/product"}],"replies":[{"embeddable":true,"href":"https:\/\/filatelia.cuentista.es\/en\/wp-json\/wp\/v2\/comments?post=2331"}],"wp:featuredmedia":[{"embeddable":true,"href":"https:\/\/filatelia.cuentista.es\/en\/wp-json\/wp\/v2\/media\/2330"}],"wp:attachment":[{"href":"https:\/\/filatelia.cuentista.es\/en\/wp-json\/wp\/v2\/media?parent=2331"}],"wp:term":[{"taxonomy":"product_brand","embeddable":true,"href":"https:\/\/filatelia.cuentista.es\/en\/wp-json\/wp\/v2\/product_brand?post=2331"},{"taxonomy":"product_cat","embeddable":true,"href":"https:\/\/filatelia.cuentista.es\/en\/wp-json\/wp\/v2\/product_cat?post=2331"},{"taxonomy":"product_tag","embeddable":true,"href":"https:\/\/filatelia.cuentista.es\/en\/wp-json\/wp\/v2\/product_tag?post=2331"}],"curies":[{"name":"wp","href":"https:\/\/api.w.org\/{rel}","templated":true}]}}