{"id":2319,"date":"2024-09-02T19:25:44","date_gmt":"2024-09-02T19:25:44","guid":{"rendered":"https:\/\/filatelia.cuentista.es\/product\/sello-uruguay-1986-nacimiento-jose-batlle-31c-marron-usado"},"modified":"2024-09-02T19:28:26","modified_gmt":"2024-09-02T19:28:26","slug":"sello-uruguay-1986-nacimiento-jose-batlle-31c-marron-usado","status":"publish","type":"product","link":"https:\/\/filatelia.cuentista.es\/en\/product\/sello-uruguay-1986-nacimiento-jose-batlle-31c-marron-usado","title":{"rendered":"Sello Uruguay 1956 &#8211; Nacimiento Jos\u00e9 Batlle &#8211; 31c. marr\u00f3n, usado"},"content":{"rendered":"<p>Pa\u00eds:<\/p>\n<p>Uruguay<\/p>\n<p>Serie:<\/p>\n<p>Birth Centenary of Jose Batlle y Ordonez<\/p>\n<p>C\u00f3digo de cat\u00e1logo:<\/p>\n<p>Michel UY 805<\/p>\n<p>Stamp Number UY C171<\/p>\n<p>Yvert et Tellier UY PA155<\/p>\n<p>Stanley Gibbons UY 1062<\/p>\n<p>Ciardi UY A155<\/p>\n<p>Tiene variantes menores: 4<\/p>\n<p>Temas:<\/p>\n<p>Aniversarios y Jubileos | Jefes de Estado| Pol\u00edticos<\/p>\n<p>Fecha emisi\u00f3n:<\/p>\n<p>1956-12-15<\/p>\n<p>Tama\u00f1o:<\/p>\n<p>44 x 31 mm<\/p>\n<p>Colores:<\/p>\n<p>Rojo marr\u00f3n<\/p>\n<p>Marca de agua:<\/p>\n<p>RA en Sol<\/p>\n<p>Impresores\/Imprentas:<\/p>\n<p>Casa de Moneda S.E., Buenos Aires<\/p>\n<p>Formato:<\/p>\n<p>Sello<\/p>\n<p>Emisi\u00f3n:<\/p>\n<p>Correo A\u00e9reo<\/p>\n<p>Perforaci\u00f3n:<\/p>\n<p>13\u00bd<\/p>\n<p>Impresi\u00f3n:<\/p>\n<p>Fotograbado<\/p>\n<p>Papel:<\/p>\n<p>white, medium<\/p>\n<p>Valor facial:<\/p>\n<p>31 Cent\u00e9simo Uruguayo<\/p>\n<p>Tiraje:<\/p>\n<p>500.000<\/p>","protected":false},"excerpt":{"rendered":"<p>Pa\u00eds: Uruguay Serie: Birth Centenary of Jose Batlle y Ordonez C\u00f3digo de cat\u00e1logo: Michel UY 805 Stamp Number UY C171 Yvert et Tellier UY PA155 Stanley Gibbons UY 1062 Ciardi UY A155 Tiene variantes menores: 4 Temas: Aniversarios y Jubileos | Jefes de Estado| Pol\u00edticos Fecha emisi\u00f3n: 1956-12-15 Tama\u00f1o: 44 x 31 mm Colores: Rojo &hellip;<\/p>\n<p class=\"read-more\"> <a class=\"thunk-readmore button\" href=\"https:\/\/filatelia.cuentista.es\/en\/product\/sello-uruguay-1986-nacimiento-jose-batlle-31c-marron-usado\"> <span class=\"screen-reader-text\">Sello Uruguay 1956 &#8211; Nacimiento Jos\u00e9 Batlle &#8211; 31c. marr\u00f3n, usado<\/span>Read More<\/a><\/p>","protected":false},"featured_media":2318,"comment_status":"open","ping_status":"closed","template":"","meta":{"_acf_changed":false},"product_brand":[],"product_cat":[763,20],"product_tag":[986,1137],"class_list":{"0":"post-2319","1":"product","2":"type-product","3":"status-publish","4":"has-post-thumbnail","6":"product_cat-uruguay","7":"product_cat-sellos-usados","8":"product_tag-batlle","9":"product_tag-politico-presidente","10":"thunk-woo-product-list","11":"opn-qv-enable","12":"open-woo-hover-zoom","13":"open-single-product-tab-horizontal","14":"open-shadow-","15":"open-shadow-hover-","17":"first","18":"instock","19":"sale","20":"shipping-taxable","21":"purchasable","22":"product-type-simple"},"acf":[],"jetpack_sharing_enabled":true,"_links":{"self":[{"href":"https:\/\/filatelia.cuentista.es\/en\/wp-json\/wp\/v2\/product\/2319","targetHints":{"allow":["GET"]}}],"collection":[{"href":"https:\/\/filatelia.cuentista.es\/en\/wp-json\/wp\/v2\/product"}],"about":[{"href":"https:\/\/filatelia.cuentista.es\/en\/wp-json\/wp\/v2\/types\/product"}],"replies":[{"embeddable":true,"href":"https:\/\/filatelia.cuentista.es\/en\/wp-json\/wp\/v2\/comments?post=2319"}],"wp:featuredmedia":[{"embeddable":true,"href":"https:\/\/filatelia.cuentista.es\/en\/wp-json\/wp\/v2\/media\/2318"}],"wp:attachment":[{"href":"https:\/\/filatelia.cuentista.es\/en\/wp-json\/wp\/v2\/media?parent=2319"}],"wp:term":[{"taxonomy":"product_brand","embeddable":true,"href":"https:\/\/filatelia.cuentista.es\/en\/wp-json\/wp\/v2\/product_brand?post=2319"},{"taxonomy":"product_cat","embeddable":true,"href":"https:\/\/filatelia.cuentista.es\/en\/wp-json\/wp\/v2\/product_cat?post=2319"},{"taxonomy":"product_tag","embeddable":true,"href":"https:\/\/filatelia.cuentista.es\/en\/wp-json\/wp\/v2\/product_tag?post=2319"}],"curies":[{"name":"wp","href":"https:\/\/api.w.org\/{rel}","templated":true}]}}