{"id":231,"date":"2024-07-20T06:37:23","date_gmt":"2024-07-20T06:37:23","guid":{"rendered":"https:\/\/filatelia.cuentista.es\/product\/dia-del-sello-1973-sahara"},"modified":"2024-09-16T17:11:30","modified_gmt":"2024-09-16T17:11:30","slug":"dia-del-sello-1973-sahara","status":"publish","type":"product","link":"https:\/\/filatelia.cuentista.es\/en\/product\/dia-del-sello-1973-sahara","title":{"rendered":"Sobre Primer d\u00eda &#8211; D\u00eda del sello 1973 &#8211; Sahara &#8211; 2 Valores"},"content":{"rendered":"<p>Sobre Primer d\u00eda &#8211; D\u00eda del sello 1973 &#8211; Sahara &#8211; 2 Valores<\/p>\n<p>Dia de Emision : 23 de Noviembre 1973<\/p>\n<p>SFC &#8211; C67\u00a0 \u00a0&#8211;\u00a0 Matasellado AAIUN<\/p>\n<p>Un valor de 7 Ptas y uno de 2 Ptas. &#8211; Yvert 297 &#8211; 298 \/ Michel 343\/344<\/p>\n<p>&nbsp;<\/p>\n<p>&nbsp;<\/p>\n<p>&nbsp;<\/p>","protected":false},"excerpt":{"rendered":"<p>Sobre Primer d\u00eda &#8211; D\u00eda del sello 1973 &#8211; Sahara &#8211; 2 Valores<\/p>\n<p>Dia de Emision : 23 de Noviembre 1973<\/p>","protected":false},"featured_media":2930,"comment_status":"open","ping_status":"closed","template":"","meta":{"_acf_changed":false},"product_brand":[],"product_cat":[15,19],"product_tag":[76,190,1314,333,189],"class_list":{"0":"post-231","1":"product","2":"type-product","3":"status-publish","4":"has-post-thumbnail","6":"product_cat-coleccionismo","7":"product_cat-spd-sobres-primer-dia","8":"product_tag-76","9":"product_tag-fdc","10":"product_tag-palmera","11":"product_tag-pinturas","12":"product_tag-spd","13":"thunk-woo-product-list","14":"opn-qv-enable","15":"open-woo-hover-zoom","16":"open-single-product-tab-horizontal","17":"open-shadow-","18":"open-shadow-hover-","20":"first","21":"instock","22":"sale","23":"shipping-taxable","24":"purchasable","25":"product-type-simple"},"acf":[],"jetpack_sharing_enabled":true,"_links":{"self":[{"href":"https:\/\/filatelia.cuentista.es\/en\/wp-json\/wp\/v2\/product\/231","targetHints":{"allow":["GET"]}}],"collection":[{"href":"https:\/\/filatelia.cuentista.es\/en\/wp-json\/wp\/v2\/product"}],"about":[{"href":"https:\/\/filatelia.cuentista.es\/en\/wp-json\/wp\/v2\/types\/product"}],"replies":[{"embeddable":true,"href":"https:\/\/filatelia.cuentista.es\/en\/wp-json\/wp\/v2\/comments?post=231"}],"wp:featuredmedia":[{"embeddable":true,"href":"https:\/\/filatelia.cuentista.es\/en\/wp-json\/wp\/v2\/media\/2930"}],"wp:attachment":[{"href":"https:\/\/filatelia.cuentista.es\/en\/wp-json\/wp\/v2\/media?parent=231"}],"wp:term":[{"taxonomy":"product_brand","embeddable":true,"href":"https:\/\/filatelia.cuentista.es\/en\/wp-json\/wp\/v2\/product_brand?post=231"},{"taxonomy":"product_cat","embeddable":true,"href":"https:\/\/filatelia.cuentista.es\/en\/wp-json\/wp\/v2\/product_cat?post=231"},{"taxonomy":"product_tag","embeddable":true,"href":"https:\/\/filatelia.cuentista.es\/en\/wp-json\/wp\/v2\/product_tag?post=231"}],"curies":[{"name":"wp","href":"https:\/\/api.w.org\/{rel}","templated":true}]}}