{"id":2305,"date":"2024-09-02T18:02:03","date_gmt":"2024-09-02T18:02:03","guid":{"rendered":"https:\/\/filatelia.cuentista.es\/?post_type=product&#038;p=2305"},"modified":"2024-11-01T17:50:45","modified_gmt":"2024-11-01T17:50:45","slug":"sello-uruguay-1958-campeonato-natacion-montevideo-5c-usado-verde-2","status":"publish","type":"product","link":"https:\/\/filatelia.cuentista.es\/en\/product\/sello-uruguay-1958-campeonato-natacion-montevideo-5c-usado-verde-2","title":{"rendered":"Sello Uruguay 1958 &#8211; Campeonato Nataci\u00f3n Montevideo- 10C Nuevo Azul"},"content":{"rendered":"<p>Sello Uruguay 1958 &#8211; Campeonato Nataci\u00f3n Montevideo- 10C Nuevo con goma azul<\/p>\n<p>Pa\u00eds:<\/p>\n<p>Uruguay<\/p>\n<p>Serie:<\/p>\n<p>14th South American swimming championship<\/p>\n<p>C\u00f3digo de cat\u00e1logo:<\/p>\n<p>Michel UY 811<\/p>\n<p>Stamp Number UY 629<\/p>\n<p>Yvert et Tellier UY 647<\/p>\n<p>Stanley Gibbons UY 1074<\/p>\n<p>Ciardi UY 647<\/p>\n<p>Tiene variantes menores: 2<\/p>\n<p>Temas:<\/p>\n<p>Deportes | Deportes Acu\u00e1ticos | Nataci\u00f3n<\/p>\n<p>Fecha emisi\u00f3n:<\/p>\n<p>1958-02-14<\/p>\n<p>Colores:<\/p>\n<p>Azul<\/p>\n<p>Marca de agua:<\/p>\n<p>Sin Marca de agua<\/p>\n<p>Impresores\/Imprentas:<\/p>\n<p>Imprenta Nacional, Montevideo<\/p>\n<p>Formato:<\/p>\n<p>Sello<\/p>\n<p>Emisi\u00f3n:<\/p>\n<p>Conmemorativo<\/p>\n<p>Perforaci\u00f3n:<\/p>\n<p>11<\/p>\n<p>Impresi\u00f3n:<\/p>\n<p>Litograf\u00eda offset<\/p>\n<p>Papel:<\/p>\n<p>fine<\/p>\n<p>Valor facial:<\/p>\n<p>10 Cent\u00e9simo Uruguayo<\/p>\n<p>Tiraje:<\/p>\n<p>3.000.000<\/p>","protected":false},"excerpt":{"rendered":"<p>Sello Uruguay 1958 &#8211; Campeonato Nataci\u00f3n Montevideo- 10C Nuevo con goma azul Pa\u00eds: Uruguay Serie: 14th South American swimming championship C\u00f3digo de cat\u00e1logo: Michel UY 811 Stamp Number UY 629 Yvert et Tellier UY 647 Stanley Gibbons UY 1074 Ciardi UY 647 Tiene variantes menores: 2 Temas: Deportes | Deportes Acu\u00e1ticos | Nataci\u00f3n Fecha emisi\u00f3n: &hellip;<\/p>\n<p class=\"read-more\"> <a class=\"thunk-readmore button\" href=\"https:\/\/filatelia.cuentista.es\/en\/product\/sello-uruguay-1958-campeonato-natacion-montevideo-5c-usado-verde-2\"> <span class=\"screen-reader-text\">Sello Uruguay 1958 &#8211; Campeonato Nataci\u00f3n Montevideo- 10C Nuevo Azul<\/span>Read More<\/a><\/p>","protected":false},"featured_media":2306,"comment_status":"open","ping_status":"closed","template":"","meta":{"_acf_changed":false},"product_brand":[],"product_cat":[763,20],"product_tag":[1090,268,766,1089],"class_list":{"0":"post-2305","1":"product","2":"type-product","3":"status-publish","4":"has-post-thumbnail","6":"product_cat-uruguay","7":"product_cat-sellos-usados","8":"product_tag-campeonato","9":"product_tag-deporte","10":"product_tag-montevideo","11":"product_tag-natacion","12":"thunk-woo-product-list","13":"opn-qv-enable","14":"open-woo-hover-zoom","15":"open-single-product-tab-horizontal","16":"open-shadow-","17":"open-shadow-hover-","19":"first","20":"instock","21":"sale","22":"shipping-taxable","23":"purchasable","24":"product-type-simple"},"acf":[],"jetpack_sharing_enabled":true,"_links":{"self":[{"href":"https:\/\/filatelia.cuentista.es\/en\/wp-json\/wp\/v2\/product\/2305","targetHints":{"allow":["GET"]}}],"collection":[{"href":"https:\/\/filatelia.cuentista.es\/en\/wp-json\/wp\/v2\/product"}],"about":[{"href":"https:\/\/filatelia.cuentista.es\/en\/wp-json\/wp\/v2\/types\/product"}],"replies":[{"embeddable":true,"href":"https:\/\/filatelia.cuentista.es\/en\/wp-json\/wp\/v2\/comments?post=2305"}],"wp:featuredmedia":[{"embeddable":true,"href":"https:\/\/filatelia.cuentista.es\/en\/wp-json\/wp\/v2\/media\/2306"}],"wp:attachment":[{"href":"https:\/\/filatelia.cuentista.es\/en\/wp-json\/wp\/v2\/media?parent=2305"}],"wp:term":[{"taxonomy":"product_brand","embeddable":true,"href":"https:\/\/filatelia.cuentista.es\/en\/wp-json\/wp\/v2\/product_brand?post=2305"},{"taxonomy":"product_cat","embeddable":true,"href":"https:\/\/filatelia.cuentista.es\/en\/wp-json\/wp\/v2\/product_cat?post=2305"},{"taxonomy":"product_tag","embeddable":true,"href":"https:\/\/filatelia.cuentista.es\/en\/wp-json\/wp\/v2\/product_tag?post=2305"}],"curies":[{"name":"wp","href":"https:\/\/api.w.org\/{rel}","templated":true}]}}