{"id":2304,"date":"2024-09-01T19:22:35","date_gmt":"2024-09-01T19:22:35","guid":{"rendered":"https:\/\/filatelia.cuentista.es\/product\/sello-uruguay-1969-congreso-notarial-latino-30-usado"},"modified":"2024-09-01T19:24:13","modified_gmt":"2024-09-01T19:24:13","slug":"sello-uruguay-1969-congreso-notarial-latino-30-usado","status":"publish","type":"product","link":"https:\/\/filatelia.cuentista.es\/en\/product\/sello-uruguay-1969-congreso-notarial-latino-30-usado","title":{"rendered":"Sello Uruguay 1969 &#8211; Congreso Notarial Latino &#8211; 30$ usado"},"content":{"rendered":"<p>Pa\u00eds:<\/p>\n<p>Uruguay<\/p>\n<p>Serie:<\/p>\n<p>Congress of Latin American Notaries, 10th Ed.<\/p>\n<p>C\u00f3digo de cat\u00e1logo:<\/p>\n<p>Michel UY 1143<\/p>\n<p>Stamp Number UY C350<\/p>\n<p>Yvert et Tellier UY PA350<\/p>\n<p>Stanley Gibbons UY 1400<\/p>\n<p>Ciardi UY A350<\/p>\n<p>Tiene variantes menores: 2<\/p>\n<p>Temas:<\/p>\n<p>Congresos | Notarios | Plumas | Sellos (Emblemas)<\/p>\n<p>Fecha emisi\u00f3n:<\/p>\n<p>1969-09-16<\/p>\n<p>Colores:<\/p>\n<p>Naranja | Negro | Verde<\/p>\n<p>Marca de agua:<\/p>\n<p>ROU en Sol [Up]<\/p>\n<p>Dise\u00f1adores:<\/p>\n<p>Angel Medina<\/p>\n<p>Impresores\/Imprentas:<\/p>\n<p>Imprenta Nacional, Montevideo<\/p>\n<p>Formato:<\/p>\n<p>Sello<\/p>\n<p>Emisi\u00f3n:<\/p>\n<p>Correo A\u00e9reo<\/p>\n<p>Perforaci\u00f3n:<\/p>\n<p>peine12<\/p>\n<p>Impresi\u00f3n:<\/p>\n<p>Litograf\u00eda offset<\/p>\n<p>Papel:<\/p>\n<p>medium, fluorescent<\/p>\n<p>Valor facial:<\/p>\n<p>30 $ &#8211; Peso Uruguayo<\/p>\n<p>Tiraje:<\/p>\n<p>200.000<\/p>\n","protected":false},"excerpt":{"rendered":"<p>Pa\u00eds: Uruguay Serie: Congress of Latin American Notaries, 10th Ed. C\u00f3digo de cat\u00e1logo: Michel UY 1143 Stamp Number UY C350 Yvert et Tellier UY PA350 Stanley Gibbons UY 1400 Ciardi UY A350 Tiene variantes menores: 2 Temas: Congresos | Notarios | Plumas | Sellos (Emblemas) Fecha emisi\u00f3n: 1969-09-16 Colores: Naranja | Negro | Verde Marca &hellip;<\/p>\n<p class=\"read-more\"> <a class=\"thunk-readmore button\" href=\"https:\/\/filatelia.cuentista.es\/en\/product\/sello-uruguay-1969-congreso-notarial-latino-30-usado\"> <span class=\"screen-reader-text\">Sello Uruguay 1969 &#8211; Congreso Notarial Latino &#8211; 30$ usado<\/span>Read More<\/a><\/p>","protected":false},"featured_media":2303,"comment_status":"open","ping_status":"closed","template":"","meta":{"_acf_changed":false},"product_brand":[],"product_cat":[763,20],"product_tag":[119,1131,1130],"class_list":{"0":"post-2304","1":"product","2":"type-product","3":"status-publish","4":"has-post-thumbnail","6":"product_cat-uruguay","7":"product_cat-sellos-usados","8":"product_tag-congreso","9":"product_tag-escribano","10":"product_tag-notario","11":"thunk-woo-product-list","12":"opn-qv-enable","13":"open-woo-hover-zoom","14":"open-single-product-tab-horizontal","15":"open-shadow-","16":"open-shadow-hover-","18":"first","19":"instock","20":"sale","21":"shipping-taxable","22":"purchasable","23":"product-type-simple"},"acf":[],"jetpack_sharing_enabled":true,"_links":{"self":[{"href":"https:\/\/filatelia.cuentista.es\/en\/wp-json\/wp\/v2\/product\/2304","targetHints":{"allow":["GET"]}}],"collection":[{"href":"https:\/\/filatelia.cuentista.es\/en\/wp-json\/wp\/v2\/product"}],"about":[{"href":"https:\/\/filatelia.cuentista.es\/en\/wp-json\/wp\/v2\/types\/product"}],"replies":[{"embeddable":true,"href":"https:\/\/filatelia.cuentista.es\/en\/wp-json\/wp\/v2\/comments?post=2304"}],"wp:featuredmedia":[{"embeddable":true,"href":"https:\/\/filatelia.cuentista.es\/en\/wp-json\/wp\/v2\/media\/2303"}],"wp:attachment":[{"href":"https:\/\/filatelia.cuentista.es\/en\/wp-json\/wp\/v2\/media?parent=2304"}],"wp:term":[{"taxonomy":"product_brand","embeddable":true,"href":"https:\/\/filatelia.cuentista.es\/en\/wp-json\/wp\/v2\/product_brand?post=2304"},{"taxonomy":"product_cat","embeddable":true,"href":"https:\/\/filatelia.cuentista.es\/en\/wp-json\/wp\/v2\/product_cat?post=2304"},{"taxonomy":"product_tag","embeddable":true,"href":"https:\/\/filatelia.cuentista.es\/en\/wp-json\/wp\/v2\/product_tag?post=2304"}],"curies":[{"name":"wp","href":"https:\/\/api.w.org\/{rel}","templated":true}]}}