{"id":2298,"date":"2024-09-01T19:12:23","date_gmt":"2024-09-01T19:12:23","guid":{"rendered":"https:\/\/filatelia.cuentista.es\/product\/sello-uruguay-margarita-xirgu-360-n-usado"},"modified":"2024-09-01T19:14:10","modified_gmt":"2024-09-01T19:14:10","slug":"sello-uruguay-margarita-xirgu-360-n-usado","status":"publish","type":"product","link":"https:\/\/filatelia.cuentista.es\/en\/product\/sello-uruguay-margarita-xirgu-360-n-usado","title":{"rendered":"Sello Uruguay 1991 &#8211; Margarita Xirgu &#8211; 360 N$ usado"},"content":{"rendered":"<p>Pa\u00eds:<\/p>\n<p>Uruguay<\/p>\n<p>Serie:<\/p>\n<p>Margarita Xirgu (1888-1869)<\/p>\n<p>C\u00f3digo de cat\u00e1logo:<\/p>\n<p>Michel UY 1920<\/p>\n<p>Stamp Number UY 1400<\/p>\n<p>Yvert et Tellier UY 1370<\/p>\n<p>Stanley Gibbons UY 2044<\/p>\n<p>Ciardi UY 1367<\/p>\n<p>Temas:<\/p>\n<p>Actores | Mujeres<\/p>\n<p>Fecha emisi\u00f3n:<\/p>\n<p>1991-10-04<\/p>\n<p>Colores:<\/p>\n<p>Multicolor<\/p>\n<p>Marca de agua:<\/p>\n<p>ROU en Sol [Up]<\/p>\n<p>Dise\u00f1adores:<\/p>\n<p>Carlos Menck Freire<\/p>\n<p>Impresores\/Imprentas:<\/p>\n<p>Imprenta Oficial (IMPO), Montevideo<\/p>\n<p>Formato:<\/p>\n<p>Sello<\/p>\n<p>Emisi\u00f3n:<\/p>\n<p>Conmemorativo<\/p>\n<p>Perforaci\u00f3n:<\/p>\n<p>peine12<\/p>\n<p>Impresi\u00f3n:<\/p>\n<p>Litograf\u00eda offset<\/p>\n<p>Valor facial:<\/p>\n<p>360 N$ &#8211; Nuevo Peso Uruguayo<\/p>\n<p>Tiraje:<\/p>\n<p>150.000<\/p>\n<p>Puntuaci\u00f3n:<\/p>\n<p>71% Precisi\u00f3n: Baja<\/p>\n<p>Descripci\u00f3n:<\/p>\n<p>Margarita Xirgu Subir\u00e1 (18 June 1888, Molins de Rei, Barcelona, Spain \u2013 25 April 1969, Montevideo, Uruguay),was a Spanish stage actress, who was greatly popular throughout her country and Latin America. A friend of the poet Federico Garc\u00eda Lorca, she was forced into exile during Francisco Franco&#8217;s dictatorship of Spain, but continued her work in America.<\/p>\n","protected":false},"excerpt":{"rendered":"<p>Pa\u00eds: Uruguay Serie: Margarita Xirgu (1888-1869) C\u00f3digo de cat\u00e1logo: Michel UY 1920 Stamp Number UY 1400 Yvert et Tellier UY 1370 Stanley Gibbons UY 2044 Ciardi UY 1367 Temas: Actores | Mujeres Fecha emisi\u00f3n: 1991-10-04 Colores: Multicolor Marca de agua: ROU en Sol [Up] Dise\u00f1adores: Carlos Menck Freire Impresores\/Imprentas: Imprenta Oficial (IMPO), Montevideo Formato: Sello &hellip;<\/p>\n<p class=\"read-more\"> <a class=\" thunk-readmore button \" href=\"https:\/\/filatelia.cuentista.es\/en\/product\/sello-uruguay-margarita-xirgu-360-n-usado\"> <span class=\"screen-reader-text\">Sello Uruguay 1991 &#8211; Margarita Xirgu &#8211; 360 N$ usado<\/span>Read More<\/a><\/p>\n","protected":false},"featured_media":2297,"comment_status":"open","ping_status":"closed","template":"","meta":{"_acf_changed":false},"product_brand":[],"product_cat":[763,20],"product_tag":[],"class_list":{"0":"post-2298","1":"product","2":"type-product","3":"status-publish","4":"has-post-thumbnail","6":"product_cat-uruguay","7":"product_cat-sellos-usados","8":"thunk-woo-product-list","9":"opn-qv-enable","10":"open-woo-hover-zoom","11":"open-single-product-tab-horizontal","12":"open-shadow-","13":"open-shadow-hover-","15":"first","16":"instock","17":"sale","18":"shipping-taxable","19":"purchasable","20":"product-type-simple"},"acf":[],"jetpack_sharing_enabled":true,"_links":{"self":[{"href":"https:\/\/filatelia.cuentista.es\/en\/wp-json\/wp\/v2\/product\/2298","targetHints":{"allow":["GET"]}}],"collection":[{"href":"https:\/\/filatelia.cuentista.es\/en\/wp-json\/wp\/v2\/product"}],"about":[{"href":"https:\/\/filatelia.cuentista.es\/en\/wp-json\/wp\/v2\/types\/product"}],"replies":[{"embeddable":true,"href":"https:\/\/filatelia.cuentista.es\/en\/wp-json\/wp\/v2\/comments?post=2298"}],"wp:featuredmedia":[{"embeddable":true,"href":"https:\/\/filatelia.cuentista.es\/en\/wp-json\/wp\/v2\/media\/2297"}],"wp:attachment":[{"href":"https:\/\/filatelia.cuentista.es\/en\/wp-json\/wp\/v2\/media?parent=2298"}],"wp:term":[{"taxonomy":"product_brand","embeddable":true,"href":"https:\/\/filatelia.cuentista.es\/en\/wp-json\/wp\/v2\/product_brand?post=2298"},{"taxonomy":"product_cat","embeddable":true,"href":"https:\/\/filatelia.cuentista.es\/en\/wp-json\/wp\/v2\/product_cat?post=2298"},{"taxonomy":"product_tag","embeddable":true,"href":"https:\/\/filatelia.cuentista.es\/en\/wp-json\/wp\/v2\/product_tag?post=2298"}],"curies":[{"name":"wp","href":"https:\/\/api.w.org\/{rel}","templated":true}]}}