{"id":2292,"date":"2024-09-01T19:01:56","date_gmt":"2024-09-01T19:01:56","guid":{"rendered":"https:\/\/filatelia.cuentista.es\/product\/sello-uruguay-1966-cincuentenario-asociacion-de-arquitectura-sobre-sello-de-recuperacion-nacional-4c-nuevo"},"modified":"2024-11-10T18:28:45","modified_gmt":"2024-11-10T18:28:45","slug":"sello-uruguay-1966-cincuentenario-asociacion-de-arquitectura-sobre-sello-de-recuperacion-nacional-4c-nuevo","status":"publish","type":"product","link":"https:\/\/filatelia.cuentista.es\/en\/product\/sello-uruguay-1966-cincuentenario-asociacion-de-arquitectura-sobre-sello-de-recuperacion-nacional-4c-nuevo","title":{"rendered":"Sello Uruguay 1966 &#8211; Cincuentenario Asociaci\u00f3n de Arquitectos sobre sello de Recuperaci\u00f3n Nacional &#8211; 4c Nuevo"},"content":{"rendered":"<p>Pa\u00eds:<\/p>\n<p>Uruguay<\/p>\n<p>Serie:<\/p>\n<p>Architects Association, 50th Anniv.<\/p>\n<p>C\u00f3digo de cat\u00e1logo:<\/p>\n<p>Michel UY 1026<\/p>\n<p>Stamp Number UY 727<\/p>\n<p>Yvert et Tellier UY 738<\/p>\n<p>Stanley Gibbons UY 1281<\/p>\n<p>Ciardi UY 738<\/p>\n<p>Sobreimpreso:<\/p>\n<p>Click para ver sobreimpresiones y recargos<\/p>\n<p>Tiene variantes menores: 1<\/p>\n<p>Temas:<\/p>\n<p>Arquitectura | Atardeceres | Diques y Represas | Ni\u00f1os<\/p>\n<p>Fecha emisi\u00f3n:<\/p>\n<p>1966-01-25<\/p>\n<p>Tama\u00f1o:<\/p>\n<p>40 x 28 mm<\/p>\n<p>Colores:<\/p>\n<p>Naranja Rojo | Verde<\/p>\n<p>Marca de agua:<\/p>\n<p>Escudo de Armas Uruguay (Sh) [Up]<\/p>\n<p>Impresores\/Imprentas:<\/p>\n<p>Barreiro y Ramos S.A.<\/p>\n<p>Formato:<\/p>\n<p>Sello<\/p>\n<p>Emisi\u00f3n:<\/p>\n<p>Conmemorativo<\/p>\n<p>Perforaci\u00f3n:<\/p>\n<p>11\u00bd<\/p>\n<p>Impresi\u00f3n:<\/p>\n<p>Litograf\u00eda offset<\/p>\n<p>Papel:<\/p>\n<p>Medium<\/p>\n<p>Valor facial:<\/p>\n<p>4 Cent\u00e9simo Uruguayo<\/p>\n<p>Tiraje:<\/p>\n<p>2.970.000<\/p>\n","protected":false},"excerpt":{"rendered":"<p>Pa\u00eds: Uruguay Serie: Architects Association, 50th Anniv. C\u00f3digo de cat\u00e1logo: Michel UY 1026 Stamp Number UY 727 Yvert et Tellier UY 738 Stanley Gibbons UY 1281 Ciardi UY 738 Sobreimpreso: Click para ver sobreimpresiones y recargos Tiene variantes menores: 1 Temas: Arquitectura | Atardeceres | Diques y Represas | Ni\u00f1os Fecha emisi\u00f3n: 1966-01-25 Tama\u00f1o: 40 &hellip;<\/p>\n<p class=\"read-more\"> <a class=\"thunk-readmore button\" href=\"https:\/\/filatelia.cuentista.es\/en\/product\/sello-uruguay-1966-cincuentenario-asociacion-de-arquitectura-sobre-sello-de-recuperacion-nacional-4c-nuevo\"> <span class=\"screen-reader-text\">Sello Uruguay 1966 &#8211; Cincuentenario Asociaci\u00f3n de Arquitectos sobre sello de Recuperaci\u00f3n Nacional &#8211; 4c Nuevo<\/span>Read More<\/a><\/p>","protected":false},"featured_media":2291,"comment_status":"open","ping_status":"closed","template":"","meta":{"_acf_changed":false},"product_brand":[],"product_cat":[774,763,21],"product_tag":[156,88],"class_list":{"0":"post-2292","1":"product","2":"type-product","3":"status-publish","4":"has-post-thumbnail","6":"product_cat-sobrecargado","7":"product_cat-uruguay","8":"product_cat-sellos-nuevos","9":"product_tag-aniversario","10":"product_tag-arquitectura","11":"thunk-woo-product-list","12":"opn-qv-enable","13":"open-woo-hover-zoom","14":"open-single-product-tab-horizontal","15":"open-shadow-","16":"open-shadow-hover-","18":"first","19":"instock","20":"sale","21":"shipping-taxable","22":"purchasable","23":"product-type-simple"},"acf":[],"jetpack_sharing_enabled":true,"_links":{"self":[{"href":"https:\/\/filatelia.cuentista.es\/en\/wp-json\/wp\/v2\/product\/2292","targetHints":{"allow":["GET"]}}],"collection":[{"href":"https:\/\/filatelia.cuentista.es\/en\/wp-json\/wp\/v2\/product"}],"about":[{"href":"https:\/\/filatelia.cuentista.es\/en\/wp-json\/wp\/v2\/types\/product"}],"replies":[{"embeddable":true,"href":"https:\/\/filatelia.cuentista.es\/en\/wp-json\/wp\/v2\/comments?post=2292"}],"wp:featuredmedia":[{"embeddable":true,"href":"https:\/\/filatelia.cuentista.es\/en\/wp-json\/wp\/v2\/media\/2291"}],"wp:attachment":[{"href":"https:\/\/filatelia.cuentista.es\/en\/wp-json\/wp\/v2\/media?parent=2292"}],"wp:term":[{"taxonomy":"product_brand","embeddable":true,"href":"https:\/\/filatelia.cuentista.es\/en\/wp-json\/wp\/v2\/product_brand?post=2292"},{"taxonomy":"product_cat","embeddable":true,"href":"https:\/\/filatelia.cuentista.es\/en\/wp-json\/wp\/v2\/product_cat?post=2292"},{"taxonomy":"product_tag","embeddable":true,"href":"https:\/\/filatelia.cuentista.es\/en\/wp-json\/wp\/v2\/product_tag?post=2292"}],"curies":[{"name":"wp","href":"https:\/\/api.w.org\/{rel}","templated":true}]}}