{"id":2290,"date":"2024-09-01T18:56:44","date_gmt":"2024-09-01T18:56:44","guid":{"rendered":"https:\/\/filatelia.cuentista.es\/product\/sello-uruguay-1971-aniversario-banco-de-la-republica-25-pesos-usado"},"modified":"2024-09-01T19:51:04","modified_gmt":"2024-09-01T19:51:04","slug":"sello-uruguay-1971-aniversario-banco-de-la-republica-25-pesos-usado","status":"publish","type":"product","link":"https:\/\/filatelia.cuentista.es\/en\/product\/sello-uruguay-1971-aniversario-banco-de-la-republica-25-pesos-usado","title":{"rendered":"Sello Uruguay 1971 &#8211; Aniversario banco de la rep\u00fablica- 25 Pesos, usado"},"content":{"rendered":"<p>Pa\u00eds:<\/p>\n<p>Uruguay<\/p>\n<p>Serie:<\/p>\n<p>Banco de la Republica, 75th Anniv.<\/p>\n<p>C\u00f3digo de cat\u00e1logo:<\/p>\n<p>Michel UY 1215<\/p>\n<p>Stamp Number UY 807<\/p>\n<p>Yvert et Tellier UY 815<\/p>\n<p>Stanley Gibbons UY 1468<\/p>\n<p>Ciardi UY 815<\/p>\n<p>Tiene variantes menores: 2<\/p>\n<p>Temas:<\/p>\n<p>Bancos | Billetes de Banco<\/p>\n<p>Fecha emisi\u00f3n:<\/p>\n<p>1971-09-21<\/p>\n<p>Colores:<\/p>\n<p>Multicolor<\/p>\n<p>Marca de agua:<\/p>\n<p>ROU en Sol [Up]<\/p>\n<p>Dise\u00f1adores:<\/p>\n<p>Angel Medina<\/p>\n<p>Impresores\/Imprentas:<\/p>\n<p>Imprenta Nacional, Montevideo<\/p>\n<p>Formato:<\/p>\n<p>Sello<\/p>\n<p>Emisi\u00f3n:<\/p>\n<p>Conmemorativo<\/p>\n<p>Perforaci\u00f3n:<\/p>\n<p>peine12<\/p>\n<p>Impresi\u00f3n:<\/p>\n<p>Litograf\u00eda offset<\/p>\n<p>Papel:<\/p>\n<p>ordinary<\/p>\n<p>Valor facial:<\/p>\n<p>25 $ &#8211; Peso Uruguayo<\/p>\n<p>Tiraje:<\/p>\n<p>500.000<\/p>\n","protected":false},"excerpt":{"rendered":"<p>Pa\u00eds: Uruguay Serie: Banco de la Republica, 75th Anniv. C\u00f3digo de cat\u00e1logo: Michel UY 1215 Stamp Number UY 807 Yvert et Tellier UY 815 Stanley Gibbons UY 1468 Ciardi UY 815 Tiene variantes menores: 2 Temas: Bancos | Billetes de Banco Fecha emisi\u00f3n: 1971-09-21 Colores: Multicolor Marca de agua: ROU en Sol [Up] Dise\u00f1adores: Angel &hellip;<\/p>\n<p class=\"read-more\"> <a class=\" thunk-readmore button \" href=\"https:\/\/filatelia.cuentista.es\/en\/product\/sello-uruguay-1971-aniversario-banco-de-la-republica-25-pesos-usado\"> <span class=\"screen-reader-text\">Sello Uruguay 1971 &#8211; Aniversario banco de la rep\u00fablica- 25 Pesos, usado<\/span>Read More<\/a><\/p>\n","protected":false},"featured_media":2289,"comment_status":"open","ping_status":"closed","template":"","meta":{"_acf_changed":false},"product_brand":[],"product_cat":[763,20],"product_tag":[1118,1119],"class_list":{"0":"post-2290","1":"product","2":"type-product","3":"status-publish","4":"has-post-thumbnail","6":"product_cat-uruguay","7":"product_cat-sellos-usados","8":"product_tag-banco","9":"product_tag-finanzas","10":"thunk-woo-product-list","11":"opn-qv-enable","12":"open-woo-hover-zoom","13":"open-single-product-tab-horizontal","14":"open-shadow-","15":"open-shadow-hover-","17":"first","18":"instock","19":"sale","20":"shipping-taxable","21":"purchasable","22":"product-type-simple"},"acf":[],"jetpack_sharing_enabled":true,"_links":{"self":[{"href":"https:\/\/filatelia.cuentista.es\/en\/wp-json\/wp\/v2\/product\/2290","targetHints":{"allow":["GET"]}}],"collection":[{"href":"https:\/\/filatelia.cuentista.es\/en\/wp-json\/wp\/v2\/product"}],"about":[{"href":"https:\/\/filatelia.cuentista.es\/en\/wp-json\/wp\/v2\/types\/product"}],"replies":[{"embeddable":true,"href":"https:\/\/filatelia.cuentista.es\/en\/wp-json\/wp\/v2\/comments?post=2290"}],"wp:featuredmedia":[{"embeddable":true,"href":"https:\/\/filatelia.cuentista.es\/en\/wp-json\/wp\/v2\/media\/2289"}],"wp:attachment":[{"href":"https:\/\/filatelia.cuentista.es\/en\/wp-json\/wp\/v2\/media?parent=2290"}],"wp:term":[{"taxonomy":"product_brand","embeddable":true,"href":"https:\/\/filatelia.cuentista.es\/en\/wp-json\/wp\/v2\/product_brand?post=2290"},{"taxonomy":"product_cat","embeddable":true,"href":"https:\/\/filatelia.cuentista.es\/en\/wp-json\/wp\/v2\/product_cat?post=2290"},{"taxonomy":"product_tag","embeddable":true,"href":"https:\/\/filatelia.cuentista.es\/en\/wp-json\/wp\/v2\/product_tag?post=2290"}],"curies":[{"name":"wp","href":"https:\/\/api.w.org\/{rel}","templated":true}]}}