{"id":2286,"date":"2024-09-01T18:47:45","date_gmt":"2024-09-01T18:47:45","guid":{"rendered":"https:\/\/filatelia.cuentista.es\/product\/sello-uruguay-1979-ano-internacional-del-nino-n-1-usado"},"modified":"2024-09-01T18:50:32","modified_gmt":"2024-09-01T18:50:32","slug":"sello-uruguay-1979-ano-internacional-del-nino-n-1-usado","status":"publish","type":"product","link":"https:\/\/filatelia.cuentista.es\/en\/product\/sello-uruguay-1979-ano-internacional-del-nino-n-1-usado","title":{"rendered":"Sello Uruguay 1979 &#8211; A\u00f1o internacional del Ni\u00f1o &#8211; N$ 1 usado"},"content":{"rendered":"<p>Drawing based on \u00abChico Carlo\u00bb tale<\/p>\n<p><img class=\"size-full\"><img class=\"size-full\"><\/p>\n<p>Pa\u00eds:<\/p>\n<p>Uruguay<\/p>\n<p>Serie:<\/p>\n<p>International Year of the Child<\/p>\n<p>C\u00f3digo de cat\u00e1logo:<\/p>\n<p>Michel UY 1561<\/p>\n<p>Stamp Number UY 1066<\/p>\n<p>Yvert et Tellier UY 1038<\/p>\n<p>Stanley Gibbons UY 1718<\/p>\n<p>Ciardi UY 1038<\/p>\n<p>Tiene variantes menores: 1<\/p>\n<p>Temas:<\/p>\n<p>A\u00f1os Internacionales | Ni\u00f1os | O.N.U.<\/p>\n<p>Fecha emisi\u00f3n:<\/p>\n<p>1979-10-19<\/p>\n<p>Colores:<\/p>\n<p>Multicolor<\/p>\n<p>Marca de agua:<\/p>\n<p>ROU en Sol [Up]<\/p>\n<p>Dise\u00f1adores:<\/p>\n<p>Antonio Pezzino<\/p>\n<p>Impresores\/Imprentas:<\/p>\n<p>Imprenta Nacional, Montevideo<\/p>\n<p>Formato:<\/p>\n<p>Sello<\/p>\n<p>Emisi\u00f3n:<\/p>\n<p>Conmemorativo<\/p>\n<p>Perforaci\u00f3n:<\/p>\n<p>peine12<\/p>\n<p>Impresi\u00f3n:<\/p>\n<p>Litograf\u00eda offset<\/p>\n<p>Papel:<\/p>\n<p>fluorescent<\/p>\n<p>Valor facial:<\/p>\n<p>1 N$ &#8211; Nuevo Peso Uruguayo<\/p>\n<p>Tiraje:<\/p>\n<p>80.000<\/p>\n","protected":false},"excerpt":{"rendered":"<p>Drawing based on \u00abChico Carlo\u00bb tale Pa\u00eds: Uruguay Serie: International Year of the Child C\u00f3digo de cat\u00e1logo: Michel UY 1561 Stamp Number UY 1066 Yvert et Tellier UY 1038 Stanley Gibbons UY 1718 Ciardi UY 1038 Tiene variantes menores: 1 Temas: A\u00f1os Internacionales | Ni\u00f1os | O.N.U. Fecha emisi\u00f3n: 1979-10-19 Colores: Multicolor Marca de agua: &hellip;<\/p>\n<p class=\"read-more\"> <a class=\"thunk-readmore button\" href=\"https:\/\/filatelia.cuentista.es\/en\/product\/sello-uruguay-1979-ano-internacional-del-nino-n-1-usado\"> <span class=\"screen-reader-text\">Sello Uruguay 1979 &#8211; A\u00f1o internacional del Ni\u00f1o &#8211; N$ 1 usado<\/span>Read More<\/a><\/p>","protected":false},"featured_media":2285,"comment_status":"open","ping_status":"closed","template":"","meta":{"_acf_changed":false},"product_brand":[],"product_cat":[763,20],"product_tag":[1116,1029,1117,914],"class_list":{"0":"post-2286","1":"product","2":"type-product","3":"status-publish","4":"has-post-thumbnail","6":"product_cat-uruguay","7":"product_cat-sellos-usados","8":"product_tag-chico-carlo","9":"product_tag-cuento","10":"product_tag-dibujo","11":"product_tag-onu","12":"thunk-woo-product-list","13":"opn-qv-enable","14":"open-woo-hover-zoom","15":"open-single-product-tab-horizontal","16":"open-shadow-","17":"open-shadow-hover-","19":"first","20":"instock","21":"sale","22":"shipping-taxable","23":"purchasable","24":"product-type-simple"},"acf":[],"jetpack_sharing_enabled":true,"_links":{"self":[{"href":"https:\/\/filatelia.cuentista.es\/en\/wp-json\/wp\/v2\/product\/2286","targetHints":{"allow":["GET"]}}],"collection":[{"href":"https:\/\/filatelia.cuentista.es\/en\/wp-json\/wp\/v2\/product"}],"about":[{"href":"https:\/\/filatelia.cuentista.es\/en\/wp-json\/wp\/v2\/types\/product"}],"replies":[{"embeddable":true,"href":"https:\/\/filatelia.cuentista.es\/en\/wp-json\/wp\/v2\/comments?post=2286"}],"wp:featuredmedia":[{"embeddable":true,"href":"https:\/\/filatelia.cuentista.es\/en\/wp-json\/wp\/v2\/media\/2285"}],"wp:attachment":[{"href":"https:\/\/filatelia.cuentista.es\/en\/wp-json\/wp\/v2\/media?parent=2286"}],"wp:term":[{"taxonomy":"product_brand","embeddable":true,"href":"https:\/\/filatelia.cuentista.es\/en\/wp-json\/wp\/v2\/product_brand?post=2286"},{"taxonomy":"product_cat","embeddable":true,"href":"https:\/\/filatelia.cuentista.es\/en\/wp-json\/wp\/v2\/product_cat?post=2286"},{"taxonomy":"product_tag","embeddable":true,"href":"https:\/\/filatelia.cuentista.es\/en\/wp-json\/wp\/v2\/product_tag?post=2286"}],"curies":[{"name":"wp","href":"https:\/\/api.w.org\/{rel}","templated":true}]}}