{"id":2280,"date":"2024-09-01T17:28:45","date_gmt":"2024-09-01T17:28:45","guid":{"rendered":"https:\/\/filatelia.cuentista.es\/product\/sello-uruguay-1983-visita-reyes-de-espana-3-n"},"modified":"2024-09-01T17:30:35","modified_gmt":"2024-09-01T17:30:35","slug":"sello-uruguay-1983-visita-reyes-de-espana-3-n","status":"publish","type":"product","link":"https:\/\/filatelia.cuentista.es\/en\/product\/sello-uruguay-1983-visita-reyes-de-espana-3-n","title":{"rendered":"Sello Uruguay 1983 &#8211; Visita Reyes de Espa\u00f1a &#8211; 3 N$"},"content":{"rendered":"<p>Pa\u00eds:<\/p>\n<p>Uruguay<\/p>\n<p>Serie:<\/p>\n<p>Visit of King Juan Carlos and Queen Sofia of Spain<\/p>\n<p>C\u00f3digo de cat\u00e1logo:<\/p>\n<p>Michel UY 1664<\/p>\n<p>Stamp Number UY 1138<\/p>\n<p>Yvert et Tellier UY 1122<\/p>\n<p>Stanley Gibbons UY 1815<\/p>\n<p>Ciardi UY 1122<\/p>\n<p>Temas:<\/p>\n<p>Globos Terrestres | Realeza | Veleros<\/p>\n<p>Fecha emisi\u00f3n:<\/p>\n<p>1983-05-20<\/p>\n<p>Colores:<\/p>\n<p>Multicolor<\/p>\n<p>Marca de agua:<\/p>\n<p>Sin Marca de agua<\/p>\n<p>Dise\u00f1adores:<\/p>\n<p>Tom\u00e1s Pl\u00e1<\/p>\n<p>Impresores\/Imprentas:<\/p>\n<p>Imprenta Nacional, Montevideo<\/p>\n<p>Formato:<\/p>\n<p>Sello<\/p>\n<p>Emisi\u00f3n:<\/p>\n<p>Conmemorativo<\/p>\n<p>Perforaci\u00f3n:<\/p>\n<p>peine12<\/p>\n<p>Impresi\u00f3n:<\/p>\n<p>Litograf\u00eda offset<\/p>\n<p>Papel:<\/p>\n<p>chrome<\/p>\n<p>Valor facial:<\/p>\n<p>3 N$ &#8211; Nuevo Peso Uruguayo<\/p>\n<p>Tiraje:<\/p>\n<p>100.000<\/p>","protected":false},"excerpt":{"rendered":"<p>Pa\u00eds: Uruguay Serie: Visit of King Juan Carlos and Queen Sofia of Spain C\u00f3digo de cat\u00e1logo: Michel UY 1664 Stamp Number UY 1138 Yvert et Tellier UY 1122 Stanley Gibbons UY 1815 Ciardi UY 1122 Temas: Globos Terrestres | Realeza | Veleros Fecha emisi\u00f3n: 1983-05-20 Colores: Multicolor Marca de agua: Sin Marca de agua Dise\u00f1adores: &hellip;<\/p>\n<p class=\"read-more\"> <a class=\"thunk-readmore button\" href=\"https:\/\/filatelia.cuentista.es\/en\/product\/sello-uruguay-1983-visita-reyes-de-espana-3-n\"> <span class=\"screen-reader-text\">Sello Uruguay 1983 &#8211; Visita Reyes de Espa\u00f1a &#8211; 3 N$<\/span>Read More<\/a><\/p>","protected":false},"featured_media":2279,"comment_status":"open","ping_status":"closed","template":"","meta":{"_acf_changed":false},"product_brand":[],"product_cat":[763,20],"product_tag":[1115,101,157,1114,927],"class_list":{"0":"post-2280","1":"product","2":"type-product","3":"status-publish","4":"has-post-thumbnail","6":"product_cat-uruguay","7":"product_cat-sellos-usados","8":"product_tag-carabela","9":"product_tag-espana","10":"product_tag-realeza","11":"product_tag-santa-maria","12":"product_tag-visita","13":"thunk-woo-product-list","14":"opn-qv-enable","15":"open-woo-hover-zoom","16":"open-single-product-tab-horizontal","17":"open-shadow-","18":"open-shadow-hover-","20":"first","21":"instock","22":"sale","23":"shipping-taxable","24":"purchasable","25":"product-type-simple"},"acf":[],"jetpack_sharing_enabled":true,"_links":{"self":[{"href":"https:\/\/filatelia.cuentista.es\/en\/wp-json\/wp\/v2\/product\/2280","targetHints":{"allow":["GET"]}}],"collection":[{"href":"https:\/\/filatelia.cuentista.es\/en\/wp-json\/wp\/v2\/product"}],"about":[{"href":"https:\/\/filatelia.cuentista.es\/en\/wp-json\/wp\/v2\/types\/product"}],"replies":[{"embeddable":true,"href":"https:\/\/filatelia.cuentista.es\/en\/wp-json\/wp\/v2\/comments?post=2280"}],"wp:featuredmedia":[{"embeddable":true,"href":"https:\/\/filatelia.cuentista.es\/en\/wp-json\/wp\/v2\/media\/2279"}],"wp:attachment":[{"href":"https:\/\/filatelia.cuentista.es\/en\/wp-json\/wp\/v2\/media?parent=2280"}],"wp:term":[{"taxonomy":"product_brand","embeddable":true,"href":"https:\/\/filatelia.cuentista.es\/en\/wp-json\/wp\/v2\/product_brand?post=2280"},{"taxonomy":"product_cat","embeddable":true,"href":"https:\/\/filatelia.cuentista.es\/en\/wp-json\/wp\/v2\/product_cat?post=2280"},{"taxonomy":"product_tag","embeddable":true,"href":"https:\/\/filatelia.cuentista.es\/en\/wp-json\/wp\/v2\/product_tag?post=2280"}],"curies":[{"name":"wp","href":"https:\/\/api.w.org\/{rel}","templated":true}]}}