{"id":2270,"date":"2024-09-01T17:10:40","date_gmt":"2024-09-01T17:10:40","guid":{"rendered":"https:\/\/filatelia.cuentista.es\/product\/sello-uruguay-usina-electrica-baigorri-5-centimos-verde"},"modified":"2024-09-02T17:35:32","modified_gmt":"2024-09-02T17:35:32","slug":"sello-uruguay-usina-electrica-baigorri-5-centimos-verde","status":"publish","type":"product","link":"https:\/\/filatelia.cuentista.es\/en\/product\/sello-uruguay-usina-electrica-baigorri-5-centimos-verde","title":{"rendered":"Sello Uruguay 1958- Usina El\u00e9ctrica Baygorria &#8211; 5 c\u00e9ntimos verde"},"content":{"rendered":"<p>Sello Uruguay 1958- Usina El\u00e9ctrica Baygorria &#8211; 5 c\u00e9ntimos verde<\/p>\n<p>Pa\u00eds:<\/p>\n<p>Uruguay<\/p>\n<p>Serie:<\/p>\n<p>Baygorria Hydroelectric Works, Inauguration<\/p>\n<p>C\u00f3digo de cat\u00e1logo:<\/p>\n<p>Michel UY 818<\/p>\n<p>Stamp Number UY 633<\/p>\n<p>Yvert et Tellier UY 650<\/p>\n<p>Stanley Gibbons UY 1080<\/p>\n<p>Ciardi UY 650<\/p>\n<p>Tiene variantes menores: 1<\/p>\n<p>Temas:<\/p>\n<p>Diques y Represas<\/p>\n<p>Fecha emisi\u00f3n:<\/p>\n<p>1958-10-30<\/p>\n<p>Colores:<\/p>\n<p>Negro | Verde<\/p>\n<p>Marca de agua:<\/p>\n<p>Sin Marca de agua<\/p>\n<p>Dise\u00f1adores:<\/p>\n<p>E. Volpe Jord\u00e1n<\/p>\n<p>Impresores\/Imprentas:<\/p>\n<p>Imprenta Nacional, Montevideo<\/p>\n<p>Formato:<\/p>\n<p>Sello<\/p>\n<p>Emisi\u00f3n:<\/p>\n<p>Conmemorativo<\/p>\n<p>Perforaci\u00f3n:<\/p>\n<p>11<\/p>\n<p>Impresi\u00f3n:<\/p>\n<p>Litograf\u00eda offset<\/p>\n<p>Papel:<\/p>\n<p>Medium or thick<\/p>\n<p>Valor facial:<\/p>\n<p>5 Cent\u00e9simo Uruguayo<\/p>\n<p>Tiraje:<\/p>\n<p>3.000.000<\/p>","protected":false},"excerpt":{"rendered":"<p>Sello Uruguay 1958- Usina El\u00e9ctrica Baygorria &#8211; 5 c\u00e9ntimos verde Pa\u00eds: Uruguay Serie: Baygorria Hydroelectric Works, Inauguration C\u00f3digo de cat\u00e1logo: Michel UY 818 Stamp Number UY 633 Yvert et Tellier UY 650 Stanley Gibbons UY 1080 Ciardi UY 650 Tiene variantes menores: 1 Temas: Diques y Represas Fecha emisi\u00f3n: 1958-10-30 Colores: Negro | Verde Marca &hellip;<\/p>\n<p class=\"read-more\"> <a class=\"thunk-readmore button\" href=\"https:\/\/filatelia.cuentista.es\/en\/product\/sello-uruguay-usina-electrica-baigorri-5-centimos-verde\"> <span class=\"screen-reader-text\">Sello Uruguay 1958- Usina El\u00e9ctrica Baygorria &#8211; 5 c\u00e9ntimos verde<\/span>Read More<\/a><\/p>","protected":false},"featured_media":2269,"comment_status":"open","ping_status":"closed","template":"","meta":{"_acf_changed":false},"product_brand":[],"product_cat":[763,20],"product_tag":[],"class_list":{"0":"post-2270","1":"product","2":"type-product","3":"status-publish","4":"has-post-thumbnail","6":"product_cat-uruguay","7":"product_cat-sellos-usados","8":"thunk-woo-product-list","9":"opn-qv-enable","10":"open-woo-hover-zoom","11":"open-single-product-tab-horizontal","12":"open-shadow-","13":"open-shadow-hover-","15":"first","16":"instock","17":"sale","18":"shipping-taxable","19":"purchasable","20":"product-type-simple"},"acf":[],"jetpack_sharing_enabled":true,"_links":{"self":[{"href":"https:\/\/filatelia.cuentista.es\/en\/wp-json\/wp\/v2\/product\/2270","targetHints":{"allow":["GET"]}}],"collection":[{"href":"https:\/\/filatelia.cuentista.es\/en\/wp-json\/wp\/v2\/product"}],"about":[{"href":"https:\/\/filatelia.cuentista.es\/en\/wp-json\/wp\/v2\/types\/product"}],"replies":[{"embeddable":true,"href":"https:\/\/filatelia.cuentista.es\/en\/wp-json\/wp\/v2\/comments?post=2270"}],"wp:featuredmedia":[{"embeddable":true,"href":"https:\/\/filatelia.cuentista.es\/en\/wp-json\/wp\/v2\/media\/2269"}],"wp:attachment":[{"href":"https:\/\/filatelia.cuentista.es\/en\/wp-json\/wp\/v2\/media?parent=2270"}],"wp:term":[{"taxonomy":"product_brand","embeddable":true,"href":"https:\/\/filatelia.cuentista.es\/en\/wp-json\/wp\/v2\/product_brand?post=2270"},{"taxonomy":"product_cat","embeddable":true,"href":"https:\/\/filatelia.cuentista.es\/en\/wp-json\/wp\/v2\/product_cat?post=2270"},{"taxonomy":"product_tag","embeddable":true,"href":"https:\/\/filatelia.cuentista.es\/en\/wp-json\/wp\/v2\/product_tag?post=2270"}],"curies":[{"name":"wp","href":"https:\/\/api.w.org\/{rel}","templated":true}]}}