{"id":2264,"date":"2024-09-01T17:00:42","date_gmt":"2024-09-01T17:00:42","guid":{"rendered":"https:\/\/filatelia.cuentista.es\/product\/sello-uruguay-2005-aniversario-casmu-16-usado"},"modified":"2024-09-01T17:02:50","modified_gmt":"2024-09-01T17:02:50","slug":"sello-uruguay-2005-aniversario-casmu-16-usado","status":"publish","type":"product","link":"https:\/\/filatelia.cuentista.es\/en\/product\/sello-uruguay-2005-aniversario-casmu-16-usado","title":{"rendered":"Sello Uruguay 2005 &#8211; Aniversario CASMU &#8211; 16$ usado"},"content":{"rendered":"<p>Sello Uruguay 2005 &#8211; Aniversario CASMU &#8211; 16$ usado<\/p>\n<p>Pa\u00eds:<\/p>\n<p>Uruguay<\/p>\n<p>Serie:<\/p>\n<p>CASMU, 70th Anniv.<\/p>\n<p>C\u00f3digo de cat\u00e1logo:<\/p>\n<p>Michel UY 2871<\/p>\n<p>Stamp Number UY 2115<\/p>\n<p>Yvert et Tellier UY 2217<\/p>\n<p>Stanley Gibbons UY 2955<\/p>\n<p>Variantes:<\/p>\n<p>Click para ver variantes<\/p>\n<p>Temas:<\/p>\n<p>Aniversarios y Jubileos | Logotipos<\/p>\n<p>Fecha emisi\u00f3n:<\/p>\n<p>2005-07-19<\/p>\n<p>Colores:<\/p>\n<p>Multicolor<\/p>\n<p>Marca de agua:<\/p>\n<p>Sin Marca de agua<\/p>\n<p>Dise\u00f1adores:<\/p>\n<p>Daniel Pereyra<\/p>\n<p>Impresores\/Imprentas:<\/p>\n<p>Imprimex S.A.<\/p>\n<p>Formato:<\/p>\n<p>Sello<\/p>\n<p>Emisi\u00f3n:<\/p>\n<p>Conmemorativo<\/p>\n<p>Perforaci\u00f3n:<\/p>\n<p>peine12\u00bc<\/p>\n<p>Impresi\u00f3n:<\/p>\n<p>Litograf\u00eda offset<\/p>\n<p>Goma:<\/p>\n<p>Ordinaria<\/p>\n<p>Valor facial:<\/p>\n<p>16 $ &#8211; Peso Uruguayo<\/p>\n<p>Tiraje:<\/p>\n<p>7.500<\/p>","protected":false},"excerpt":{"rendered":"<p>Sello Uruguay 2005 &#8211; Aniversario CASMU &#8211; 16$ usado Pa\u00eds: Uruguay Serie: CASMU, 70th Anniv. C\u00f3digo de cat\u00e1logo: Michel UY 2871 Stamp Number UY 2115 Yvert et Tellier UY 2217 Stanley Gibbons UY 2955 Variantes: Click para ver variantes Temas: Aniversarios y Jubileos | Logotipos Fecha emisi\u00f3n: 2005-07-19 Colores: Multicolor Marca de agua: Sin Marca &hellip;<\/p>\n<p class=\"read-more\"> <a class=\"thunk-readmore button\" href=\"https:\/\/filatelia.cuentista.es\/en\/product\/sello-uruguay-2005-aniversario-casmu-16-usado\"> <span class=\"screen-reader-text\">Sello Uruguay 2005 &#8211; Aniversario CASMU &#8211; 16$ usado<\/span>Read More<\/a><\/p>","protected":false},"featured_media":2263,"comment_status":"open","ping_status":"closed","template":"","meta":{"_acf_changed":false},"product_brand":[],"product_cat":[763,21],"product_tag":[1103,1102,1044],"class_list":{"0":"post-2264","1":"product","2":"type-product","3":"status-publish","4":"has-post-thumbnail","6":"product_cat-uruguay","7":"product_cat-sellos-nuevos","8":"product_tag-asistencial","9":"product_tag-centro","10":"product_tag-medico","11":"thunk-woo-product-list","12":"opn-qv-enable","13":"open-woo-hover-zoom","14":"open-single-product-tab-horizontal","15":"open-shadow-","16":"open-shadow-hover-","18":"first","19":"instock","20":"sale","21":"shipping-taxable","22":"purchasable","23":"product-type-simple"},"acf":[],"jetpack_sharing_enabled":true,"_links":{"self":[{"href":"https:\/\/filatelia.cuentista.es\/en\/wp-json\/wp\/v2\/product\/2264","targetHints":{"allow":["GET"]}}],"collection":[{"href":"https:\/\/filatelia.cuentista.es\/en\/wp-json\/wp\/v2\/product"}],"about":[{"href":"https:\/\/filatelia.cuentista.es\/en\/wp-json\/wp\/v2\/types\/product"}],"replies":[{"embeddable":true,"href":"https:\/\/filatelia.cuentista.es\/en\/wp-json\/wp\/v2\/comments?post=2264"}],"wp:featuredmedia":[{"embeddable":true,"href":"https:\/\/filatelia.cuentista.es\/en\/wp-json\/wp\/v2\/media\/2263"}],"wp:attachment":[{"href":"https:\/\/filatelia.cuentista.es\/en\/wp-json\/wp\/v2\/media?parent=2264"}],"wp:term":[{"taxonomy":"product_brand","embeddable":true,"href":"https:\/\/filatelia.cuentista.es\/en\/wp-json\/wp\/v2\/product_brand?post=2264"},{"taxonomy":"product_cat","embeddable":true,"href":"https:\/\/filatelia.cuentista.es\/en\/wp-json\/wp\/v2\/product_cat?post=2264"},{"taxonomy":"product_tag","embeddable":true,"href":"https:\/\/filatelia.cuentista.es\/en\/wp-json\/wp\/v2\/product_tag?post=2264"}],"curies":[{"name":"wp","href":"https:\/\/api.w.org\/{rel}","templated":true}]}}