{"id":2255,"date":"2024-09-01T16:47:21","date_gmt":"2024-09-01T16:47:21","guid":{"rendered":"https:\/\/filatelia.cuentista.es\/product\/sello-uruguay-1968-oscar-gestido-6-pesos-nuevo"},"modified":"2024-09-01T19:48:02","modified_gmt":"2024-09-01T19:48:02","slug":"sello-uruguay-1968-oscar-gestido-6-pesos-nuevo","status":"publish","type":"product","link":"https:\/\/filatelia.cuentista.es\/en\/product\/sello-uruguay-1968-oscar-gestido-6-pesos-nuevo","title":{"rendered":"Sello Uruguay 1968 &#8211; Oscar Gestido &#8211; 6 Pesos Nuevo"},"content":{"rendered":"<p>Pa\u00eds:<\/p>\n<p>Uruguay<\/p>\n<p>Serie:<\/p>\n<p>President Gestido, 1st death Anniv.<\/p>\n<p>C\u00f3digo de cat\u00e1logo:<\/p>\n<p>Michel UY 1131<\/p>\n<p>Stamp Number UY 763<\/p>\n<p>Yvert et Tellier UY 773<\/p>\n<p>Stanley Gibbons UY 1386<\/p>\n<p>Ciardi UY 773<\/p>\n<p>Tiene variantes menores: 1<\/p>\n<p>Temas:<\/p>\n<p>Banderas | Edificios | Edificios Gubernamentales | Jefes de Estado | Pol\u00edticos<\/p>\n<p>Fecha emisi\u00f3n:<\/p>\n<p>1968-12-06<\/p>\n<p>Tama\u00f1o:<\/p>\n<p>38 x 28 mm<\/p>\n<p>Colores:<\/p>\n<p>Multicolor<\/p>\n<p>Marca de agua:<\/p>\n<p>ROU en Sol [Up]<\/p>\n<p>Dise\u00f1adores:<\/p>\n<p>Angel Medina<\/p>\n<p>Impresores\/Imprentas:<\/p>\n<p>Imprenta Nacional, Montevideo<\/p>\n<p>Formato:<\/p>\n<p>Sello<\/p>\n<p>Emisi\u00f3n:<\/p>\n<p>Conmemorativo<\/p>\n<p>Perforaci\u00f3n:<\/p>\n<p>peine12<\/p>\n<p>Impresi\u00f3n:<\/p>\n<p>Litograf\u00eda offset<\/p>\n<p>Papel:<\/p>\n<p>ordinary<\/p>\n<p>Valor facial:<\/p>\n<p>6 $ &#8211; Peso Uruguayo<\/p>\n<p>Tiraje:<\/p>\n<p>3.000.000<\/p>\n<p>Puntuaci\u00f3n:<\/p>\n<p>7% Precisi\u00f3n: Muy alto<\/p>\n<p>Descripci\u00f3n:<\/p>\n<p>Impreso en hojas de 50 sellos.<\/p>\n<p>\u00d3scar Diego Gestido Pose (Montevideo, Uruguay November 28, 1901 \u2013 Montevideo, December 6, 1967) was president of Uruguay in 1967.<\/p>\n","protected":false},"excerpt":{"rendered":"<p>Pa\u00eds: Uruguay Serie: President Gestido, 1st death Anniv. C\u00f3digo de cat\u00e1logo: Michel UY 1131 Stamp Number UY 763 Yvert et Tellier UY 773 Stanley Gibbons UY 1386 Ciardi UY 773 Tiene variantes menores: 1 Temas: Banderas | Edificios | Edificios Gubernamentales | Jefes de Estado | Pol\u00edticos Fecha emisi\u00f3n: 1968-12-06 Tama\u00f1o: 38 x 28 mm &hellip;<\/p>\n<p class=\"read-more\"> <a class=\"thunk-readmore button\" href=\"https:\/\/filatelia.cuentista.es\/en\/product\/sello-uruguay-1968-oscar-gestido-6-pesos-nuevo\"> <span class=\"screen-reader-text\">Sello Uruguay 1968 &#8211; Oscar Gestido &#8211; 6 Pesos Nuevo<\/span>Read More<\/a><\/p>","protected":false},"featured_media":2254,"comment_status":"open","ping_status":"closed","template":"","meta":{"_acf_changed":false},"product_brand":[],"product_cat":[763,21],"product_tag":[156,985],"class_list":{"0":"post-2255","1":"product","2":"type-product","3":"status-publish","4":"has-post-thumbnail","6":"product_cat-uruguay","7":"product_cat-sellos-nuevos","8":"product_tag-aniversario","9":"product_tag-presidente","10":"thunk-woo-product-list","11":"opn-qv-enable","12":"open-woo-hover-zoom","13":"open-single-product-tab-horizontal","14":"open-shadow-","15":"open-shadow-hover-","17":"first","18":"instock","19":"sale","20":"shipping-taxable","21":"purchasable","22":"product-type-simple"},"acf":[],"jetpack_sharing_enabled":true,"_links":{"self":[{"href":"https:\/\/filatelia.cuentista.es\/en\/wp-json\/wp\/v2\/product\/2255","targetHints":{"allow":["GET"]}}],"collection":[{"href":"https:\/\/filatelia.cuentista.es\/en\/wp-json\/wp\/v2\/product"}],"about":[{"href":"https:\/\/filatelia.cuentista.es\/en\/wp-json\/wp\/v2\/types\/product"}],"replies":[{"embeddable":true,"href":"https:\/\/filatelia.cuentista.es\/en\/wp-json\/wp\/v2\/comments?post=2255"}],"wp:featuredmedia":[{"embeddable":true,"href":"https:\/\/filatelia.cuentista.es\/en\/wp-json\/wp\/v2\/media\/2254"}],"wp:attachment":[{"href":"https:\/\/filatelia.cuentista.es\/en\/wp-json\/wp\/v2\/media?parent=2255"}],"wp:term":[{"taxonomy":"product_brand","embeddable":true,"href":"https:\/\/filatelia.cuentista.es\/en\/wp-json\/wp\/v2\/product_brand?post=2255"},{"taxonomy":"product_cat","embeddable":true,"href":"https:\/\/filatelia.cuentista.es\/en\/wp-json\/wp\/v2\/product_cat?post=2255"},{"taxonomy":"product_tag","embeddable":true,"href":"https:\/\/filatelia.cuentista.es\/en\/wp-json\/wp\/v2\/product_tag?post=2255"}],"curies":[{"name":"wp","href":"https:\/\/api.w.org\/{rel}","templated":true}]}}