{"id":2253,"date":"2024-09-01T16:43:33","date_gmt":"2024-09-01T16:43:33","guid":{"rendered":"https:\/\/filatelia.cuentista.es\/product\/sello-uruguay-1990-navidad-90-170-usado"},"modified":"2024-09-01T16:46:21","modified_gmt":"2024-09-01T16:46:21","slug":"sello-uruguay-1990-navidad-90-170-usado","status":"publish","type":"product","link":"https:\/\/filatelia.cuentista.es\/en\/product\/sello-uruguay-1990-navidad-90-170-usado","title":{"rendered":"Sello Uruguay 1990 &#8211; Navidad 90 &#8211; 170$ usado"},"content":{"rendered":"<p>Sello Uruguay 1990 &#8211; Navidad 90 &#8211; 170$ usado<\/p>\n<p>Nativity by Brother Juan B.Maino<\/p>\n<p><img class=\"size-full\"><\/p>\n<p><img class=\"size-full\"><\/p>\n<p>C\u00f3digo de cat\u00e1logo:<\/p>\n<p>Mi:UY 1883, Sn:UY 1358, Yt:UY 1340, Sg:UY 2008, Cia:UY 1338<\/p>\n<p>Temas:<\/p>\n<p>Navidad | Pinturas<\/p>\n<p>Fecha emisi\u00f3n:<\/p>\n<p>1990-12-24<\/p>\n<p>Colores:<\/p>\n<p>Multicolor<\/p>\n<p>Marca de agua:<\/p>\n<p>ROU en Sol [Up]<\/p>\n<p>Dise\u00f1adores:<\/p>\n<p>Carlos Menck Freire<\/p>\n<p>Impresores\/Imprentas:<\/p>\n<p>Imprenta Nacional, Montevideo<\/p>\n<p>Formato:<\/p>\n<p>Sello<\/p>\n<p>Emisi\u00f3n:<\/p>\n<p>Conmemorativo<\/p>\n<p>Perforaci\u00f3n:<\/p>\n<p>peine12<\/p>\n<p>Impresi\u00f3n:<\/p>\n<p>Litograf\u00eda offset<\/p>\n<p>Papel:<\/p>\n<p>fluorescent<\/p>\n<p>Valor facial:<\/p>\n<p>170 N$ &#8211; Nuevo Peso Uruguayo<\/p>\n<p>Tiraje:<\/p>\n<p>200.000<\/p>\n","protected":false},"excerpt":{"rendered":"<p>Sello Uruguay 1990 &#8211; Navidad 90 &#8211; 170$ usado Nativity by Brother Juan B.Maino C\u00f3digo de cat\u00e1logo: Mi:UY 1883, Sn:UY 1358, Yt:UY 1340, Sg:UY 2008, Cia:UY 1338 Temas: Navidad | Pinturas Fecha emisi\u00f3n: 1990-12-24 Colores: Multicolor Marca de agua: ROU en Sol [Up] Dise\u00f1adores: Carlos Menck Freire Impresores\/Imprentas: Imprenta Nacional, Montevideo Formato: Sello Emisi\u00f3n: Conmemorativo &hellip;<\/p>\n<p class=\"read-more\"> <a class=\" thunk-readmore button \" href=\"https:\/\/filatelia.cuentista.es\/en\/product\/sello-uruguay-1990-navidad-90-170-usado\"> <span class=\"screen-reader-text\">Sello Uruguay 1990 &#8211; Navidad 90 &#8211; 170$ usado<\/span>Read More<\/a><\/p>\n","protected":false},"featured_media":2252,"comment_status":"open","ping_status":"closed","template":"","meta":{"_acf_changed":false},"product_brand":[],"product_cat":[763,20],"product_tag":[43,1095],"class_list":{"0":"post-2253","1":"product","2":"type-product","3":"status-publish","4":"has-post-thumbnail","6":"product_cat-uruguay","7":"product_cat-sellos-usados","8":"product_tag-arte","9":"product_tag-juan-maino","10":"thunk-woo-product-list","11":"opn-qv-enable","12":"open-woo-hover-zoom","13":"open-single-product-tab-horizontal","14":"open-shadow-","15":"open-shadow-hover-","17":"first","18":"instock","19":"sale","20":"shipping-taxable","21":"purchasable","22":"product-type-simple"},"acf":[],"jetpack_sharing_enabled":true,"_links":{"self":[{"href":"https:\/\/filatelia.cuentista.es\/en\/wp-json\/wp\/v2\/product\/2253","targetHints":{"allow":["GET"]}}],"collection":[{"href":"https:\/\/filatelia.cuentista.es\/en\/wp-json\/wp\/v2\/product"}],"about":[{"href":"https:\/\/filatelia.cuentista.es\/en\/wp-json\/wp\/v2\/types\/product"}],"replies":[{"embeddable":true,"href":"https:\/\/filatelia.cuentista.es\/en\/wp-json\/wp\/v2\/comments?post=2253"}],"wp:featuredmedia":[{"embeddable":true,"href":"https:\/\/filatelia.cuentista.es\/en\/wp-json\/wp\/v2\/media\/2252"}],"wp:attachment":[{"href":"https:\/\/filatelia.cuentista.es\/en\/wp-json\/wp\/v2\/media?parent=2253"}],"wp:term":[{"taxonomy":"product_brand","embeddable":true,"href":"https:\/\/filatelia.cuentista.es\/en\/wp-json\/wp\/v2\/product_brand?post=2253"},{"taxonomy":"product_cat","embeddable":true,"href":"https:\/\/filatelia.cuentista.es\/en\/wp-json\/wp\/v2\/product_cat?post=2253"},{"taxonomy":"product_tag","embeddable":true,"href":"https:\/\/filatelia.cuentista.es\/en\/wp-json\/wp\/v2\/product_tag?post=2253"}],"curies":[{"name":"wp","href":"https:\/\/api.w.org\/{rel}","templated":true}]}}