{"id":2240,"date":"2024-09-01T16:05:10","date_gmt":"2024-09-01T16:05:10","guid":{"rendered":"https:\/\/filatelia.cuentista.es\/product\/sello-triptico-uruguay-1969-centenario-ferrocarril-6-nuevo"},"modified":"2024-09-01T16:23:34","modified_gmt":"2024-09-01T16:23:34","slug":"sello-triptico-uruguay-1969-centenario-ferrocarril-6-nuevo","status":"publish","type":"product","link":"https:\/\/filatelia.cuentista.es\/en\/product\/sello-triptico-uruguay-1969-centenario-ferrocarril-6-nuevo","title":{"rendered":"Sello tr\u00edptico Uruguay 1969 &#8211; Centenario Ferrocarril- 2 x 6$ Nuevo"},"content":{"rendered":"<p>Old steam locomotive and modern railroads cars<\/p>\n<p><img class=\"size-full\"><img class=\"size-full\"><\/p>\n<p>Pa\u00eds:<\/p>\n<p>Uruguay<\/p>\n<p>Serie:<\/p>\n<p>Centenary of Uruguan Railways<\/p>\n<p>C\u00f3digo de cat\u00e1logo:<\/p>\n<p>Michel UY 1144-1145<\/p>\n<p>Stamp Number UY 771e<\/p>\n<p>Yvert et Tellier UY 779-780<\/p>\n<p>Stanley Gibbons UY 1401a<\/p>\n<p>Ciardi UY 779\/80<\/p>\n<p>Temas:<\/p>\n<p>Ferrocarriles | Locomotoras<\/p>\n<p>Fecha emisi\u00f3n:<\/p>\n<p>1969-09-19<\/p>\n<p>Tama\u00f1o:<\/p>\n<p>114 x 25 mm<\/p>\n<p>Colores:<\/p>\n<p>Azul aciano | Negro | Rojo<\/p>\n<p>Marca de agua:<\/p>\n<p>ROU en Sol [Up]<\/p>\n<p>Dise\u00f1adores:<\/p>\n<p>Angel Medina<\/p>\n<p>Impresores\/Imprentas:<\/p>\n<p>Imprenta Nacional, Montevideo<\/p>\n<p>Formato:<\/p>\n<p>Se-tenant (unidos entre s\u00ed)<\/p>\n<p>Emisi\u00f3n:<\/p>\n<p>Conmemorativo<\/p>\n<p>Perforaci\u00f3n:<\/p>\n<p>peine12<\/p>\n<p>Impresi\u00f3n:<\/p>\n<p>Litograf\u00eda offset<\/p>\n<p>Valor facial:<\/p>\n<p>2*6 $ &#8211; Peso Uruguayo<\/p>\n","protected":false},"excerpt":{"rendered":"<p>Old steam locomotive and modern railroads cars Pa\u00eds: Uruguay Serie: Centenary of Uruguan Railways C\u00f3digo de cat\u00e1logo: Michel UY 1144-1145 Stamp Number UY 771e Yvert et Tellier UY 779-780 Stanley Gibbons UY 1401a Ciardi UY 779\/80 Temas: Ferrocarriles | Locomotoras Fecha emisi\u00f3n: 1969-09-19 Tama\u00f1o: 114 x 25 mm Colores: Azul aciano | Negro | Rojo &hellip;<\/p>\n<p class=\"read-more\"> <a class=\"thunk-readmore button\" href=\"https:\/\/filatelia.cuentista.es\/en\/product\/sello-triptico-uruguay-1969-centenario-ferrocarril-6-nuevo\"> <span class=\"screen-reader-text\">Sello tr\u00edptico Uruguay 1969 &#8211; Centenario Ferrocarril- 2 x 6$ Nuevo<\/span>Read More<\/a><\/p>","protected":false},"featured_media":2239,"comment_status":"open","ping_status":"closed","template":"","meta":{"_acf_changed":false},"product_brand":[],"product_cat":[763,21],"product_tag":[324,114,1086,874,1085],"class_list":{"0":"post-2240","1":"product","2":"type-product","3":"status-publish","4":"has-post-thumbnail","6":"product_cat-uruguay","7":"product_cat-sellos-nuevos","8":"product_tag-centenario","9":"product_tag-ferrocarril","10":"product_tag-inauguracion","11":"product_tag-nuevo","12":"product_tag-triptico","13":"thunk-woo-product-list","14":"opn-qv-enable","15":"open-woo-hover-zoom","16":"open-single-product-tab-horizontal","17":"open-shadow-","18":"open-shadow-hover-","20":"first","21":"instock","22":"sale","23":"shipping-taxable","24":"purchasable","25":"product-type-simple"},"acf":[],"jetpack_sharing_enabled":true,"_links":{"self":[{"href":"https:\/\/filatelia.cuentista.es\/en\/wp-json\/wp\/v2\/product\/2240","targetHints":{"allow":["GET"]}}],"collection":[{"href":"https:\/\/filatelia.cuentista.es\/en\/wp-json\/wp\/v2\/product"}],"about":[{"href":"https:\/\/filatelia.cuentista.es\/en\/wp-json\/wp\/v2\/types\/product"}],"replies":[{"embeddable":true,"href":"https:\/\/filatelia.cuentista.es\/en\/wp-json\/wp\/v2\/comments?post=2240"}],"wp:featuredmedia":[{"embeddable":true,"href":"https:\/\/filatelia.cuentista.es\/en\/wp-json\/wp\/v2\/media\/2239"}],"wp:attachment":[{"href":"https:\/\/filatelia.cuentista.es\/en\/wp-json\/wp\/v2\/media?parent=2240"}],"wp:term":[{"taxonomy":"product_brand","embeddable":true,"href":"https:\/\/filatelia.cuentista.es\/en\/wp-json\/wp\/v2\/product_brand?post=2240"},{"taxonomy":"product_cat","embeddable":true,"href":"https:\/\/filatelia.cuentista.es\/en\/wp-json\/wp\/v2\/product_cat?post=2240"},{"taxonomy":"product_tag","embeddable":true,"href":"https:\/\/filatelia.cuentista.es\/en\/wp-json\/wp\/v2\/product_tag?post=2240"}],"curies":[{"name":"wp","href":"https:\/\/api.w.org\/{rel}","templated":true}]}}