{"id":2229,"date":"2024-09-01T15:47:14","date_gmt":"2024-09-01T15:47:14","guid":{"rendered":"https:\/\/filatelia.cuentista.es\/product\/sello-uruguay-1960-revolucion-de-mayo-10c-azul-y-ocre"},"modified":"2024-09-02T17:39:52","modified_gmt":"2024-09-02T17:39:52","slug":"sello-uruguay-1960-revolucion-de-mayo-10c-azul-y-ocre","status":"publish","type":"product","link":"https:\/\/filatelia.cuentista.es\/en\/product\/sello-uruguay-1960-revolucion-de-mayo-10c-azul-y-ocre","title":{"rendered":"Sello Uruguay 1960 &#8211; Revoluci\u00f3n de Mayo &#8211; 10c Azul y Ocre"},"content":{"rendered":"<p>Sello Uruguay 1960 &#8211; Revoluci\u00f3n de Mayo &#8211; 10c Azul y Ocre<\/p>\n<p>Revolutionaries at Cabildo of Buenos Aires, 1810<\/p>\n<p><img class=\"size-full\"><img class=\"size-full\"><\/p>\n<p>Pa\u00eds:<\/p>\n<p>Uruguay<\/p>\n<p>Serie:<\/p>\n<p>Revolution of May 1810, 150 Years (1960)<\/p>\n<p>C\u00f3digo de cat\u00e1logo:<\/p>\n<p>Michel UY 892<\/p>\n<p>Stamp Number UY 659<\/p>\n<p>Yvert et Tellier UY 681<\/p>\n<p>Stanley Gibbons UY 1155<\/p>\n<p>Ciardi UY 681<\/p>\n<p>Tiene variantes menores: 3<\/p>\n<p>Temas:<\/p>\n<p>Edificios Gubernamentales | Personas | Plantas Estilizadas | Revolucionarios | Revoluciones<\/p>\n<p>Fecha emisi\u00f3n:<\/p>\n<p>1960-11-04<\/p>\n<p>Tama\u00f1o:<\/p>\n<p>42 x 31 mm<\/p>\n<p>Colores:<\/p>\n<p>Amarillo Marr\u00f3n | Azul suave<\/p>\n<p>Marca de agua:<\/p>\n<p>ROU en Sol [Up]<\/p>\n<p>Impresores\/Imprentas:<\/p>\n<p>Imprenta Nacional, Montevideo<\/p>\n<p>Formato:<\/p>\n<p>Sello<\/p>\n<p>Emisi\u00f3n:<\/p>\n<p>Conmemorativo<\/p>\n<p>Perforaci\u00f3n:<\/p>\n<p>12<\/p>\n<p>Impresi\u00f3n:<\/p>\n<p>Litograf\u00eda offset<\/p>\n<p>Papel:<\/p>\n<p>white, medium<\/p>\n<p>Valor facial:<\/p>\n<p>10 Cent\u00e9simo Uruguayo<\/p>\n<p>Tiraje:<\/p>\n<p>3.000.000<\/p>\n","protected":false},"excerpt":{"rendered":"<p>Sello Uruguay 1960 &#8211; Revoluci\u00f3n de Mayo &#8211; 10c Azul y Ocre Revolutionaries at Cabildo of Buenos Aires, 1810 Pa\u00eds: Uruguay Serie: Revolution of May 1810, 150 Years (1960) C\u00f3digo de cat\u00e1logo: Michel UY 892 Stamp Number UY 659 Yvert et Tellier UY 681 Stanley Gibbons UY 1155 Ciardi UY 681 Tiene variantes menores: 3 &hellip;<\/p>\n<p class=\"read-more\"> <a class=\"thunk-readmore button\" href=\"https:\/\/filatelia.cuentista.es\/en\/product\/sello-uruguay-1960-revolucion-de-mayo-10c-azul-y-ocre\"> <span class=\"screen-reader-text\">Sello Uruguay 1960 &#8211; Revoluci\u00f3n de Mayo &#8211; 10c Azul y Ocre<\/span>Read More<\/a><\/p>","protected":false},"featured_media":2228,"comment_status":"open","ping_status":"closed","template":"","meta":{"_acf_changed":false},"product_brand":[],"product_cat":[763,20],"product_tag":[1079,1080,1078,1077],"class_list":{"0":"post-2229","1":"product","2":"type-product","3":"status-publish","4":"has-post-thumbnail","6":"product_cat-uruguay","7":"product_cat-sellos-usados","8":"product_tag-1079","9":"product_tag-cabildo","10":"product_tag-mayo","11":"product_tag-revolucion","12":"thunk-woo-product-list","13":"opn-qv-enable","14":"open-woo-hover-zoom","15":"open-single-product-tab-horizontal","16":"open-shadow-","17":"open-shadow-hover-","19":"first","20":"instock","21":"sale","22":"shipping-taxable","23":"purchasable","24":"product-type-simple"},"acf":[],"jetpack_sharing_enabled":true,"_links":{"self":[{"href":"https:\/\/filatelia.cuentista.es\/en\/wp-json\/wp\/v2\/product\/2229","targetHints":{"allow":["GET"]}}],"collection":[{"href":"https:\/\/filatelia.cuentista.es\/en\/wp-json\/wp\/v2\/product"}],"about":[{"href":"https:\/\/filatelia.cuentista.es\/en\/wp-json\/wp\/v2\/types\/product"}],"replies":[{"embeddable":true,"href":"https:\/\/filatelia.cuentista.es\/en\/wp-json\/wp\/v2\/comments?post=2229"}],"wp:featuredmedia":[{"embeddable":true,"href":"https:\/\/filatelia.cuentista.es\/en\/wp-json\/wp\/v2\/media\/2228"}],"wp:attachment":[{"href":"https:\/\/filatelia.cuentista.es\/en\/wp-json\/wp\/v2\/media?parent=2229"}],"wp:term":[{"taxonomy":"product_brand","embeddable":true,"href":"https:\/\/filatelia.cuentista.es\/en\/wp-json\/wp\/v2\/product_brand?post=2229"},{"taxonomy":"product_cat","embeddable":true,"href":"https:\/\/filatelia.cuentista.es\/en\/wp-json\/wp\/v2\/product_cat?post=2229"},{"taxonomy":"product_tag","embeddable":true,"href":"https:\/\/filatelia.cuentista.es\/en\/wp-json\/wp\/v2\/product_tag?post=2229"}],"curies":[{"name":"wp","href":"https:\/\/api.w.org\/{rel}","templated":true}]}}