{"id":2223,"date":"2024-09-01T15:34:45","date_gmt":"2024-09-01T15:34:45","guid":{"rendered":"https:\/\/filatelia.cuentista.es\/product\/sello-uruguay-mercurio-5-milesimos-lila"},"modified":"2024-09-01T15:37:33","modified_gmt":"2024-09-01T15:37:33","slug":"sello-uruguay-mercurio-5-milesimos-lila","status":"publish","type":"product","link":"https:\/\/filatelia.cuentista.es\/en\/product\/sello-uruguay-mercurio-5-milesimos-lila","title":{"rendered":"Sello Uruguay 1921 &#8211; Mercurio &#8211; 5 Mil\u00e9simos Lila"},"content":{"rendered":"<p>Sello Uruguay 1921 &#8211; Mercurio &#8211; 5 Mil\u00e9simos Lila<\/p>\n<p>Flying Mercury, about 1564, sculpture by Giovanni da Bologna<\/p>\n<p>Pa\u00eds:<\/p>\n<p>Uruguay<\/p>\n<p>Serie:<\/p>\n<p>Mercury Definitives Series I Unwatermarked (1921-1922)<\/p>\n<p>C\u00f3digo de cat\u00e1logo:<\/p>\n<p>Michel UY 238<\/p>\n<p>Stamp Number UY 238<\/p>\n<p>Yvert et Tellier UY 235<\/p>\n<p>Stanley Gibbons UY 378<\/p>\n<p>Ciardi UY 235<\/p>\n<p>Variantes:<\/p>\n<p>Click para ver variantes<\/p>\n<p>Tiene variantes menores: 4<\/p>\n<p>Temas:<\/p>\n<p>Dioses | Esculturas<\/p>\n<p>Fecha emisi\u00f3n:<\/p>\n<p>1921-06-11<\/p>\n<p>Tama\u00f1o:<\/p>\n<p>23 x 31 mm<\/p>\n<p>Colores:<\/p>\n<p>Violeta suave<\/p>\n<p>Marca de agua:<\/p>\n<p>Sin Marca de agua<\/p>\n<p>Impresores\/Imprentas:<\/p>\n<p>Imprenta Nacional, Montevideo<\/p>\n<p>Formato:<\/p>\n<p>Sello<\/p>\n<p>Emisi\u00f3n:<\/p>\n<p>Definitivo<\/p>\n<p>Perforaci\u00f3n:<\/p>\n<p>11\u00bd<\/p>\n<p>Impresi\u00f3n:<\/p>\n<p>Litograf\u00eda<\/p>\n<p>Papel:<\/p>\n<p>thick<\/p>\n<p>Valor facial:<\/p>\n<p>5 Mil\u00e9simo Uruguayo<\/p>","protected":false},"excerpt":{"rendered":"<p>Sello Uruguay 1921 &#8211; Mercurio &#8211; 5 Mil\u00e9simos Lila Flying Mercury, about 1564, sculpture by Giovanni da Bologna Pa\u00eds: Uruguay Serie: Mercury Definitives Series I Unwatermarked (1921-1922) C\u00f3digo de cat\u00e1logo: Michel UY 238 Stamp Number UY 238 Yvert et Tellier UY 235 Stanley Gibbons UY 378 Ciardi UY 235 Variantes: Click para ver variantes Tiene &hellip;<\/p>\n<p class=\"read-more\"> <a class=\"thunk-readmore button\" href=\"https:\/\/filatelia.cuentista.es\/en\/product\/sello-uruguay-mercurio-5-milesimos-lila\"> <span class=\"screen-reader-text\">Sello Uruguay 1921 &#8211; Mercurio &#8211; 5 Mil\u00e9simos Lila<\/span>Read More<\/a><\/p>","protected":false},"featured_media":2222,"comment_status":"open","ping_status":"closed","template":"","meta":{"_acf_changed":false},"product_brand":[],"product_cat":[763,20],"product_tag":[795,777,629],"class_list":{"0":"post-2223","1":"product","2":"type-product","3":"status-publish","4":"has-post-thumbnail","6":"product_cat-uruguay","7":"product_cat-sellos-usados","8":"product_tag-795","9":"product_tag-mercurio","10":"product_tag-uruguay","11":"thunk-woo-product-list","12":"opn-qv-enable","13":"open-woo-hover-zoom","14":"open-single-product-tab-horizontal","15":"open-shadow-","16":"open-shadow-hover-","18":"first","19":"instock","20":"sale","21":"shipping-taxable","22":"purchasable","23":"product-type-simple"},"acf":[],"jetpack_sharing_enabled":true,"_links":{"self":[{"href":"https:\/\/filatelia.cuentista.es\/en\/wp-json\/wp\/v2\/product\/2223","targetHints":{"allow":["GET"]}}],"collection":[{"href":"https:\/\/filatelia.cuentista.es\/en\/wp-json\/wp\/v2\/product"}],"about":[{"href":"https:\/\/filatelia.cuentista.es\/en\/wp-json\/wp\/v2\/types\/product"}],"replies":[{"embeddable":true,"href":"https:\/\/filatelia.cuentista.es\/en\/wp-json\/wp\/v2\/comments?post=2223"}],"wp:featuredmedia":[{"embeddable":true,"href":"https:\/\/filatelia.cuentista.es\/en\/wp-json\/wp\/v2\/media\/2222"}],"wp:attachment":[{"href":"https:\/\/filatelia.cuentista.es\/en\/wp-json\/wp\/v2\/media?parent=2223"}],"wp:term":[{"taxonomy":"product_brand","embeddable":true,"href":"https:\/\/filatelia.cuentista.es\/en\/wp-json\/wp\/v2\/product_brand?post=2223"},{"taxonomy":"product_cat","embeddable":true,"href":"https:\/\/filatelia.cuentista.es\/en\/wp-json\/wp\/v2\/product_cat?post=2223"},{"taxonomy":"product_tag","embeddable":true,"href":"https:\/\/filatelia.cuentista.es\/en\/wp-json\/wp\/v2\/product_tag?post=2223"}],"curies":[{"name":"wp","href":"https:\/\/api.w.org\/{rel}","templated":true}]}}