{"id":2218,"date":"2024-09-01T12:54:31","date_gmt":"2024-09-01T12:54:31","guid":{"rendered":"https:\/\/filatelia.cuentista.es\/?post_type=product&#038;p=2218"},"modified":"2024-09-01T12:56:19","modified_gmt":"2024-09-01T12:56:19","slug":"sello-uruguay-1967-arqueologia-flecha-20c-negro-3","status":"publish","type":"product","link":"https:\/\/filatelia.cuentista.es\/en\/product\/sello-uruguay-1967-arqueologia-flecha-20c-negro-3","title":{"rendered":"Sello Uruguay 1967 &#8211; Arqueolog\u00eda Hacha &#8211; 30$ Negro"},"content":{"rendered":"<p>Sello Uruguay 1967 &#8211; Arqueolog\u00eda Hacha &#8211; 30$ Negro<\/p>\n<p>Pa\u00eds:<\/p>\n<p>Uruguay<\/p>\n<p>Serie:<\/p>\n<p>Uruguayan Archeology<\/p>\n<p>C\u00f3digo de cat\u00e1logo:<\/p>\n<p>Michel UY 1101<\/p>\n<p>Stamp Number UY C325<\/p>\n<p>Yvert et Tellier UY PA326<\/p>\n<p>Stanley Gibbons UY 1354<\/p>\n<p>Ciardi UY A326<\/p>\n<p>Tiene variantes menores: 2<\/p>\n<p>Temas:<\/p>\n<p>Arqueolog\u00eda | Herramientas<\/p>\n<p>Fecha emisi\u00f3n:<\/p>\n<p>1967-11-27<\/p>\n<p>Colores:<\/p>\n<p>Gris brillante | Gris oscuro<\/p>\n<p>Marca de agua:<\/p>\n<p>ROU en Sol [Up]<\/p>\n<p>Dise\u00f1adores:<\/p>\n<p>Angel Medina<\/p>\n<p>Impresores\/Imprentas:<\/p>\n<p>Imprenta Nacional, Montevideo<\/p>\n<p>Formato:<\/p>\n<p>Sello<\/p>\n<p>Emisi\u00f3n:<\/p>\n<p>Correo A\u00e9reo<\/p>\n<p>Perforaci\u00f3n:<\/p>\n<p>peine12<\/p>\n<p>Impresi\u00f3n:<\/p>\n<p>Litograf\u00eda offset<\/p>\n<p>Papel:<\/p>\n<p>fine, semitransparent<\/p>\n<p>Valor facial:<\/p>\n<p>30 $ &#8211; Peso Uruguayo<\/p>\n<p>Tiraje:<\/p>\n<p>500.000<\/p>\n","protected":false},"excerpt":{"rendered":"<p>Sello Uruguay 1967 &#8211; Arqueolog\u00eda Hacha &#8211; 30$ Negro Pa\u00eds: Uruguay Serie: Uruguayan Archeology C\u00f3digo de cat\u00e1logo: Michel UY 1101 Stamp Number UY C325 Yvert et Tellier UY PA326 Stanley Gibbons UY 1354 Ciardi UY A326 Tiene variantes menores: 2 Temas: Arqueolog\u00eda | Herramientas Fecha emisi\u00f3n: 1967-11-27 Colores: Gris brillante | Gris oscuro Marca de &hellip;<\/p>\n<p class=\"read-more\"> <a class=\"thunk-readmore button\" href=\"https:\/\/filatelia.cuentista.es\/en\/product\/sello-uruguay-1967-arqueologia-flecha-20c-negro-3\"> <span class=\"screen-reader-text\">Sello Uruguay 1967 &#8211; Arqueolog\u00eda Hacha &#8211; 30$ Negro<\/span>Read More<\/a><\/p>","protected":false},"featured_media":2219,"comment_status":"open","ping_status":"closed","template":"","meta":{"_acf_changed":false},"product_brand":[],"product_cat":[763,20],"product_tag":[167,1067],"class_list":{"0":"post-2218","1":"product","2":"type-product","3":"status-publish","4":"has-post-thumbnail","6":"product_cat-uruguay","7":"product_cat-sellos-usados","8":"product_tag-arqueologia","9":"product_tag-hacha","10":"thunk-woo-product-list","11":"opn-qv-enable","12":"open-woo-hover-zoom","13":"open-single-product-tab-horizontal","14":"open-shadow-","15":"open-shadow-hover-","17":"first","18":"instock","19":"sale","20":"shipping-taxable","21":"purchasable","22":"product-type-simple"},"acf":[],"jetpack_sharing_enabled":true,"_links":{"self":[{"href":"https:\/\/filatelia.cuentista.es\/en\/wp-json\/wp\/v2\/product\/2218","targetHints":{"allow":["GET"]}}],"collection":[{"href":"https:\/\/filatelia.cuentista.es\/en\/wp-json\/wp\/v2\/product"}],"about":[{"href":"https:\/\/filatelia.cuentista.es\/en\/wp-json\/wp\/v2\/types\/product"}],"replies":[{"embeddable":true,"href":"https:\/\/filatelia.cuentista.es\/en\/wp-json\/wp\/v2\/comments?post=2218"}],"wp:featuredmedia":[{"embeddable":true,"href":"https:\/\/filatelia.cuentista.es\/en\/wp-json\/wp\/v2\/media\/2219"}],"wp:attachment":[{"href":"https:\/\/filatelia.cuentista.es\/en\/wp-json\/wp\/v2\/media?parent=2218"}],"wp:term":[{"taxonomy":"product_brand","embeddable":true,"href":"https:\/\/filatelia.cuentista.es\/en\/wp-json\/wp\/v2\/product_brand?post=2218"},{"taxonomy":"product_cat","embeddable":true,"href":"https:\/\/filatelia.cuentista.es\/en\/wp-json\/wp\/v2\/product_cat?post=2218"},{"taxonomy":"product_tag","embeddable":true,"href":"https:\/\/filatelia.cuentista.es\/en\/wp-json\/wp\/v2\/product_tag?post=2218"}],"curies":[{"name":"wp","href":"https:\/\/api.w.org\/{rel}","templated":true}]}}