{"id":2212,"date":"2024-09-01T12:41:32","date_gmt":"2024-09-01T12:41:32","guid":{"rendered":"https:\/\/filatelia.cuentista.es\/?post_type=product&#038;p=2212"},"modified":"2024-09-01T12:43:36","modified_gmt":"2024-09-01T12:43:36","slug":"sello-uruguay-roosevelt-7cents-azul-nuevo-2","status":"publish","type":"product","link":"https:\/\/filatelia.cuentista.es\/en\/product\/sello-uruguay-roosevelt-7cents-azul-nuevo-2","title":{"rendered":"Sello Uruguay 1953 &#8211; Homenaje Roosevelt &#8211; 12 cents. Gris Nuevo"},"content":{"rendered":"<p>Sello Uruguay 1953 &#8211; Homenaje Roosevelt &#8211; 12 cents. Gris Nuevo<\/p>\n<p>C\u00f3digo de cat\u00e1logo:<\/p>\n<p>Mi:UY 775, Sn:UY 604, Yt:UY 622, Sg:UY 1027, Cia:UY 622<\/p>\n<p>Temas:<\/p>\n<p>Abogados | Jefes de Estado | Pol\u00edticos<\/p>\n<p>Fecha emisi\u00f3n:<\/p>\n<p>1953-04-09<\/p>\n<p>Tama\u00f1o:<\/p>\n<p>26 x 40 mm<\/p>\n<p>Colores:<\/p>\n<p>Marr\u00f3n<\/p>\n<p>Marca de agua:<\/p>\n<p>Sin Marca de agua<\/p>\n<p>Impresores\/Imprentas:<\/p>\n<p>Waterlow &amp; Sons Ltd<\/p>\n<p>Formato:<\/p>\n<p>Sello<\/p>\n<p>Emisi\u00f3n:<\/p>\n<p>Conmemorativo<\/p>\n<p>Perforaci\u00f3n:<\/p>\n<p>14 x 13<\/p>\n<p>Impresi\u00f3n:<\/p>\n<p>Rebaje<\/p>\n<p>Papel:<\/p>\n<p>Medium<\/p>\n<p>Valor facial:<\/p>\n<p>12 Cent\u00e9simo Uruguayo<\/p>\n<p>Tiraje:<\/p>\n<p>2.000.000<\/p>","protected":false},"excerpt":{"rendered":"<p>Sello Uruguay 1953 &#8211; Homenaje Roosevelt &#8211; 12 cents. Gris Nuevo C\u00f3digo de cat\u00e1logo: Mi:UY 775, Sn:UY 604, Yt:UY 622, Sg:UY 1027, Cia:UY 622 Temas: Abogados | Jefes de Estado | Pol\u00edticos Fecha emisi\u00f3n: 1953-04-09 Tama\u00f1o: 26 x 40 mm Colores: Marr\u00f3n Marca de agua: Sin Marca de agua Impresores\/Imprentas: Waterlow &amp; Sons Ltd Formato: &hellip;<\/p>\n<p class=\"read-more\"> <a class=\"thunk-readmore button\" href=\"https:\/\/filatelia.cuentista.es\/en\/product\/sello-uruguay-roosevelt-7cents-azul-nuevo-2\"> <span class=\"screen-reader-text\">Sello Uruguay 1953 &#8211; Homenaje Roosevelt &#8211; 12 cents. Gris Nuevo<\/span>Read More<\/a><\/p>","protected":false},"featured_media":2213,"comment_status":"open","ping_status":"closed","template":"","meta":{"_acf_changed":false},"product_brand":[],"product_cat":[763,21],"product_tag":[408,894,101,1064,1063],"class_list":{"0":"post-2212","1":"product","2":"type-product","3":"status-publish","4":"has-post-thumbnail","6":"product_cat-uruguay","7":"product_cat-sellos-nuevos","8":"product_tag-america","9":"product_tag-correos","10":"product_tag-espana","11":"product_tag-homenaje","12":"product_tag-roosevelt","13":"thunk-woo-product-list","14":"opn-qv-enable","15":"open-woo-hover-zoom","16":"open-single-product-tab-horizontal","17":"open-shadow-","18":"open-shadow-hover-","20":"first","21":"instock","22":"sale","23":"shipping-taxable","24":"purchasable","25":"product-type-simple"},"acf":[],"jetpack_sharing_enabled":true,"_links":{"self":[{"href":"https:\/\/filatelia.cuentista.es\/en\/wp-json\/wp\/v2\/product\/2212","targetHints":{"allow":["GET"]}}],"collection":[{"href":"https:\/\/filatelia.cuentista.es\/en\/wp-json\/wp\/v2\/product"}],"about":[{"href":"https:\/\/filatelia.cuentista.es\/en\/wp-json\/wp\/v2\/types\/product"}],"replies":[{"embeddable":true,"href":"https:\/\/filatelia.cuentista.es\/en\/wp-json\/wp\/v2\/comments?post=2212"}],"wp:featuredmedia":[{"embeddable":true,"href":"https:\/\/filatelia.cuentista.es\/en\/wp-json\/wp\/v2\/media\/2213"}],"wp:attachment":[{"href":"https:\/\/filatelia.cuentista.es\/en\/wp-json\/wp\/v2\/media?parent=2212"}],"wp:term":[{"taxonomy":"product_brand","embeddable":true,"href":"https:\/\/filatelia.cuentista.es\/en\/wp-json\/wp\/v2\/product_brand?post=2212"},{"taxonomy":"product_cat","embeddable":true,"href":"https:\/\/filatelia.cuentista.es\/en\/wp-json\/wp\/v2\/product_cat?post=2212"},{"taxonomy":"product_tag","embeddable":true,"href":"https:\/\/filatelia.cuentista.es\/en\/wp-json\/wp\/v2\/product_tag?post=2212"}],"curies":[{"name":"wp","href":"https:\/\/api.w.org\/{rel}","templated":true}]}}