{"id":2210,"date":"2024-09-01T12:38:44","date_gmt":"2024-09-01T12:38:44","guid":{"rendered":"https:\/\/filatelia.cuentista.es\/?post_type=product&#038;p=2210"},"modified":"2024-09-01T12:41:19","modified_gmt":"2024-09-01T12:41:19","slug":"sello-uruguay-1971-voto-secreto-y-universal-20-2","status":"publish","type":"product","link":"https:\/\/filatelia.cuentista.es\/en\/product\/sello-uruguay-1971-voto-secreto-y-universal-20-2","title":{"rendered":"Sello Uruguay 1971 &#8211; Voto Secreto y Universal &#8211; 10$"},"content":{"rendered":"<p>Sello Uruguay 1971 &#8211; Voto Secreto y Universal &#8211; 10$<\/p>\n<p>Pa\u00eds:<\/p>\n<p>Uruguay<\/p>\n<p>Serie:<\/p>\n<p>Elections 1971<\/p>\n<p>C\u00f3digo de cat\u00e1logo:<\/p>\n<p>Michel UY 1220<\/p>\n<p>Stamp Number UY 811<\/p>\n<p>Yvert et Tellier UY 820<\/p>\n<p>Stanley Gibbons UY 1473<\/p>\n<p>Ciardi UY 820<\/p>\n<p>Tiene variantes menores: 5<\/p>\n<p>Temas:<\/p>\n<p>Elecciones | Personas\/Figuras Estilizadas<\/p>\n<p>Fecha emisi\u00f3n:<\/p>\n<p>1971-11-22<\/p>\n<p>Colores:<\/p>\n<p>Azul | Negro<\/p>\n<p>Marca de agua:<\/p>\n<p>ROU en Sol [Up]<\/p>\n<p>Dise\u00f1adores:<\/p>\n<p>Angel Medina<\/p>\n<p>Impresores\/Imprentas:<\/p>\n<p>Imprenta Nacional, Montevideo<\/p>\n<p>Formato:<\/p>\n<p>Sello<\/p>\n<p>Emisi\u00f3n:<\/p>\n<p>Conmemorativo<\/p>\n<p>Perforaci\u00f3n:<\/p>\n<p>peine12<\/p>\n<p>Impresi\u00f3n:<\/p>\n<p>Litograf\u00eda offset<\/p>\n<p>Papel:<\/p>\n<p>Medium<\/p>\n<p>Valor facial:<\/p>\n<p>10 $ &#8211; Peso Uruguayo<\/p>\n<p>Tiraje:<\/p>\n<p>2.000.000<\/p>\n","protected":false},"excerpt":{"rendered":"<p>Sello Uruguay 1971 &#8211; Voto Secreto y Universal &#8211; 10$ Pa\u00eds: Uruguay Serie: Elections 1971 C\u00f3digo de cat\u00e1logo: Michel UY 1220 Stamp Number UY 811 Yvert et Tellier UY 820 Stanley Gibbons UY 1473 Ciardi UY 820 Tiene variantes menores: 5 Temas: Elecciones | Personas\/Figuras Estilizadas Fecha emisi\u00f3n: 1971-11-22 Colores: Azul | Negro Marca de &hellip;<\/p>\n<p class=\"read-more\"> <a class=\"thunk-readmore button\" href=\"https:\/\/filatelia.cuentista.es\/en\/product\/sello-uruguay-1971-voto-secreto-y-universal-20-2\"> <span class=\"screen-reader-text\">Sello Uruguay 1971 &#8211; Voto Secreto y Universal &#8211; 10$<\/span>Read More<\/a><\/p>","protected":false},"featured_media":2211,"comment_status":"open","ping_status":"closed","template":"","meta":{"_acf_changed":false},"product_brand":[],"product_cat":[763,20],"product_tag":[686,936,934,935,933],"class_list":{"0":"post-2210","1":"product","2":"type-product","3":"status-publish","4":"has-post-thumbnail","6":"product_cat-uruguay","7":"product_cat-sellos-usados","8":"product_tag-686","9":"product_tag-elecciones","10":"product_tag-secreto","11":"product_tag-universal","12":"product_tag-voto","13":"thunk-woo-product-list","14":"opn-qv-enable","15":"open-woo-hover-zoom","16":"open-single-product-tab-horizontal","17":"open-shadow-","18":"open-shadow-hover-","20":"first","21":"instock","22":"sale","23":"shipping-taxable","24":"purchasable","25":"product-type-simple"},"acf":[],"jetpack_sharing_enabled":true,"_links":{"self":[{"href":"https:\/\/filatelia.cuentista.es\/en\/wp-json\/wp\/v2\/product\/2210","targetHints":{"allow":["GET"]}}],"collection":[{"href":"https:\/\/filatelia.cuentista.es\/en\/wp-json\/wp\/v2\/product"}],"about":[{"href":"https:\/\/filatelia.cuentista.es\/en\/wp-json\/wp\/v2\/types\/product"}],"replies":[{"embeddable":true,"href":"https:\/\/filatelia.cuentista.es\/en\/wp-json\/wp\/v2\/comments?post=2210"}],"wp:featuredmedia":[{"embeddable":true,"href":"https:\/\/filatelia.cuentista.es\/en\/wp-json\/wp\/v2\/media\/2211"}],"wp:attachment":[{"href":"https:\/\/filatelia.cuentista.es\/en\/wp-json\/wp\/v2\/media?parent=2210"}],"wp:term":[{"taxonomy":"product_brand","embeddable":true,"href":"https:\/\/filatelia.cuentista.es\/en\/wp-json\/wp\/v2\/product_brand?post=2210"},{"taxonomy":"product_cat","embeddable":true,"href":"https:\/\/filatelia.cuentista.es\/en\/wp-json\/wp\/v2\/product_cat?post=2210"},{"taxonomy":"product_tag","embeddable":true,"href":"https:\/\/filatelia.cuentista.es\/en\/wp-json\/wp\/v2\/product_tag?post=2210"}],"curies":[{"name":"wp","href":"https:\/\/api.w.org\/{rel}","templated":true}]}}