{"id":2209,"date":"2024-09-01T12:34:32","date_gmt":"2024-09-01T12:34:32","guid":{"rendered":"https:\/\/filatelia.cuentista.es\/product\/sello-uruguay-roosevelt-7cents-azul-nuevo"},"modified":"2024-09-01T12:37:11","modified_gmt":"2024-09-01T12:37:11","slug":"sello-uruguay-roosevelt-7cents-azul-nuevo","status":"publish","type":"product","link":"https:\/\/filatelia.cuentista.es\/en\/product\/sello-uruguay-roosevelt-7cents-azul-nuevo","title":{"rendered":"Sello Uruguay 1953 &#8211; Homenaje Roosevelt &#8211; 7cents. Azul Nuevo"},"content":{"rendered":"<p>Sello Uruguay 1953 &#8211; Homenaje Roosevelt &#8211; 7cents. Azul Nuevo<\/p>\n<p>Congreso Postal de Am\u00e9rica y Espa\u00f1a<\/p>\n<p>Pa\u00eds:<\/p>\n<p>Uruguay<\/p>\n<p>Serie:<\/p>\n<p>5th Postal Congress of the Americas and Spain<\/p>\n<p>C\u00f3digo de cat\u00e1logo:<\/p>\n<p>Michel UY 774<\/p>\n<p>Stamp Number UY 603<\/p>\n<p>Yvert et Tellier UY 621<\/p>\n<p>Stanley Gibbons UY 1026<\/p>\n<p>Ciardi UY 621<\/p>\n<p>Temas:<\/p>\n<p>Abogados | Estadistas | Hombres | Jefes de Estado | Personajes Famosos | Pol\u00edticos<\/p>\n<p>Fecha emisi\u00f3n:<\/p>\n<p>1953-04-09<\/p>\n<p>Tama\u00f1o:<\/p>\n<p>26 x 40 mm<\/p>\n<p>Colores:<\/p>\n<p>Azul<\/p>\n<p>Marca de agua:<\/p>\n<p>Sin Marca de agua<\/p>\n<p>Impresores\/Imprentas:<\/p>\n<p>Waterlow &amp; Sons Ltd<\/p>\n<p>Formato:<\/p>\n<p>Sello<\/p>\n<p>Emisi\u00f3n:<\/p>\n<p>Conmemorativo<\/p>\n<p>Perforaci\u00f3n:<\/p>\n<p>14 x 13<\/p>\n<p>Impresi\u00f3n:<\/p>\n<p>Rebaje<\/p>\n<p>Papel:<\/p>\n<p>Medium<\/p>\n<p>Valor facial:<\/p>\n<p>7 Cent\u00e9simo Uruguayo<\/p>\n<p>Tiraje:<\/p>\n<p>5.000.000<\/p>","protected":false},"excerpt":{"rendered":"<p>Sello Uruguay 1953 &#8211; Homenaje Roosevelt &#8211; 7cents. Azul Nuevo Congreso Postal de Am\u00e9rica y Espa\u00f1a Pa\u00eds: Uruguay Serie: 5th Postal Congress of the Americas and Spain C\u00f3digo de cat\u00e1logo: Michel UY 774 Stamp Number UY 603 Yvert et Tellier UY 621 Stanley Gibbons UY 1026 Ciardi UY 621 Temas: Abogados | Estadistas | Hombres &hellip;<\/p>\n<p class=\"read-more\"> <a class=\"thunk-readmore button\" href=\"https:\/\/filatelia.cuentista.es\/en\/product\/sello-uruguay-roosevelt-7cents-azul-nuevo\"> <span class=\"screen-reader-text\">Sello Uruguay 1953 &#8211; Homenaje Roosevelt &#8211; 7cents. Azul Nuevo<\/span>Read More<\/a><\/p>","protected":false},"featured_media":2208,"comment_status":"open","ping_status":"closed","template":"","meta":{"_acf_changed":false},"product_brand":[],"product_cat":[763,21],"product_tag":[408,894,101,1064,1063],"class_list":{"0":"post-2209","1":"product","2":"type-product","3":"status-publish","4":"has-post-thumbnail","6":"product_cat-uruguay","7":"product_cat-sellos-nuevos","8":"product_tag-america","9":"product_tag-correos","10":"product_tag-espana","11":"product_tag-homenaje","12":"product_tag-roosevelt","13":"thunk-woo-product-list","14":"opn-qv-enable","15":"open-woo-hover-zoom","16":"open-single-product-tab-horizontal","17":"open-shadow-","18":"open-shadow-hover-","20":"first","21":"instock","22":"sale","23":"shipping-taxable","24":"purchasable","25":"product-type-simple"},"acf":[],"jetpack_sharing_enabled":true,"_links":{"self":[{"href":"https:\/\/filatelia.cuentista.es\/en\/wp-json\/wp\/v2\/product\/2209","targetHints":{"allow":["GET"]}}],"collection":[{"href":"https:\/\/filatelia.cuentista.es\/en\/wp-json\/wp\/v2\/product"}],"about":[{"href":"https:\/\/filatelia.cuentista.es\/en\/wp-json\/wp\/v2\/types\/product"}],"replies":[{"embeddable":true,"href":"https:\/\/filatelia.cuentista.es\/en\/wp-json\/wp\/v2\/comments?post=2209"}],"wp:featuredmedia":[{"embeddable":true,"href":"https:\/\/filatelia.cuentista.es\/en\/wp-json\/wp\/v2\/media\/2208"}],"wp:attachment":[{"href":"https:\/\/filatelia.cuentista.es\/en\/wp-json\/wp\/v2\/media?parent=2209"}],"wp:term":[{"taxonomy":"product_brand","embeddable":true,"href":"https:\/\/filatelia.cuentista.es\/en\/wp-json\/wp\/v2\/product_brand?post=2209"},{"taxonomy":"product_cat","embeddable":true,"href":"https:\/\/filatelia.cuentista.es\/en\/wp-json\/wp\/v2\/product_cat?post=2209"},{"taxonomy":"product_tag","embeddable":true,"href":"https:\/\/filatelia.cuentista.es\/en\/wp-json\/wp\/v2\/product_tag?post=2209"}],"curies":[{"name":"wp","href":"https:\/\/api.w.org\/{rel}","templated":true}]}}