{"id":2205,"date":"2024-09-01T12:29:16","date_gmt":"2024-09-01T12:29:16","guid":{"rendered":"https:\/\/filatelia.cuentista.es\/product\/sello-uruguay-1967-juventus-agraria-40c-marron-y-amarillo"},"modified":"2024-09-01T12:29:16","modified_gmt":"2024-09-01T12:29:16","slug":"sello-uruguay-1967-juventus-agraria-40c-marron-y-amarillo","status":"publish","type":"product","link":"https:\/\/filatelia.cuentista.es\/en\/product\/sello-uruguay-1967-juventus-agraria-40c-marron-y-amarillo","title":{"rendered":"Sello Uruguay 1967 &#8211; Juventus Agraria &#8211; 40c Marr\u00f3n y Amarillo"},"content":{"rendered":"<p>Sello Uruguay 1967 &#8211; Juventus Agraria &#8211; 40c Marr\u00f3n y Amarillo<\/p>\n<p>Pa\u00eds:<\/p>\n<p>Uruguay<\/p>\n<p>Serie:<\/p>\n<p>20th Anniversary of Young Farmers&#8217; Movement<\/p>\n<p>C\u00f3digo de cat\u00e1logo:<\/p>\n<p>Michel UY 1067<\/p>\n<p>Stamp Number UY 741<\/p>\n<p>Yvert et Tellier UY 751<\/p>\n<p>Stanley Gibbons UY 1318<\/p>\n<p>Ciardi UY 751<\/p>\n<p>Temas:<\/p>\n<p>Agricultura | Aniversarios y Jubileos | Flores | Girasoles | Organizaci\u00f3n del Trabajo | Plantas (Flora) | Vacas<\/p>\n<p>Fecha emisi\u00f3n:<\/p>\n<p>1967-01-13<\/p>\n<p>Colores:<\/p>\n<p>Multicolor<\/p>\n<p>Marca de agua:<\/p>\n<p>ROU en Sol [Up]<\/p>\n<p>Dise\u00f1adores:<\/p>\n<p>Angel Medina<\/p>\n<p>Impresores\/Imprentas:<\/p>\n<p>Imprenta Nacional, Montevideo<\/p>\n<p>Formato:<\/p>\n<p>Sello<\/p>\n<p>Emisi\u00f3n:<\/p>\n<p>Conmemorativo<\/p>\n<p>Perforaci\u00f3n:<\/p>\n<p>peine12\u00bc<\/p>\n<p>Impresi\u00f3n:<\/p>\n<p>Litograf\u00eda offset<\/p>\n<p>Papel:<\/p>\n<p>Medium<\/p>\n<p>Valor facial:<\/p>\n<p>40 Cent\u00e9simo Uruguayo<\/p>\n<p>Tiraje:<\/p>\n<p>1.000.000<\/p>\n","protected":false},"excerpt":{"rendered":"<p>Sello Uruguay 1967 &#8211; Juventus Agraria &#8211; 40c Marr\u00f3n y Amarillo Pa\u00eds: Uruguay Serie: 20th Anniversary of Young Farmers&#8217; Movement C\u00f3digo de cat\u00e1logo: Michel UY 1067 Stamp Number UY 741 Yvert et Tellier UY 751 Stanley Gibbons UY 1318 Ciardi UY 751 Temas: Agricultura | Aniversarios y Jubileos | Flores | Girasoles | Organizaci\u00f3n del &hellip;<\/p>\n<p class=\"read-more\"> <a class=\"thunk-readmore button\" href=\"https:\/\/filatelia.cuentista.es\/en\/product\/sello-uruguay-1967-juventus-agraria-40c-marron-y-amarillo\"> <span class=\"screen-reader-text\">Sello Uruguay 1967 &#8211; Juventus Agraria &#8211; 40c Marr\u00f3n y Amarillo<\/span>Read More<\/a><\/p>","protected":false},"featured_media":2204,"comment_status":"open","ping_status":"closed","template":"","meta":{"_acf_changed":false},"product_brand":[],"product_cat":[763,21],"product_tag":[648,1058,1059],"class_list":{"0":"post-2205","1":"product","2":"type-product","3":"status-publish","4":"has-post-thumbnail","6":"product_cat-uruguay","7":"product_cat-sellos-nuevos","8":"product_tag-campo","9":"product_tag-girasol","10":"product_tag-mja","11":"thunk-woo-product-list","12":"opn-qv-enable","13":"open-woo-hover-zoom","14":"open-single-product-tab-horizontal","15":"open-shadow-","16":"open-shadow-hover-","18":"first","19":"instock","20":"sale","21":"shipping-taxable","22":"purchasable","23":"product-type-simple"},"acf":[],"jetpack_sharing_enabled":true,"_links":{"self":[{"href":"https:\/\/filatelia.cuentista.es\/en\/wp-json\/wp\/v2\/product\/2205","targetHints":{"allow":["GET"]}}],"collection":[{"href":"https:\/\/filatelia.cuentista.es\/en\/wp-json\/wp\/v2\/product"}],"about":[{"href":"https:\/\/filatelia.cuentista.es\/en\/wp-json\/wp\/v2\/types\/product"}],"replies":[{"embeddable":true,"href":"https:\/\/filatelia.cuentista.es\/en\/wp-json\/wp\/v2\/comments?post=2205"}],"wp:featuredmedia":[{"embeddable":true,"href":"https:\/\/filatelia.cuentista.es\/en\/wp-json\/wp\/v2\/media\/2204"}],"wp:attachment":[{"href":"https:\/\/filatelia.cuentista.es\/en\/wp-json\/wp\/v2\/media?parent=2205"}],"wp:term":[{"taxonomy":"product_brand","embeddable":true,"href":"https:\/\/filatelia.cuentista.es\/en\/wp-json\/wp\/v2\/product_brand?post=2205"},{"taxonomy":"product_cat","embeddable":true,"href":"https:\/\/filatelia.cuentista.es\/en\/wp-json\/wp\/v2\/product_cat?post=2205"},{"taxonomy":"product_tag","embeddable":true,"href":"https:\/\/filatelia.cuentista.es\/en\/wp-json\/wp\/v2\/product_tag?post=2205"}],"curies":[{"name":"wp","href":"https:\/\/api.w.org\/{rel}","templated":true}]}}