{"id":2200,"date":"2024-09-01T11:43:14","date_gmt":"2024-09-01T11:43:14","guid":{"rendered":"https:\/\/filatelia.cuentista.es\/?post_type=product&#038;p=2200"},"modified":"2024-10-27T18:38:31","modified_gmt":"2024-10-27T18:38:31","slug":"sello-uruguay-1960-martin-martinez-5-centimos-violeta-y-negro-nuevo-2","status":"publish","type":"product","link":"https:\/\/filatelia.cuentista.es\/en\/product\/sello-uruguay-1960-martin-martinez-5-centimos-violeta-y-negro-nuevo-2","title":{"rendered":"Sello Uruguay 1960 &#8211; Mart\u00edn Mart\u00ednez &#8211; 10 C\u00e9ntimos Azul y negro &#8211; Nuevo"},"content":{"rendered":"<p>Copia de Sello Uruguay 1960 &#8211; Mart\u00edn Mart\u00ednez &#8211; 10 C\u00e9ntimos Azul y negro &#8211; Nuevo<\/p>\n<p>Pa\u00eds:<\/p>\n<p>Uruguay<\/p>\n<p>Serie:<\/p>\n<p>Dr. Martin C. Martinez, birth Cent.<\/p>\n<p>C\u00f3digo de cat\u00e1logo:<\/p>\n<p>Michel UY 868<\/p>\n<p>Stamp Number UY 650<\/p>\n<p>Yvert et Tellier UY 671<\/p>\n<p>Stanley Gibbons UY 1131<\/p>\n<p>Ciardi UY 671<\/p>\n<p>Temas:<\/p>\n<p>Estadistas | Hombres | Instrumentos \u00d3pticos | Personajes Famosos | Pol\u00edticos<\/p>\n<p>Fecha emisi\u00f3n:<\/p>\n<p>1960-09-05<\/p>\n<p>Tama\u00f1o:<\/p>\n<p>25 x 35 mm<\/p>\n<p>Colores:<\/p>\n<p>Azul | Negro<\/p>\n<p>Marca de agua:<\/p>\n<p>ROU en Sol [Up]<\/p>\n<p>Impresores\/Imprentas:<\/p>\n<p>Imprenta Nacional, Montevideo<\/p>\n<p>Formato:<\/p>\n<p>Sello<\/p>\n<p>Emisi\u00f3n:<\/p>\n<p>Conmemorativo<\/p>\n<p>Perforaci\u00f3n:<\/p>\n<p>12<\/p>\n<p>Impresi\u00f3n:<\/p>\n<p>Litograf\u00eda offset<\/p>\n<p>Papel:<\/p>\n<p>white, medium<\/p>\n<p>Valor facial:<\/p>\n<p>10 Cent\u00e9simo Uruguayo<\/p>\n<p>Tiraje:<\/p>\n<p>3.000.000<\/p>\n","protected":false},"excerpt":{"rendered":"<p>Copia de Sello Uruguay 1960 &#8211; Mart\u00edn Mart\u00ednez &#8211; 10 C\u00e9ntimos Azul y negro &#8211; Nuevo Pa\u00eds: Uruguay Serie: Dr. Martin C. Martinez, birth Cent. C\u00f3digo de cat\u00e1logo: Michel UY 868 Stamp Number UY 650 Yvert et Tellier UY 671 Stanley Gibbons UY 1131 Ciardi UY 671 Temas: Estadistas | Hombres | Instrumentos \u00d3pticos | &hellip;<\/p>\n<p class=\"read-more\"> <a class=\"thunk-readmore button\" href=\"https:\/\/filatelia.cuentista.es\/en\/product\/sello-uruguay-1960-martin-martinez-5-centimos-violeta-y-negro-nuevo-2\"> <span class=\"screen-reader-text\">Sello Uruguay 1960 &#8211; Mart\u00edn Mart\u00ednez &#8211; 10 C\u00e9ntimos Azul y negro &#8211; Nuevo<\/span>Read More<\/a><\/p>","protected":false},"featured_media":2201,"comment_status":"open","ping_status":"closed","template":"","meta":{"_acf_changed":false},"product_brand":[],"product_cat":[763,21],"product_tag":[772,948,949,629],"class_list":{"0":"post-2200","1":"product","2":"type-product","3":"status-publish","4":"has-post-thumbnail","6":"product_cat-uruguay","7":"product_cat-sellos-nuevos","8":"product_tag-772","9":"product_tag-estadista","10":"product_tag-optica","11":"product_tag-uruguay","12":"thunk-woo-product-list","13":"opn-qv-enable","14":"open-woo-hover-zoom","15":"open-single-product-tab-horizontal","16":"open-shadow-","17":"open-shadow-hover-","19":"first","20":"instock","21":"sale","22":"shipping-taxable","23":"purchasable","24":"product-type-simple"},"acf":[],"jetpack_sharing_enabled":true,"_links":{"self":[{"href":"https:\/\/filatelia.cuentista.es\/en\/wp-json\/wp\/v2\/product\/2200","targetHints":{"allow":["GET"]}}],"collection":[{"href":"https:\/\/filatelia.cuentista.es\/en\/wp-json\/wp\/v2\/product"}],"about":[{"href":"https:\/\/filatelia.cuentista.es\/en\/wp-json\/wp\/v2\/types\/product"}],"replies":[{"embeddable":true,"href":"https:\/\/filatelia.cuentista.es\/en\/wp-json\/wp\/v2\/comments?post=2200"}],"wp:featuredmedia":[{"embeddable":true,"href":"https:\/\/filatelia.cuentista.es\/en\/wp-json\/wp\/v2\/media\/2201"}],"wp:attachment":[{"href":"https:\/\/filatelia.cuentista.es\/en\/wp-json\/wp\/v2\/media?parent=2200"}],"wp:term":[{"taxonomy":"product_brand","embeddable":true,"href":"https:\/\/filatelia.cuentista.es\/en\/wp-json\/wp\/v2\/product_brand?post=2200"},{"taxonomy":"product_cat","embeddable":true,"href":"https:\/\/filatelia.cuentista.es\/en\/wp-json\/wp\/v2\/product_cat?post=2200"},{"taxonomy":"product_tag","embeddable":true,"href":"https:\/\/filatelia.cuentista.es\/en\/wp-json\/wp\/v2\/product_tag?post=2200"}],"curies":[{"name":"wp","href":"https:\/\/api.w.org\/{rel}","templated":true}]}}