{"id":2199,"date":"2024-09-01T11:42:48","date_gmt":"2024-09-01T11:42:48","guid":{"rendered":"https:\/\/filatelia.cuentista.es\/product\/sello-uruguay-bernardo-berro-10c-azul-y-negro"},"modified":"2024-10-13T15:31:04","modified_gmt":"2024-10-13T15:31:04","slug":"sello-uruguay-bernardo-berro-10c-azul-y-negro","status":"publish","type":"product","link":"https:\/\/filatelia.cuentista.es\/en\/product\/sello-uruguay-bernardo-berro-10c-azul-y-negro","title":{"rendered":"Sello Uruguay 1962 &#8211; Bernardo Berro &#8211; 10c. Azul y Negro"},"content":{"rendered":"<p>Sello Uruguay 1962 &#8211; Bernardo Berro &#8211; 10c. Azul y Negro<\/p>\n<p><b>Bernardo Prudencio Berro Larra\u00f1aga<\/b><span>(<\/span><a href=\"https:\/\/es.m.wikipedia.org\/wiki\/Montevideo\" title=\"Montevideo\">Montevideo<\/a><span>, 28 de abril de 1803 &#8211; 19 de febrero de 1868) fue un<\/span><span><span class=\"Apple-converted-space\">&nbsp;<\/span><\/span><a href=\"https:\/\/es.m.wikipedia.org\/wiki\/Pol%C3%ADtico\" title=\"Pol\u00edtico\">pol\u00edtico<\/a><span><span class=\"Apple-converted-space\">&nbsp;<\/span><\/span><span>y<\/span><span><span class=\"Apple-converted-space\">&nbsp;<\/span><\/span><a href=\"https:\/\/es.m.wikipedia.org\/wiki\/Escritor\" title=\"Escritor\">escritor<\/a><a href=\"https:\/\/es.m.wikipedia.org\/wiki\/Uruguayo\" class=\"mw-redirect\" title=\"Uruguayo\">uruguayo<\/a><span>, miembro del<\/span><span><span class=\"Apple-converted-space\">&nbsp;<\/span><\/span><a href=\"https:\/\/es.m.wikipedia.org\/wiki\/Partido_Nacional_(Uruguay)\" title=\"Partido Nacional (Uruguay)\">Partido Nacional<\/a><span><span class=\"Apple-converted-space\">&nbsp;<\/span><\/span><span>y<\/span><span><span class=\"Apple-converted-space\">&nbsp;<\/span><\/span><a href=\"https:\/\/es.m.wikipedia.org\/wiki\/Presidente_de_Uruguay\" title=\"Presidente de Uruguay\">Presidente de la Rep\u00fablica<\/a><span><span class=\"Apple-converted-space\">&nbsp;<\/span><\/span><span>entre 1860 y 1864<\/span><\/p>\n<p>Pa\u00eds:<\/p>\n<p>Uruguay<\/p>\n<p>Serie:<\/p>\n<p>Bernardo Prudencio Berro<\/p>\n<p>C\u00f3digo de cat\u00e1logo:<\/p>\n<p>Michel UY 940<\/p>\n<p>Stamp Number UY 691<\/p>\n<p>Yvert et Tellier UY 702<\/p>\n<p>Stanley Gibbons UY 1203<\/p>\n<p>Ciardi UY 702<\/p>\n<p>Tiene variantes menores: 1<\/p>\n<p>Temas:<\/p>\n<p>Hombres | Jefes de Estado | Personajes Famosos | Pol\u00edticos<\/p>\n<p>Fecha emisi\u00f3n:<\/p>\n<p>1962-10-22<\/p>\n<p>Colores:<\/p>\n<p>Azul | Negro<\/p>\n<p>Marca de agua:<\/p>\n<p>ROU en Sol [Up]<\/p>\n<p>Impresores\/Imprentas:<\/p>\n<p>Imprenta Nacional, Montevideo<\/p>\n<p>Formato:<\/p>\n<p>Sello<\/p>\n<p>Emisi\u00f3n:<\/p>\n<p>Conmemorativo<\/p>\n<p>Perforaci\u00f3n:<\/p>\n<p>peine12<\/p>\n<p>Impresi\u00f3n:<\/p>\n<p>Litograf\u00eda offset<\/p>\n<p>Papel:<\/p>\n<p>Medium<\/p>\n<p>Valor facial:<\/p>\n<p>10 Cent\u00e9simo Uruguayo<\/p>\n<p>Tiraje:<\/p>\n<p>1.500.000<\/p>\n","protected":false},"excerpt":{"rendered":"<p>Sello Uruguay 1962 &#8211; Bernardo Berro &#8211; 10c. Azul y Negro Bernardo Prudencio Berro Larra\u00f1aga(Montevideo, 28 de abril de 1803 &#8211; 19 de febrero de 1868) fue un&nbsp;pol\u00edtico&nbsp;y&nbsp;escritoruruguayo, miembro del&nbsp;Partido Nacional&nbsp;y&nbsp;Presidente de la Rep\u00fablica&nbsp;entre 1860 y 1864 Pa\u00eds: Uruguay Serie: Bernardo Prudencio Berro C\u00f3digo de cat\u00e1logo: Michel UY 940 Stamp Number UY 691 Yvert et &hellip;<\/p>\n<p class=\"read-more\"> <a class=\"thunk-readmore button\" href=\"https:\/\/filatelia.cuentista.es\/en\/product\/sello-uruguay-bernardo-berro-10c-azul-y-negro\"> <span class=\"screen-reader-text\">Sello Uruguay 1962 &#8211; Bernardo Berro &#8211; 10c. Azul y Negro<\/span>Read More<\/a><\/p>","protected":false},"featured_media":2198,"comment_status":"open","ping_status":"closed","template":"","meta":{"_acf_changed":false},"product_brand":[],"product_cat":[763,20],"product_tag":[1053,1055,791,985],"class_list":{"0":"post-2199","1":"product","2":"type-product","3":"status-publish","4":"has-post-thumbnail","6":"product_cat-uruguay","7":"product_cat-sellos-usados","8":"product_tag-bernardo","9":"product_tag-berro","10":"product_tag-politico","11":"product_tag-presidente","12":"thunk-woo-product-list","13":"opn-qv-enable","14":"open-woo-hover-zoom","15":"open-single-product-tab-horizontal","16":"open-shadow-","17":"open-shadow-hover-","19":"first","20":"instock","21":"shipping-taxable","22":"purchasable","23":"product-type-simple"},"acf":[],"jetpack_sharing_enabled":true,"_links":{"self":[{"href":"https:\/\/filatelia.cuentista.es\/en\/wp-json\/wp\/v2\/product\/2199","targetHints":{"allow":["GET"]}}],"collection":[{"href":"https:\/\/filatelia.cuentista.es\/en\/wp-json\/wp\/v2\/product"}],"about":[{"href":"https:\/\/filatelia.cuentista.es\/en\/wp-json\/wp\/v2\/types\/product"}],"replies":[{"embeddable":true,"href":"https:\/\/filatelia.cuentista.es\/en\/wp-json\/wp\/v2\/comments?post=2199"}],"wp:featuredmedia":[{"embeddable":true,"href":"https:\/\/filatelia.cuentista.es\/en\/wp-json\/wp\/v2\/media\/2198"}],"wp:attachment":[{"href":"https:\/\/filatelia.cuentista.es\/en\/wp-json\/wp\/v2\/media?parent=2199"}],"wp:term":[{"taxonomy":"product_brand","embeddable":true,"href":"https:\/\/filatelia.cuentista.es\/en\/wp-json\/wp\/v2\/product_brand?post=2199"},{"taxonomy":"product_cat","embeddable":true,"href":"https:\/\/filatelia.cuentista.es\/en\/wp-json\/wp\/v2\/product_cat?post=2199"},{"taxonomy":"product_tag","embeddable":true,"href":"https:\/\/filatelia.cuentista.es\/en\/wp-json\/wp\/v2\/product_tag?post=2199"}],"curies":[{"name":"wp","href":"https:\/\/api.w.org\/{rel}","templated":true}]}}