{"id":2193,"date":"2024-09-01T11:29:27","date_gmt":"2024-09-01T11:29:27","guid":{"rendered":"https:\/\/filatelia.cuentista.es\/product\/sello-uruguay-1956-eduardo-acevedo-10-centimos-azul-y-negro"},"modified":"2024-09-01T11:32:40","modified_gmt":"2024-09-01T11:32:40","slug":"sello-uruguay-1956-eduardo-acevedo-10-centimos-azul-y-negro","status":"publish","type":"product","link":"https:\/\/filatelia.cuentista.es\/en\/product\/sello-uruguay-1956-eduardo-acevedo-10-centimos-azul-y-negro","title":{"rendered":"Sello Uruguay 1958 &#8211; Eduardo Acevedo &#8211; 10 c\u00e9ntimos. Azul y Negro"},"content":{"rendered":"<p>Sello Uruguay 1958 &#8211; Eduardo Acevedo &#8211; 10 c\u00e9ntimos. Azul y Negro<\/p>\n<p><b>Eduardo Acevedo D\u00edaz<\/b><span><span class=\"Apple-converted-space\">&nbsp;<\/span><\/span><span>(<\/span><a href=\"https:\/\/es.m.wikipedia.org\/wiki\/La_Uni%C3%B3n_(Montevideo)\" title=\"La Uni\u00f3n (Montevideo)\">Villa de la Uni\u00f3n<\/a><span>,<\/span><span><span class=\"Apple-converted-space\">&nbsp;<\/span><\/span><a href=\"https:\/\/es.m.wikipedia.org\/wiki\/Montevideo\" title=\"Montevideo\">Montevideo<\/a><span>, 20 de abril de 1851 \u2013<\/span><span><span class=\"Apple-converted-space\">&nbsp;<\/span><\/span><a href=\"https:\/\/es.m.wikipedia.org\/wiki\/Buenos_Aires\" title=\"Buenos Aires\">Buenos Aires<\/a><span>,<\/span><span><span class=\"Apple-converted-space\">&nbsp;<\/span><\/span><a href=\"https:\/\/es.m.wikipedia.org\/wiki\/Argentina\" title=\"Argentina\">Argentina<\/a><span>, 18 de junio de 1921), fue un<\/span><span><span class=\"Apple-converted-space\">&nbsp;<\/span><\/span><a href=\"https:\/\/es.m.wikipedia.org\/wiki\/Escritor\" title=\"Escritor\">escritor<\/a><span>,<\/span><span><span class=\"Apple-converted-space\">&nbsp;<\/span><\/span><a href=\"https:\/\/es.m.wikipedia.org\/wiki\/Periodista\" title=\"Periodista\">periodista<\/a><span><span class=\"Apple-converted-space\">&nbsp;<\/span><\/span><span>y<\/span><span><span class=\"Apple-converted-space\">&nbsp;<\/span><\/span><a href=\"https:\/\/es.m.wikipedia.org\/wiki\/Pol%C3%ADtico\" title=\"Pol\u00edtico\">pol\u00edtico<\/a><span><span class=\"Apple-converted-space\">&nbsp;<\/span><\/span><a href=\"https:\/\/es.m.wikipedia.org\/wiki\/Nacionalidad_uruguaya\" title=\"Nacionalidad uruguaya\">uruguayo<\/a><span>perteneciente al<\/span><span><span class=\"Apple-converted-space\">&nbsp;<\/span><\/span><a href=\"https:\/\/es.m.wikipedia.org\/wiki\/Partido_Nacional_(Uruguay)\" title=\"Partido Nacional (Uruguay)\">Partido Nacional<\/a><span>. Es considerado como el iniciador de la novela nacional de su pa\u00eds, tom\u00f3 parte activa en la pol\u00edtica y sufri\u00f3 varios destierros.<\/span><\/p>\n<p>Pa\u00eds:<\/p>\n<p>Uruguay<\/p>\n<p>Serie:<\/p>\n<p>Birth Centenary of Dr. Eduardo Acevedo<\/p>\n<p>C\u00f3digo de cat\u00e1logo:<\/p>\n<p>Michel UY 813<\/p>\n<p>Stamp Number UY 631<\/p>\n<p>Yvert et Tellier UY 649<\/p>\n<p>Stanley Gibbons UY 1076<\/p>\n<p>Ciardi UY 649e<\/p>\n<p>Temas:<\/p>\n<p>Abogados | Hombres | Personajes Famosos | Pol\u00edticos<\/p>\n<p>Fecha emisi\u00f3n:<\/p>\n<p>1958-03-19<\/p>\n<p>Tama\u00f1o:<\/p>\n<p>29 x 37 mm<\/p>\n<p>Colores:<\/p>\n<p>Azul | Negro<\/p>\n<p>Marca de agua:<\/p>\n<p>Sin Marca de agua<\/p>\n<p>Impresores\/Imprentas:<\/p>\n<p>Imprenta Nacional, Montevideo<\/p>\n<p>Formato:<\/p>\n<p>Sello<\/p>\n<p>Emisi\u00f3n:<\/p>\n<p>Conmemorativo<\/p>\n<p>Perforaci\u00f3n:<\/p>\n<p>11<\/p>\n<p>Impresi\u00f3n:<\/p>\n<p>Litograf\u00eda offset<\/p>\n<p>Papel:<\/p>\n<p>Medium<\/p>\n<p>Valor facial:<\/p>\n<p>10 Cent\u00e9simo Uruguayo<\/p>\n<p>Tiraje:<\/p>\n<p>3.000.000<\/p>","protected":false},"excerpt":{"rendered":"<p>Sello Uruguay 1958 &#8211; Eduardo Acevedo &#8211; 10 c\u00e9ntimos. Azul y Negro Eduardo Acevedo D\u00edaz&nbsp;(Villa de la Uni\u00f3n,&nbsp;Montevideo, 20 de abril de 1851 \u2013&nbsp;Buenos Aires,&nbsp;Argentina, 18 de junio de 1921), fue un&nbsp;escritor,&nbsp;periodista&nbsp;y&nbsp;pol\u00edtico&nbsp;uruguayoperteneciente al&nbsp;Partido Nacional. Es considerado como el iniciador de la novela nacional de su pa\u00eds, tom\u00f3 parte activa en la pol\u00edtica y sufri\u00f3 varios &hellip;<\/p>\n<p class=\"read-more\"> <a class=\"thunk-readmore button\" href=\"https:\/\/filatelia.cuentista.es\/en\/product\/sello-uruguay-1956-eduardo-acevedo-10-centimos-azul-y-negro\"> <span class=\"screen-reader-text\">Sello Uruguay 1958 &#8211; Eduardo Acevedo &#8211; 10 c\u00e9ntimos. Azul y Negro<\/span>Read More<\/a><\/p>","protected":false},"featured_media":2192,"comment_status":"open","ping_status":"closed","template":"","meta":{"_acf_changed":false},"product_brand":[],"product_cat":[763,20],"product_tag":[1048,350,1047,791],"class_list":{"0":"post-2193","1":"product","2":"type-product","3":"status-publish","4":"has-post-thumbnail","6":"product_cat-uruguay","7":"product_cat-sellos-usados","8":"product_tag-acevedo","9":"product_tag-escritor","10":"product_tag-periodista","11":"product_tag-politico","12":"thunk-woo-product-list","13":"opn-qv-enable","14":"open-woo-hover-zoom","15":"open-single-product-tab-horizontal","16":"open-shadow-","17":"open-shadow-hover-","19":"first","20":"instock","21":"sale","22":"shipping-taxable","23":"purchasable","24":"product-type-simple"},"acf":[],"jetpack_sharing_enabled":true,"_links":{"self":[{"href":"https:\/\/filatelia.cuentista.es\/en\/wp-json\/wp\/v2\/product\/2193","targetHints":{"allow":["GET"]}}],"collection":[{"href":"https:\/\/filatelia.cuentista.es\/en\/wp-json\/wp\/v2\/product"}],"about":[{"href":"https:\/\/filatelia.cuentista.es\/en\/wp-json\/wp\/v2\/types\/product"}],"replies":[{"embeddable":true,"href":"https:\/\/filatelia.cuentista.es\/en\/wp-json\/wp\/v2\/comments?post=2193"}],"wp:featuredmedia":[{"embeddable":true,"href":"https:\/\/filatelia.cuentista.es\/en\/wp-json\/wp\/v2\/media\/2192"}],"wp:attachment":[{"href":"https:\/\/filatelia.cuentista.es\/en\/wp-json\/wp\/v2\/media?parent=2193"}],"wp:term":[{"taxonomy":"product_brand","embeddable":true,"href":"https:\/\/filatelia.cuentista.es\/en\/wp-json\/wp\/v2\/product_brand?post=2193"},{"taxonomy":"product_cat","embeddable":true,"href":"https:\/\/filatelia.cuentista.es\/en\/wp-json\/wp\/v2\/product_cat?post=2193"},{"taxonomy":"product_tag","embeddable":true,"href":"https:\/\/filatelia.cuentista.es\/en\/wp-json\/wp\/v2\/product_tag?post=2193"}],"curies":[{"name":"wp","href":"https:\/\/api.w.org\/{rel}","templated":true}]}}