{"id":2191,"date":"2024-09-01T11:25:46","date_gmt":"2024-09-01T11:25:46","guid":{"rendered":"https:\/\/filatelia.cuentista.es\/product\/sello-uruguay-artigas-en-la-batalla-de-las-piedras-2-cent-lila-y-marron"},"modified":"2024-09-01T11:28:07","modified_gmt":"2024-09-01T11:28:07","slug":"sello-uruguay-artigas-en-la-batalla-de-las-piedras-2-cent-lila-y-marron","status":"publish","type":"product","link":"https:\/\/filatelia.cuentista.es\/en\/product\/sello-uruguay-artigas-en-la-batalla-de-las-piedras-2-cent-lila-y-marron","title":{"rendered":"Sello Uruguay 1952 &#8211; Artigas en la Batalla de Las Piedras &#8211; 2 cent. Lila y marr\u00f3n puntas deterioradas"},"content":{"rendered":"<p>Sello Uruguay 1952 &#8211; Artigas en la Batalla de Las Piedras &#8211; 2 cent. Lila y marr\u00f3n puntas deterioradas<\/p>\n<p>Pa\u00eds:<\/p>\n<p>Uruguay<\/p>\n<p>Serie:<\/p>\n<p>Centenary of the death of Gral. Jose Artigas<\/p>\n<p>C\u00f3digo de cat\u00e1logo:<\/p>\n<p>Michel UY 759<\/p>\n<p>Stamp Number UY 588<\/p>\n<p>Yvert et Tellier UY 606<\/p>\n<p>Stanley Gibbons UY 1011<\/p>\n<p>Ciardi UY 606<\/p>\n<p>Temas:<\/p>\n<p>Batallas | Caballos | Estadistas | Generales | H\u00e9roes | Oficiales Militares | Personajes de la Independencia<\/p>\n<p>Fecha emisi\u00f3n:<\/p>\n<p>1952-01-07<\/p>\n<p>Tama\u00f1o:<\/p>\n<p>30 x 40 mm<\/p>\n<p>Colores:<\/p>\n<p>Lila | Rojo marr\u00f3n<\/p>\n<p>Marca de agua:<\/p>\n<p>Sin Marca de agua<\/p>\n<p>Impresores\/Imprentas:<\/p>\n<p>Waterlow &amp; Sons Ltd<\/p>\n<p>Formato:<\/p>\n<p>Sello<\/p>\n<p>Emisi\u00f3n:<\/p>\n<p>Conmemorativo<\/p>\n<p>Perforaci\u00f3n:<\/p>\n<p>13\u00bd<\/p>\n<p>Impresi\u00f3n:<\/p>\n<p>Rebaje<\/p>\n<p>Papel:<\/p>\n<p>Medium<\/p>\n<p>Valor facial:<\/p>\n<p>2 Cent\u00e9simo Uruguayo<\/p>\n<p>Tiraje:<\/p>\n<p>3.000.000<\/p>","protected":false},"excerpt":{"rendered":"<p>Sello Uruguay 1952 &#8211; Artigas en la Batalla de Las Piedras &#8211; 2 cent. Lila y marr\u00f3n puntas deterioradas Pa\u00eds: Uruguay Serie: Centenary of the death of Gral. Jose Artigas C\u00f3digo de cat\u00e1logo: Michel UY 759 Stamp Number UY 588 Yvert et Tellier UY 606 Stanley Gibbons UY 1011 Ciardi UY 606 Temas: Batallas | &hellip;<\/p>\n<p class=\"read-more\"> <a class=\"thunk-readmore button\" href=\"https:\/\/filatelia.cuentista.es\/en\/product\/sello-uruguay-artigas-en-la-batalla-de-las-piedras-2-cent-lila-y-marron\"> <span class=\"screen-reader-text\">Sello Uruguay 1952 &#8211; Artigas en la Batalla de Las Piedras &#8211; 2 cent. Lila y marr\u00f3n puntas deterioradas<\/span>Read More<\/a><\/p>","protected":false},"featured_media":2190,"comment_status":"open","ping_status":"closed","template":"","meta":{"_acf_changed":false},"product_brand":[],"product_cat":[15],"product_tag":[770,1046,45],"class_list":{"0":"post-2191","1":"product","2":"type-product","3":"status-publish","4":"has-post-thumbnail","6":"product_cat-coleccionismo","7":"product_tag-artigas","8":"product_tag-batalla","9":"product_tag-historia","10":"thunk-woo-product-list","11":"opn-qv-enable","12":"open-woo-hover-zoom","13":"open-single-product-tab-horizontal","14":"open-shadow-","15":"open-shadow-hover-","17":"first","18":"instock","19":"sale","20":"shipping-taxable","21":"purchasable","22":"product-type-simple"},"acf":[],"jetpack_sharing_enabled":true,"_links":{"self":[{"href":"https:\/\/filatelia.cuentista.es\/en\/wp-json\/wp\/v2\/product\/2191","targetHints":{"allow":["GET"]}}],"collection":[{"href":"https:\/\/filatelia.cuentista.es\/en\/wp-json\/wp\/v2\/product"}],"about":[{"href":"https:\/\/filatelia.cuentista.es\/en\/wp-json\/wp\/v2\/types\/product"}],"replies":[{"embeddable":true,"href":"https:\/\/filatelia.cuentista.es\/en\/wp-json\/wp\/v2\/comments?post=2191"}],"wp:featuredmedia":[{"embeddable":true,"href":"https:\/\/filatelia.cuentista.es\/en\/wp-json\/wp\/v2\/media\/2190"}],"wp:attachment":[{"href":"https:\/\/filatelia.cuentista.es\/en\/wp-json\/wp\/v2\/media?parent=2191"}],"wp:term":[{"taxonomy":"product_brand","embeddable":true,"href":"https:\/\/filatelia.cuentista.es\/en\/wp-json\/wp\/v2\/product_brand?post=2191"},{"taxonomy":"product_cat","embeddable":true,"href":"https:\/\/filatelia.cuentista.es\/en\/wp-json\/wp\/v2\/product_cat?post=2191"},{"taxonomy":"product_tag","embeddable":true,"href":"https:\/\/filatelia.cuentista.es\/en\/wp-json\/wp\/v2\/product_tag?post=2191"}],"curies":[{"name":"wp","href":"https:\/\/api.w.org\/{rel}","templated":true}]}}