{"id":2189,"date":"2024-09-01T11:22:31","date_gmt":"2024-09-01T11:22:31","guid":{"rendered":"https:\/\/filatelia.cuentista.es\/product\/sello-uruguay-1990-centenario-sistema-interamericano-830-n-azul-amarillo-y-negro"},"modified":"2024-09-01T11:24:15","modified_gmt":"2024-09-01T11:24:15","slug":"sello-uruguay-1990-centenario-sistema-interamericano-830-n-azul-amarillo-y-negro","status":"publish","type":"product","link":"https:\/\/filatelia.cuentista.es\/en\/product\/sello-uruguay-1990-centenario-sistema-interamericano-830-n-azul-amarillo-y-negro","title":{"rendered":"Sello Uruguay 1990 &#8211; Centenario sistema Interamericano &#8211; 830 N$ azul amarillo y negro"},"content":{"rendered":"<p>Sello Uruguay 1990 &#8211; Centenario sistema Interamericano &#8211; 830 N$ azul amarillo y negro<\/p>\n<p>Pa\u00eds:<\/p>\n<p>Uruguay<\/p>\n<p>Serie:<\/p>\n<p>Organization of American States, Cent.<\/p>\n<p>C\u00f3digo de cat\u00e1logo:<\/p>\n<p>Michel UY 1893<\/p>\n<p>Stamp Number UY 1360<\/p>\n<p>Yvert et Tellier UY 1342<\/p>\n<p>Stanley Gibbons UY 2018<\/p>\n<p>Ciardi UY 1344<\/p>\n<p>Temas:<\/p>\n<p>Organizaciones | Pol\u00edtica | Sellos (Emblemas)<\/p>\n<p>Fecha emisi\u00f3n:<\/p>\n<p>1991-03-12<\/p>\n<p>Colores:<\/p>\n<p>Multicolor<\/p>\n<p>Marca de agua:<\/p>\n<p>ROU en Sol [Up]<\/p>\n<p>Dise\u00f1adores:<\/p>\n<p>Rodolfo Cand\u00e1n<\/p>\n<p>Impresores\/Imprentas:<\/p>\n<p>Imprenta Nacional, Montevideo<\/p>\n<p>Formato:<\/p>\n<p>Sello<\/p>\n<p>Emisi\u00f3n:<\/p>\n<p>Conmemorativo<\/p>\n<p>Perforaci\u00f3n:<\/p>\n<p>12<\/p>\n<p>Impresi\u00f3n:<\/p>\n<p>Litograf\u00eda offset<\/p>\n<p>Papel:<\/p>\n<p>fluorescent<\/p>\n<p>Valor facial:<\/p>\n<p>830 N$ &#8211; Nuevo Peso Uruguayo<\/p>\n<p>Tiraje:<\/p>\n<p>200.000<\/p>\n","protected":false},"excerpt":{"rendered":"<p>Sello Uruguay 1990 &#8211; Centenario sistema Interamericano &#8211; 830 N$ azul amarillo y negro Pa\u00eds: Uruguay Serie: Organization of American States, Cent. C\u00f3digo de cat\u00e1logo: Michel UY 1893 Stamp Number UY 1360 Yvert et Tellier UY 1342 Stanley Gibbons UY 2018 Ciardi UY 1344 Temas: Organizaciones | Pol\u00edtica | Sellos (Emblemas) Fecha emisi\u00f3n: 1991-03-12 Colores: &hellip;<\/p>\n<p class=\"read-more\"> <a class=\"thunk-readmore button\" href=\"https:\/\/filatelia.cuentista.es\/en\/product\/sello-uruguay-1990-centenario-sistema-interamericano-830-n-azul-amarillo-y-negro\"> <span class=\"screen-reader-text\">Sello Uruguay 1990 &#8211; Centenario sistema Interamericano &#8211; 830 N$ azul amarillo y negro<\/span>Read More<\/a><\/p>","protected":false},"featured_media":2188,"comment_status":"open","ping_status":"closed","template":"","meta":{"_acf_changed":false},"product_brand":[],"product_cat":[763,20],"product_tag":[],"class_list":{"0":"post-2189","1":"product","2":"type-product","3":"status-publish","4":"has-post-thumbnail","6":"product_cat-uruguay","7":"product_cat-sellos-usados","8":"thunk-woo-product-list","9":"opn-qv-enable","10":"open-woo-hover-zoom","11":"open-single-product-tab-horizontal","12":"open-shadow-","13":"open-shadow-hover-","15":"first","16":"instock","17":"sale","18":"shipping-taxable","19":"purchasable","20":"product-type-simple"},"acf":[],"jetpack_sharing_enabled":true,"_links":{"self":[{"href":"https:\/\/filatelia.cuentista.es\/en\/wp-json\/wp\/v2\/product\/2189","targetHints":{"allow":["GET"]}}],"collection":[{"href":"https:\/\/filatelia.cuentista.es\/en\/wp-json\/wp\/v2\/product"}],"about":[{"href":"https:\/\/filatelia.cuentista.es\/en\/wp-json\/wp\/v2\/types\/product"}],"replies":[{"embeddable":true,"href":"https:\/\/filatelia.cuentista.es\/en\/wp-json\/wp\/v2\/comments?post=2189"}],"wp:featuredmedia":[{"embeddable":true,"href":"https:\/\/filatelia.cuentista.es\/en\/wp-json\/wp\/v2\/media\/2188"}],"wp:attachment":[{"href":"https:\/\/filatelia.cuentista.es\/en\/wp-json\/wp\/v2\/media?parent=2189"}],"wp:term":[{"taxonomy":"product_brand","embeddable":true,"href":"https:\/\/filatelia.cuentista.es\/en\/wp-json\/wp\/v2\/product_brand?post=2189"},{"taxonomy":"product_cat","embeddable":true,"href":"https:\/\/filatelia.cuentista.es\/en\/wp-json\/wp\/v2\/product_cat?post=2189"},{"taxonomy":"product_tag","embeddable":true,"href":"https:\/\/filatelia.cuentista.es\/en\/wp-json\/wp\/v2\/product_tag?post=2189"}],"curies":[{"name":"wp","href":"https:\/\/api.w.org\/{rel}","templated":true}]}}