{"id":2184,"date":"2024-09-01T11:13:11","date_gmt":"2024-09-01T11:13:11","guid":{"rendered":"https:\/\/filatelia.cuentista.es\/product\/sello-uruguay-1969-luis-morquio-20-rojo-y-sepia"},"modified":"2024-09-01T11:15:59","modified_gmt":"2024-09-01T11:15:59","slug":"sello-uruguay-1969-luis-morquio-20-rojo-y-sepia","status":"publish","type":"product","link":"https:\/\/filatelia.cuentista.es\/en\/product\/sello-uruguay-1969-luis-morquio-20-rojo-y-sepia","title":{"rendered":"Sello Uruguay 1969 &#8211; Luis Morquio &#8211; 20$ rojo y sepia"},"content":{"rendered":"<p>Sello Uruguay 1969 &#8211; Luis Morquio &#8211; 20$ rojo y sepia<\/p>\n<p style=\"padding-bottom: 0.5em;margin: 0.5em 0px 0px;font-size: 1rem\"><b style=\"font-weight: bold\">Luis Morquio<\/b><span class=\"Apple-converted-space\">&nbsp;<\/span>(<a href=\"https:\/\/es.m.wikipedia.org\/wiki\/Montevideo\" title=\"Montevideo\" style=\"color: var(--color-visited,#6b4ba1);text-decoration: none;background: none\">Montevideo<\/a>, 24 de septiembre de 1867 &#8211; 19 de junio de 1935) fue un<span class=\"Apple-converted-space\">&nbsp;<\/span><a href=\"https:\/\/es.m.wikipedia.org\/wiki\/M%C3%A9dico\" title=\"M\u00e9dico\" style=\"color: var(--color-visited,#6b4ba1);text-decoration: none;background: none\">m\u00e9dico<\/a><span class=\"Apple-converted-space\">&nbsp;<\/span>y profesor<span class=\"Apple-converted-space\">&nbsp;<\/span><a href=\"https:\/\/es.m.wikipedia.org\/wiki\/Nacionalidad_uruguaya\" title=\"Nacionalidad uruguaya\" style=\"color: var(--color-visited,#6b4ba1);text-decoration: none;background: none\">uruguayo<\/a>.<span class=\"Apple-converted-space\">&nbsp;<\/span><\/p>\n<p>Pa\u00eds:<\/p>\n<p>Uruguay<\/p>\n<p>Serie:<\/p>\n<p>Luis Morquio, birth Cent.<\/p>\n<p>C\u00f3digo de cat\u00e1logo:<\/p>\n<p>Michel UY 1157<\/p>\n<p>Stamp Number UY C355<\/p>\n<p>Yvert et Tellier UY PA355<\/p>\n<p>Stanley Gibbons UY 1411<\/p>\n<p>Ciardi UY A355<\/p>\n<p>Temas:<\/p>\n<p>Monumentos | M\u00e9dicos<\/p>\n<p>Fecha emisi\u00f3n:<\/p>\n<p>1969-12-22<\/p>\n<p>Colores:<\/p>\n<p>Carm\u00edn | Sepia<\/p>\n<p>Marca de agua:<\/p>\n<p>ROU en Sol [Up]<\/p>\n<p>Dise\u00f1adores:<\/p>\n<p>Angel Medina<\/p>\n<p>Impresores\/Imprentas:<\/p>\n<p>Imprenta Nacional, Montevideo<\/p>\n<p>Formato:<\/p>\n<p>Sello<\/p>\n<p>Emisi\u00f3n:<\/p>\n<p>Correo A\u00e9reo<\/p>\n<p>Perforaci\u00f3n:<\/p>\n<p>peine12<\/p>\n<p>Impresi\u00f3n:<\/p>\n<p>Litograf\u00eda offset<\/p>\n<p>Papel:<\/p>\n<p>medium, fluorescent<\/p>\n<p>Valor facial:<\/p>\n<p>20 $ &#8211; Peso Uruguayo<\/p>\n<p>Tiraje:<\/p>\n<p>500.000<\/p>\n","protected":false},"excerpt":{"rendered":"<p>Sello Uruguay 1969 &#8211; Luis Morquio &#8211; 20$ rojo y sepia Luis Morquio&nbsp;(Montevideo, 24 de septiembre de 1867 &#8211; 19 de junio de 1935) fue un&nbsp;m\u00e9dico&nbsp;y profesor&nbsp;uruguayo.&nbsp; Pa\u00eds: Uruguay Serie: Luis Morquio, birth Cent. C\u00f3digo de cat\u00e1logo: Michel UY 1157 Stamp Number UY C355 Yvert et Tellier UY PA355 Stanley Gibbons UY 1411 Ciardi UY &hellip;<\/p>\n<p class=\"read-more\"> <a class=\"thunk-readmore button\" href=\"https:\/\/filatelia.cuentista.es\/en\/product\/sello-uruguay-1969-luis-morquio-20-rojo-y-sepia\"> <span class=\"screen-reader-text\">Sello Uruguay 1969 &#8211; Luis Morquio &#8211; 20$ rojo y sepia<\/span>Read More<\/a><\/p>","protected":false},"featured_media":2183,"comment_status":"open","ping_status":"closed","template":"","meta":{"_acf_changed":false},"product_brand":[],"product_cat":[15,763,20],"product_tag":[1044],"class_list":{"0":"post-2184","1":"product","2":"type-product","3":"status-publish","4":"has-post-thumbnail","6":"product_cat-coleccionismo","7":"product_cat-uruguay","8":"product_cat-sellos-usados","9":"product_tag-medico","10":"thunk-woo-product-list","11":"opn-qv-enable","12":"open-woo-hover-zoom","13":"open-single-product-tab-horizontal","14":"open-shadow-","15":"open-shadow-hover-","17":"first","18":"instock","19":"sale","20":"shipping-taxable","21":"purchasable","22":"product-type-simple"},"acf":[],"jetpack_sharing_enabled":true,"_links":{"self":[{"href":"https:\/\/filatelia.cuentista.es\/en\/wp-json\/wp\/v2\/product\/2184","targetHints":{"allow":["GET"]}}],"collection":[{"href":"https:\/\/filatelia.cuentista.es\/en\/wp-json\/wp\/v2\/product"}],"about":[{"href":"https:\/\/filatelia.cuentista.es\/en\/wp-json\/wp\/v2\/types\/product"}],"replies":[{"embeddable":true,"href":"https:\/\/filatelia.cuentista.es\/en\/wp-json\/wp\/v2\/comments?post=2184"}],"wp:featuredmedia":[{"embeddable":true,"href":"https:\/\/filatelia.cuentista.es\/en\/wp-json\/wp\/v2\/media\/2183"}],"wp:attachment":[{"href":"https:\/\/filatelia.cuentista.es\/en\/wp-json\/wp\/v2\/media?parent=2184"}],"wp:term":[{"taxonomy":"product_brand","embeddable":true,"href":"https:\/\/filatelia.cuentista.es\/en\/wp-json\/wp\/v2\/product_brand?post=2184"},{"taxonomy":"product_cat","embeddable":true,"href":"https:\/\/filatelia.cuentista.es\/en\/wp-json\/wp\/v2\/product_cat?post=2184"},{"taxonomy":"product_tag","embeddable":true,"href":"https:\/\/filatelia.cuentista.es\/en\/wp-json\/wp\/v2\/product_tag?post=2184"}],"curies":[{"name":"wp","href":"https:\/\/api.w.org\/{rel}","templated":true}]}}