{"id":2152,"date":"2024-08-31T21:17:31","date_gmt":"2024-08-31T21:17:31","guid":{"rendered":"https:\/\/filatelia.cuentista.es\/product\/sello-uruguay-1939-congreso-1c-marron-rojizo"},"modified":"2024-08-31T21:20:08","modified_gmt":"2024-08-31T21:20:08","slug":"sello-uruguay-1939-congreso-1c-marron-rojizo","status":"publish","type":"product","link":"https:\/\/filatelia.cuentista.es\/en\/product\/sello-uruguay-1939-congreso-1c-marron-rojizo","title":{"rendered":"Sello Uruguay 1939 &#8211; Congreso Montevideo &#8211; 1c. Marr\u00f3n Rojizo"},"content":{"rendered":"<p>Sello Uruguay 1939 &#8211; Congreso Montevideo &#8211; 1c. Marr\u00f3n Rojizo<\/p>\n<p>Pa\u00eds:<\/p>\n<p>Uruguay<\/p>\n<p>Serie:<\/p>\n<p>International Law Congress<\/p>\n<p>C\u00f3digo de cat\u00e1logo:<\/p>\n<p>Michel UY 604<\/p>\n<p>Stamp Number UY 489<\/p>\n<p>Yvert et Tellier UY 505<\/p>\n<p>Stanley Gibbons UY 830<\/p>\n<p>Ciardi UY 505<\/p>\n<p>Tiene variantes menores: 1<\/p>\n<p>Temas:<\/p>\n<p>Congresos | Juristas<\/p>\n<p>Fecha emisi\u00f3n:<\/p>\n<p>1939-07-16<\/p>\n<p>Tama\u00f1o:<\/p>\n<p>39 x 24 mm<\/p>\n<p>Colores:<\/p>\n<p>Marr\u00f3n Naranja<\/p>\n<p>Marca de agua:<\/p>\n<p>Sin Marca de agua<\/p>\n<p>Impresores\/Imprentas:<\/p>\n<p>Imprenta Nacional, Montevideo<\/p>\n<p>Formato:<\/p>\n<p>Sello<\/p>\n<p>Emisi\u00f3n:<\/p>\n<p>Conmemorativo<\/p>\n<p>Perforaci\u00f3n:<\/p>\n<p>12\u00bd<\/p>\n<p>Impresi\u00f3n:<\/p>\n<p>Litograf\u00eda<\/p>\n<p>Papel:<\/p>\n<p>thick<\/p>\n<p>Valor facial:<\/p>\n<p>1 Cent\u00e9simo Uruguayo<\/p>\n<p>Tiraje:<\/p>\n<p>1.000.000<\/p>","protected":false},"excerpt":{"rendered":"<p>Sello Uruguay 1939 &#8211; Congreso Montevideo &#8211; 1c. Marr\u00f3n Rojizo Pa\u00eds: Uruguay Serie: International Law Congress C\u00f3digo de cat\u00e1logo: Michel UY 604 Stamp Number UY 489 Yvert et Tellier UY 505 Stanley Gibbons UY 830 Ciardi UY 505 Tiene variantes menores: 1 Temas: Congresos | Juristas Fecha emisi\u00f3n: 1939-07-16 Tama\u00f1o: 39 x 24 mm Colores: &hellip;<\/p>\n<p class=\"read-more\"> <a class=\"thunk-readmore button\" href=\"https:\/\/filatelia.cuentista.es\/en\/product\/sello-uruguay-1939-congreso-1c-marron-rojizo\"> <span class=\"screen-reader-text\">Sello Uruguay 1939 &#8211; Congreso Montevideo &#8211; 1c. Marr\u00f3n Rojizo<\/span>Read More<\/a><\/p>","protected":false},"featured_media":2151,"comment_status":"open","ping_status":"closed","template":"","meta":{"_acf_changed":false},"product_brand":[],"product_cat":[763,20],"product_tag":[],"class_list":{"0":"post-2152","1":"product","2":"type-product","3":"status-publish","4":"has-post-thumbnail","6":"product_cat-uruguay","7":"product_cat-sellos-usados","8":"thunk-woo-product-list","9":"opn-qv-enable","10":"open-woo-hover-zoom","11":"open-single-product-tab-horizontal","12":"open-shadow-","13":"open-shadow-hover-","15":"first","16":"instock","17":"sale","18":"shipping-taxable","19":"purchasable","20":"product-type-simple"},"acf":[],"jetpack_sharing_enabled":true,"_links":{"self":[{"href":"https:\/\/filatelia.cuentista.es\/en\/wp-json\/wp\/v2\/product\/2152","targetHints":{"allow":["GET"]}}],"collection":[{"href":"https:\/\/filatelia.cuentista.es\/en\/wp-json\/wp\/v2\/product"}],"about":[{"href":"https:\/\/filatelia.cuentista.es\/en\/wp-json\/wp\/v2\/types\/product"}],"replies":[{"embeddable":true,"href":"https:\/\/filatelia.cuentista.es\/en\/wp-json\/wp\/v2\/comments?post=2152"}],"wp:featuredmedia":[{"embeddable":true,"href":"https:\/\/filatelia.cuentista.es\/en\/wp-json\/wp\/v2\/media\/2151"}],"wp:attachment":[{"href":"https:\/\/filatelia.cuentista.es\/en\/wp-json\/wp\/v2\/media?parent=2152"}],"wp:term":[{"taxonomy":"product_brand","embeddable":true,"href":"https:\/\/filatelia.cuentista.es\/en\/wp-json\/wp\/v2\/product_brand?post=2152"},{"taxonomy":"product_cat","embeddable":true,"href":"https:\/\/filatelia.cuentista.es\/en\/wp-json\/wp\/v2\/product_cat?post=2152"},{"taxonomy":"product_tag","embeddable":true,"href":"https:\/\/filatelia.cuentista.es\/en\/wp-json\/wp\/v2\/product_tag?post=2152"}],"curies":[{"name":"wp","href":"https:\/\/api.w.org\/{rel}","templated":true}]}}