{"id":2144,"date":"2024-08-31T20:49:56","date_gmt":"2024-08-31T20:49:56","guid":{"rendered":"https:\/\/filatelia.cuentista.es\/product\/sello-uruguay-exposicion-produccion-7c-azul"},"modified":"2024-09-06T20:27:45","modified_gmt":"2024-09-06T20:27:45","slug":"sello-uruguay-exposicion-produccion-7c-azul","status":"publish","type":"product","link":"https:\/\/filatelia.cuentista.es\/en\/product\/sello-uruguay-exposicion-produccion-7c-azul","title":{"rendered":"Sello Uruguay 1956 &#8211; Exposici\u00f3n Producci\u00f3n- 7c. azul"},"content":{"rendered":"<p>Sello Uruguay 1956 &#8211; Exposici\u00f3n Producci\u00f3n- 7c. azul<\/p>\n<p>Pa\u00eds:<\/p>\n<p>Uruguay<\/p>\n<p>Serie:<\/p>\n<p>First National Production-Exposition<\/p>\n<p>C\u00f3digo de cat\u00e1logo:<\/p>\n<p>Michel UY 794<\/p>\n<p>Stamp Number UY 623<\/p>\n<p>Yvert et Tellier UY 641<\/p>\n<p>Stanley Gibbons UY 1051<\/p>\n<p>Ciardi UY 641<\/p>\n<p>Temas:<\/p>\n<p>Edificios de Exposiciones | Plantas Estilizadas<\/p>\n<p>Fecha emisi\u00f3n:<\/p>\n<p>1956-01-19<\/p>\n<p>Tama\u00f1o:<\/p>\n<p>29 x 39 mm<\/p>\n<p>Colores:<\/p>\n<p>Azul<\/p>\n<p>Marca de agua:<\/p>\n<p>Sin Marca de agua<\/p>\n<p>Impresores\/Imprentas:<\/p>\n<p>Imprenta Nacional, Montevideo<\/p>\n<p>Formato:<\/p>\n<p>Sello<\/p>\n<p>Emisi\u00f3n:<\/p>\n<p>Conmemorativo<\/p>\n<p>Perforaci\u00f3n:<\/p>\n<p>11<\/p>\n<p>Impresi\u00f3n:<\/p>\n<p>Litograf\u00eda offset<\/p>\n<p>Papel:<\/p>\n<p>fine<\/p>\n<p>Valor facial:<\/p>\n<p>7 Cent\u00e9simo Uruguayo<\/p>\n<p>Tiraje:<\/p>\n<p>5.000.000<\/p>","protected":false},"excerpt":{"rendered":"<p>Sello Uruguay 1956 &#8211; Exposici\u00f3n Producci\u00f3n- 7c. azul Pa\u00eds: Uruguay Serie: First National Production-Exposition C\u00f3digo de cat\u00e1logo: Michel UY 794 Stamp Number UY 623 Yvert et Tellier UY 641 Stanley Gibbons UY 1051 Ciardi UY 641 Temas: Edificios de Exposiciones | Plantas Estilizadas Fecha emisi\u00f3n: 1956-01-19 Tama\u00f1o: 29 x 39 mm Colores: Azul Marca de &hellip;<\/p>\n<p class=\"read-more\"> <a class=\"thunk-readmore button\" href=\"https:\/\/filatelia.cuentista.es\/en\/product\/sello-uruguay-exposicion-produccion-7c-azul\"> <span class=\"screen-reader-text\">Sello Uruguay 1956 &#8211; Exposici\u00f3n Producci\u00f3n- 7c. azul<\/span>Read More<\/a><\/p>","protected":false},"featured_media":2143,"comment_status":"open","ping_status":"closed","template":"","meta":{"_acf_changed":false},"product_brand":[],"product_cat":[763,20],"product_tag":[],"class_list":{"0":"post-2144","1":"product","2":"type-product","3":"status-publish","4":"has-post-thumbnail","6":"product_cat-uruguay","7":"product_cat-sellos-usados","8":"thunk-woo-product-list","9":"opn-qv-enable","10":"open-woo-hover-zoom","11":"open-single-product-tab-horizontal","12":"open-shadow-","13":"open-shadow-hover-","15":"first","16":"instock","17":"sale","18":"shipping-taxable","19":"purchasable","20":"product-type-simple"},"acf":[],"jetpack_sharing_enabled":true,"_links":{"self":[{"href":"https:\/\/filatelia.cuentista.es\/en\/wp-json\/wp\/v2\/product\/2144","targetHints":{"allow":["GET"]}}],"collection":[{"href":"https:\/\/filatelia.cuentista.es\/en\/wp-json\/wp\/v2\/product"}],"about":[{"href":"https:\/\/filatelia.cuentista.es\/en\/wp-json\/wp\/v2\/types\/product"}],"replies":[{"embeddable":true,"href":"https:\/\/filatelia.cuentista.es\/en\/wp-json\/wp\/v2\/comments?post=2144"}],"wp:featuredmedia":[{"embeddable":true,"href":"https:\/\/filatelia.cuentista.es\/en\/wp-json\/wp\/v2\/media\/2143"}],"wp:attachment":[{"href":"https:\/\/filatelia.cuentista.es\/en\/wp-json\/wp\/v2\/media?parent=2144"}],"wp:term":[{"taxonomy":"product_brand","embeddable":true,"href":"https:\/\/filatelia.cuentista.es\/en\/wp-json\/wp\/v2\/product_brand?post=2144"},{"taxonomy":"product_cat","embeddable":true,"href":"https:\/\/filatelia.cuentista.es\/en\/wp-json\/wp\/v2\/product_cat?post=2144"},{"taxonomy":"product_tag","embeddable":true,"href":"https:\/\/filatelia.cuentista.es\/en\/wp-json\/wp\/v2\/product_tag?post=2144"}],"curies":[{"name":"wp","href":"https:\/\/api.w.org\/{rel}","templated":true}]}}