{"id":2142,"date":"2024-08-31T20:43:20","date_gmt":"2024-08-31T20:43:20","guid":{"rendered":"https:\/\/filatelia.cuentista.es\/product\/sello-uruguay-diosa-60c-lila-y-negro"},"modified":"2024-08-31T20:47:42","modified_gmt":"2024-08-31T20:47:42","slug":"sello-uruguay-diosa-60c-lila-y-negro","status":"publish","type":"product","link":"https:\/\/filatelia.cuentista.es\/en\/product\/sello-uruguay-diosa-60c-lila-y-negro","title":{"rendered":"Sello Uruguay 1959 &#8211; Diosa Alada &#8211; 60c. Lila y negro"},"content":{"rendered":"<p>Sello Uruguay 1959 &#8211; Diosa Alada &#8211; 60c. Lila y negro<\/p>\n<p>Pa\u00eds:<\/p>\n<p>Uruguay<\/p>\n<p>Serie:<\/p>\n<p>Captain Boiso Lanza<\/p>\n<p>C\u00f3digo de cat\u00e1logo:<\/p>\n<p>Michel UY 832<\/p>\n<p>Stamp Number UY C186<\/p>\n<p>Yvert et Tellier UY PA172<\/p>\n<p>Stanley Gibbons UY 1094<\/p>\n<p>Ciardi UY A172<\/p>\n<p>Temas:<\/p>\n<p>Esculturas | Estatuas | Monumentos<\/p>\n<p>Fecha emisi\u00f3n:<\/p>\n<p>1959-02-18<\/p>\n<p>Tama\u00f1o:<\/p>\n<p>28 x 42 mm<\/p>\n<p>Colores:<\/p>\n<p>Negro | Violeta<\/p>\n<p>Marca de agua:<\/p>\n<p>Sin Marca de agua<\/p>\n<p>Impresores\/Imprentas:<\/p>\n<p>Imprenta Nacional, Montevideo<\/p>\n<p>Formato:<\/p>\n<p>Sello<\/p>\n<p>Emisi\u00f3n:<\/p>\n<p>Correo A\u00e9reo<\/p>\n<p>Perforaci\u00f3n:<\/p>\n<p>11<\/p>\n<p>Impresi\u00f3n:<\/p>\n<p>Litograf\u00eda offset<\/p>\n<p>Papel:<\/p>\n<p>thick or medium<\/p>\n<p>Valor facial:<\/p>\n<p>60 Cent\u00e9simo Uruguayo<\/p>\n<p>Tiraje:<\/p>\n<p>1.000.000<\/p>","protected":false},"excerpt":{"rendered":"<p>Sello Uruguay 1959 &#8211; Diosa Alada &#8211; 60c. Lila y negro Pa\u00eds: Uruguay Serie: Captain Boiso Lanza C\u00f3digo de cat\u00e1logo: Michel UY 832 Stamp Number UY C186 Yvert et Tellier UY PA172 Stanley Gibbons UY 1094 Ciardi UY A172 Temas: Esculturas | Estatuas | Monumentos Fecha emisi\u00f3n: 1959-02-18 Tama\u00f1o: 28 x 42 mm Colores: Negro &hellip;<\/p>\n<p class=\"read-more\"> <a class=\"thunk-readmore button\" href=\"https:\/\/filatelia.cuentista.es\/en\/product\/sello-uruguay-diosa-60c-lila-y-negro\"> <span class=\"screen-reader-text\">Sello Uruguay 1959 &#8211; Diosa Alada &#8211; 60c. Lila y negro<\/span>Read More<\/a><\/p>","protected":false},"featured_media":2141,"comment_status":"open","ping_status":"closed","template":"","meta":{"_acf_changed":false},"product_brand":[],"product_cat":[815,763,20],"product_tag":[953,955,629],"class_list":{"0":"post-2142","1":"product","2":"type-product","3":"status-publish","4":"has-post-thumbnail","6":"product_cat-correo-aereo","7":"product_cat-uruguay","8":"product_cat-sellos-usados","9":"product_tag-diosa","10":"product_tag-estatua","11":"product_tag-uruguay","12":"thunk-woo-product-list","13":"opn-qv-enable","14":"open-woo-hover-zoom","15":"open-single-product-tab-horizontal","16":"open-shadow-","17":"open-shadow-hover-","19":"first","20":"instock","21":"sale","22":"shipping-taxable","23":"purchasable","24":"product-type-simple"},"acf":[],"jetpack_sharing_enabled":true,"_links":{"self":[{"href":"https:\/\/filatelia.cuentista.es\/en\/wp-json\/wp\/v2\/product\/2142","targetHints":{"allow":["GET"]}}],"collection":[{"href":"https:\/\/filatelia.cuentista.es\/en\/wp-json\/wp\/v2\/product"}],"about":[{"href":"https:\/\/filatelia.cuentista.es\/en\/wp-json\/wp\/v2\/types\/product"}],"replies":[{"embeddable":true,"href":"https:\/\/filatelia.cuentista.es\/en\/wp-json\/wp\/v2\/comments?post=2142"}],"wp:featuredmedia":[{"embeddable":true,"href":"https:\/\/filatelia.cuentista.es\/en\/wp-json\/wp\/v2\/media\/2141"}],"wp:attachment":[{"href":"https:\/\/filatelia.cuentista.es\/en\/wp-json\/wp\/v2\/media?parent=2142"}],"wp:term":[{"taxonomy":"product_brand","embeddable":true,"href":"https:\/\/filatelia.cuentista.es\/en\/wp-json\/wp\/v2\/product_brand?post=2142"},{"taxonomy":"product_cat","embeddable":true,"href":"https:\/\/filatelia.cuentista.es\/en\/wp-json\/wp\/v2\/product_cat?post=2142"},{"taxonomy":"product_tag","embeddable":true,"href":"https:\/\/filatelia.cuentista.es\/en\/wp-json\/wp\/v2\/product_tag?post=2142"}],"curies":[{"name":"wp","href":"https:\/\/api.w.org\/{rel}","templated":true}]}}