{"id":2140,"date":"2024-08-31T20:41:40","date_gmt":"2024-08-31T20:41:40","guid":{"rendered":"https:\/\/filatelia.cuentista.es\/product\/sello-uruguay-1977-la-yerra-blanes-050-n-verde-usado"},"modified":"2024-08-31T20:41:40","modified_gmt":"2024-08-31T20:41:40","slug":"sello-uruguay-1977-la-yerra-blanes-050-n-verde-usado","status":"publish","type":"product","link":"https:\/\/filatelia.cuentista.es\/en\/product\/sello-uruguay-1977-la-yerra-blanes-050-n-verde-usado","title":{"rendered":"Sello Uruguay 1977 &#8211; La Yerra Blanes &#8211; 0,50  N$ &#8211; Verde Usado"},"content":{"rendered":"<p>Sello Uruguay 1977 &#8211; La Yerra Blanes &#8211; 0,50 N$ &#8211; Verde Usado<\/p>\n<p>\u201cBranding Cattle\u201d (J. M. Blanes)<\/p>\n<p><img class=\"size-full\"><img class=\"size-full\"><\/p>\n<p>Pa\u00eds:<\/p>\n<p>Uruguay<\/p>\n<p>Serie:<\/p>\n<p>Definitives (1976-1979)<\/p>\n<p>C\u00f3digo de cat\u00e1logo:<\/p>\n<p>Michel UY 1423<\/p>\n<p>Stamp Number UY 954<\/p>\n<p>Yvert et Tellier UY 996<\/p>\n<p>Stanley Gibbons UY 1645<\/p>\n<p>Ciardi UY 996<\/p>\n<p>Tiene variantes menores: 1<\/p>\n<p>Temas:<\/p>\n<p>Animales (Fauna) | Caballos | Equitaci\u00f3n y Montar a Caballo | Mam\u00edferos<\/p>\n<p>Fecha emisi\u00f3n:<\/p>\n<p>1977-12-14<\/p>\n<p>Tama\u00f1o:<\/p>\n<p>26 x 21 mm<\/p>\n<p>Colores:<\/p>\n<p>Verde azulado<\/p>\n<p>Marca de agua:<\/p>\n<p>ROU en Sol [Up]<\/p>\n<p>Dise\u00f1adores:<\/p>\n<p>Angel Medina<\/p>\n<p>Impresores\/Imprentas:<\/p>\n<p>Imprenta Nacional, Montevideo<\/p>\n<p>Formato:<\/p>\n<p>Sello<\/p>\n<p>Emisi\u00f3n:<\/p>\n<p>Definitivo<\/p>\n<p>Perforaci\u00f3n:<\/p>\n<p>peine12\u00bd<\/p>\n<p>Impresi\u00f3n:<\/p>\n<p>Litograf\u00eda offset<\/p>\n<p>Papel:<\/p>\n<p>Medium<\/p>\n<p>Valor facial:<\/p>\n<p>0,50 N$ &#8211; Nuevo Peso Uruguayo<\/p>\n<p>Tiraje:<\/p>\n<p>5.000.000<\/p>\n","protected":false},"excerpt":{"rendered":"<p>Sello Uruguay 1977 &#8211; La Yerra Blanes &#8211; 0,50 N$ &#8211; Verde Usado \u201cBranding Cattle\u201d (J. M. Blanes) Pa\u00eds: Uruguay Serie: Definitives (1976-1979) C\u00f3digo de cat\u00e1logo: Michel UY 1423 Stamp Number UY 954 Yvert et Tellier UY 996 Stanley Gibbons UY 1645 Ciardi UY 996 Tiene variantes menores: 1 Temas: Animales (Fauna) | Caballos | &hellip;<\/p>\n<p class=\"read-more\"> <a class=\"thunk-readmore button\" href=\"https:\/\/filatelia.cuentista.es\/en\/product\/sello-uruguay-1977-la-yerra-blanes-050-n-verde-usado\"> <span class=\"screen-reader-text\">Sello Uruguay 1977 &#8211; La Yerra Blanes &#8211; 0,50  N$ &#8211; Verde Usado<\/span>Read More<\/a><\/p>","protected":false},"featured_media":2139,"comment_status":"open","ping_status":"closed","template":"","meta":{"_acf_changed":false},"product_brand":[],"product_cat":[763,20],"product_tag":[826,1020],"class_list":{"0":"post-2140","1":"product","2":"type-product","3":"status-publish","4":"has-post-thumbnail","6":"product_cat-uruguay","7":"product_cat-sellos-usados","8":"product_tag-blanes","9":"product_tag-yerra","10":"thunk-woo-product-list","11":"opn-qv-enable","12":"open-woo-hover-zoom","13":"open-single-product-tab-horizontal","14":"open-shadow-","15":"open-shadow-hover-","17":"first","18":"instock","19":"sale","20":"shipping-taxable","21":"purchasable","22":"product-type-simple"},"acf":[],"jetpack_sharing_enabled":true,"_links":{"self":[{"href":"https:\/\/filatelia.cuentista.es\/en\/wp-json\/wp\/v2\/product\/2140","targetHints":{"allow":["GET"]}}],"collection":[{"href":"https:\/\/filatelia.cuentista.es\/en\/wp-json\/wp\/v2\/product"}],"about":[{"href":"https:\/\/filatelia.cuentista.es\/en\/wp-json\/wp\/v2\/types\/product"}],"replies":[{"embeddable":true,"href":"https:\/\/filatelia.cuentista.es\/en\/wp-json\/wp\/v2\/comments?post=2140"}],"wp:featuredmedia":[{"embeddable":true,"href":"https:\/\/filatelia.cuentista.es\/en\/wp-json\/wp\/v2\/media\/2139"}],"wp:attachment":[{"href":"https:\/\/filatelia.cuentista.es\/en\/wp-json\/wp\/v2\/media?parent=2140"}],"wp:term":[{"taxonomy":"product_brand","embeddable":true,"href":"https:\/\/filatelia.cuentista.es\/en\/wp-json\/wp\/v2\/product_brand?post=2140"},{"taxonomy":"product_cat","embeddable":true,"href":"https:\/\/filatelia.cuentista.es\/en\/wp-json\/wp\/v2\/product_cat?post=2140"},{"taxonomy":"product_tag","embeddable":true,"href":"https:\/\/filatelia.cuentista.es\/en\/wp-json\/wp\/v2\/product_tag?post=2140"}],"curies":[{"name":"wp","href":"https:\/\/api.w.org\/{rel}","templated":true}]}}