{"id":2138,"date":"2024-08-31T20:28:58","date_gmt":"2024-08-31T20:28:58","guid":{"rendered":"https:\/\/filatelia.cuentista.es\/product\/sello-uruguay-1968-olimpiadas-mexico-50-amarillo-y-negro"},"modified":"2024-09-02T17:39:23","modified_gmt":"2024-09-02T17:39:23","slug":"sello-uruguay-1968-olimpiadas-mexico-50-amarillo-y-negro","status":"publish","type":"product","link":"https:\/\/filatelia.cuentista.es\/en\/product\/sello-uruguay-1968-olimpiadas-mexico-50-amarillo-y-negro","title":{"rendered":"Sello Uruguay 1969 &#8211; OLIMPIADAS M\u00e9xico &#8211; 50$ &#8211; Amarillo y Negro"},"content":{"rendered":"<p>Sello Uruguay 1969 &#8211; OLIMPIADAS M\u00e9xico &#8211; 50$ &#8211; Amarillo y Negro<\/p>\n<p>Pa\u00eds:<\/p>\n<p>Uruguay<\/p>\n<p>Serie:<\/p>\n<p>Juegos Ol\u00edmpicos de Verano 1968 &#8211; Ciudad de M\u00e9xico<\/p>\n<p>C\u00f3digo de cat\u00e1logo:<\/p>\n<p>Michel UY 1133<\/p>\n<p>Stamp Number UY C345<\/p>\n<p>Yvert et Tellier UY PA346<\/p>\n<p>Stanley Gibbons UY 1388<\/p>\n<p>Ciardi UY A346<\/p>\n<p>Temas:<\/p>\n<p>Atletismo | Carreras y Corredores | Deportes | Juegos Ol\u00edmpicos<\/p>\n<p>Fecha emisi\u00f3n:<\/p>\n<p>1969-02-11<\/p>\n<p>Colores:<\/p>\n<p>Multicolor<\/p>\n<p>Marca de agua:<\/p>\n<p>ROU en Sol [Up]<\/p>\n<p>Dise\u00f1adores:<\/p>\n<p>Angel Medina<\/p>\n<p>Impresores\/Imprentas:<\/p>\n<p>Imprenta Nacional, Montevideo<\/p>\n<p>Formato:<\/p>\n<p>Sello<\/p>\n<p>Emisi\u00f3n:<\/p>\n<p>Correo A\u00e9reo<\/p>\n<p>Perforaci\u00f3n:<\/p>\n<p>peine12<\/p>\n<p>Impresi\u00f3n:<\/p>\n<p>Litograf\u00eda offset<\/p>\n<p>Papel:<\/p>\n<p>medium, fluorescent<\/p>\n<p>Valor facial:<\/p>\n<p>50 $ &#8211; Peso Uruguayo<\/p>\n<p>Tiraje:<\/p>\n<p>500.000<\/p>\n","protected":false},"excerpt":{"rendered":"<p>Sello Uruguay 1969 &#8211; OLIMPIADAS M\u00e9xico &#8211; 50$ &#8211; Amarillo y Negro Pa\u00eds: Uruguay Serie: Juegos Ol\u00edmpicos de Verano 1968 &#8211; Ciudad de M\u00e9xico C\u00f3digo de cat\u00e1logo: Michel UY 1133 Stamp Number UY C345 Yvert et Tellier UY PA346 Stanley Gibbons UY 1388 Ciardi UY A346 Temas: Atletismo | Carreras y Corredores | Deportes | &hellip;<\/p>\n<p class=\"read-more\"> <a class=\"thunk-readmore button\" href=\"https:\/\/filatelia.cuentista.es\/en\/product\/sello-uruguay-1968-olimpiadas-mexico-50-amarillo-y-negro\"> <span class=\"screen-reader-text\">Sello Uruguay 1969 &#8211; OLIMPIADAS M\u00e9xico &#8211; 50$ &#8211; Amarillo y Negro<\/span>Read More<\/a><\/p>","protected":false},"featured_media":2137,"comment_status":"open","ping_status":"closed","template":"","meta":{"_acf_changed":false},"product_brand":[],"product_cat":[763,20],"product_tag":[38,1019,418,323],"class_list":{"0":"post-2138","1":"product","2":"type-product","3":"status-publish","4":"has-post-thumbnail","6":"product_cat-uruguay","7":"product_cat-sellos-usados","8":"product_tag-38","9":"product_tag-atletismo","10":"product_tag-mexico","11":"product_tag-olimpiadas","12":"thunk-woo-product-list","13":"opn-qv-enable","14":"open-woo-hover-zoom","15":"open-single-product-tab-horizontal","16":"open-shadow-","17":"open-shadow-hover-","19":"first","20":"instock","21":"sale","22":"shipping-taxable","23":"purchasable","24":"product-type-simple"},"acf":[],"jetpack_sharing_enabled":true,"_links":{"self":[{"href":"https:\/\/filatelia.cuentista.es\/en\/wp-json\/wp\/v2\/product\/2138","targetHints":{"allow":["GET"]}}],"collection":[{"href":"https:\/\/filatelia.cuentista.es\/en\/wp-json\/wp\/v2\/product"}],"about":[{"href":"https:\/\/filatelia.cuentista.es\/en\/wp-json\/wp\/v2\/types\/product"}],"replies":[{"embeddable":true,"href":"https:\/\/filatelia.cuentista.es\/en\/wp-json\/wp\/v2\/comments?post=2138"}],"wp:featuredmedia":[{"embeddable":true,"href":"https:\/\/filatelia.cuentista.es\/en\/wp-json\/wp\/v2\/media\/2137"}],"wp:attachment":[{"href":"https:\/\/filatelia.cuentista.es\/en\/wp-json\/wp\/v2\/media?parent=2138"}],"wp:term":[{"taxonomy":"product_brand","embeddable":true,"href":"https:\/\/filatelia.cuentista.es\/en\/wp-json\/wp\/v2\/product_brand?post=2138"},{"taxonomy":"product_cat","embeddable":true,"href":"https:\/\/filatelia.cuentista.es\/en\/wp-json\/wp\/v2\/product_cat?post=2138"},{"taxonomy":"product_tag","embeddable":true,"href":"https:\/\/filatelia.cuentista.es\/en\/wp-json\/wp\/v2\/product_tag?post=2138"}],"curies":[{"name":"wp","href":"https:\/\/api.w.org\/{rel}","templated":true}]}}