{"id":2136,"date":"2024-08-31T20:23:43","date_gmt":"2024-08-31T20:23:43","guid":{"rendered":"https:\/\/filatelia.cuentista.es\/product\/sello-uruguay-1956-jose-batlle-marron-7c-usado"},"modified":"2024-09-01T12:45:02","modified_gmt":"2024-09-01T12:45:02","slug":"sello-uruguay-1956-jose-batlle-marron-7c-usado","status":"publish","type":"product","link":"https:\/\/filatelia.cuentista.es\/en\/product\/sello-uruguay-1956-jose-batlle-marron-7c-usado","title":{"rendered":"Sello Uruguay 1956 &#8211; Jos\u00e9 Batlle &#8211; marr\u00f3n 7c usado"},"content":{"rendered":"<p>Sello Uruguay 1956 &#8211; Jos\u00e9 Batlle &#8211; marr\u00f3n 7c usado<\/p>\n<p>Jos\u00e9 Battle Ord\u00f3\u00f1ez con abrigo<\/p>\n<p>President Jose Batlle y Ordo\u00f1ez wearing overcoat<\/p>\n<p><img class=\"size-full\"><\/p>\n<p>Pa\u00eds:<\/p>\n<p>Uruguay<\/p>\n<p>Serie:<\/p>\n<p>Birth Centenary of Jose Batlle y Ordonez<\/p>\n<p>C\u00f3digo de cat\u00e1logo:<\/p>\n<p>Michel UY 802<\/p>\n<p>Stamp Number UY 625<\/p>\n<p>Yvert et Tellier UY 643<\/p>\n<p>Stanley Gibbons UY 1059<\/p>\n<p>Ciardi UY 643<\/p>\n<p>Sobreimpreso:<\/p>\n<p>Click para ver sobreimpresiones y recargos<\/p>\n<p>Tiene variantes menores: 3<\/p>\n<p>Temas:<\/p>\n<p>Jefes de Estado | Pol\u00edticos<\/p>\n<p>Fecha emisi\u00f3n:<\/p>\n<p>1956-12-15<\/p>\n<p>Tama\u00f1o:<\/p>\n<p>31 x 44 mm<\/p>\n<p>Colores:<\/p>\n<p>Negro Marr\u00f3n<\/p>\n<p>Marca de agua:<\/p>\n<p>RA en Sol<\/p>\n<p>Impresores\/Imprentas:<\/p>\n<p>Casa de Moneda S.E., Buenos Aires<\/p>\n<p>Formato:<\/p>\n<p>Sello<\/p>\n<p>Emisi\u00f3n:<\/p>\n<p>Conmemorativo<\/p>\n<p>Perforaci\u00f3n:<\/p>\n<p>13\u00bd<\/p>\n<p>Impresi\u00f3n:<\/p>\n<p>Fotograbado<\/p>\n<p>Valor facial:<\/p>\n<p>7 Cent\u00e9simo Uruguayo<\/p>\n<p>Tiraje:<\/p>\n<p>10.000.000<\/p>","protected":false},"excerpt":{"rendered":"<p>Sello Uruguay 1956 &#8211; Jos\u00e9 Batlle &#8211; marr\u00f3n 7c usado Jos\u00e9 Battle Ord\u00f3\u00f1ez con abrigo President Jose Batlle y Ordo\u00f1ez wearing overcoat Pa\u00eds: Uruguay Serie: Birth Centenary of Jose Batlle y Ordonez C\u00f3digo de cat\u00e1logo: Michel UY 802 Stamp Number UY 625 Yvert et Tellier UY 643 Stanley Gibbons UY 1059 Ciardi UY 643 Sobreimpreso: &hellip;<\/p>\n<p class=\"read-more\"> <a class=\"thunk-readmore button\" href=\"https:\/\/filatelia.cuentista.es\/en\/product\/sello-uruguay-1956-jose-batlle-marron-7c-usado\"> <span class=\"screen-reader-text\">Sello Uruguay 1956 &#8211; Jos\u00e9 Batlle &#8211; marr\u00f3n 7c usado<\/span>Read More<\/a><\/p>","protected":false},"featured_media":2135,"comment_status":"open","ping_status":"closed","template":"","meta":{"_acf_changed":false},"product_brand":[],"product_cat":[763,20],"product_tag":[987,986,985,629],"class_list":{"0":"post-2136","1":"product","2":"type-product","3":"status-publish","4":"has-post-thumbnail","6":"product_cat-uruguay","7":"product_cat-sellos-usados","8":"product_tag-987","9":"product_tag-batlle","10":"product_tag-presidente","11":"product_tag-uruguay","12":"thunk-woo-product-list","13":"opn-qv-enable","14":"open-woo-hover-zoom","15":"open-single-product-tab-horizontal","16":"open-shadow-","17":"open-shadow-hover-","19":"first","20":"instock","21":"sale","22":"shipping-taxable","23":"purchasable","24":"product-type-simple"},"acf":[],"jetpack_sharing_enabled":true,"_links":{"self":[{"href":"https:\/\/filatelia.cuentista.es\/en\/wp-json\/wp\/v2\/product\/2136","targetHints":{"allow":["GET"]}}],"collection":[{"href":"https:\/\/filatelia.cuentista.es\/en\/wp-json\/wp\/v2\/product"}],"about":[{"href":"https:\/\/filatelia.cuentista.es\/en\/wp-json\/wp\/v2\/types\/product"}],"replies":[{"embeddable":true,"href":"https:\/\/filatelia.cuentista.es\/en\/wp-json\/wp\/v2\/comments?post=2136"}],"wp:featuredmedia":[{"embeddable":true,"href":"https:\/\/filatelia.cuentista.es\/en\/wp-json\/wp\/v2\/media\/2135"}],"wp:attachment":[{"href":"https:\/\/filatelia.cuentista.es\/en\/wp-json\/wp\/v2\/media?parent=2136"}],"wp:term":[{"taxonomy":"product_brand","embeddable":true,"href":"https:\/\/filatelia.cuentista.es\/en\/wp-json\/wp\/v2\/product_brand?post=2136"},{"taxonomy":"product_cat","embeddable":true,"href":"https:\/\/filatelia.cuentista.es\/en\/wp-json\/wp\/v2\/product_cat?post=2136"},{"taxonomy":"product_tag","embeddable":true,"href":"https:\/\/filatelia.cuentista.es\/en\/wp-json\/wp\/v2\/product_tag?post=2136"}],"curies":[{"name":"wp","href":"https:\/\/api.w.org\/{rel}","templated":true}]}}