{"id":2127,"date":"2024-08-31T19:32:03","date_gmt":"2024-08-31T19:32:03","guid":{"rendered":"https:\/\/filatelia.cuentista.es\/?post_type=product&#038;p=2127"},"modified":"2024-08-31T19:34:46","modified_gmt":"2024-08-31T19:34:46","slug":"sello-uruguay-fructuoso-rivera-40c-verde-y-negro-2-2","status":"publish","type":"product","link":"https:\/\/filatelia.cuentista.es\/en\/product\/sello-uruguay-fructuoso-rivera-40c-verde-y-negro-2-2","title":{"rendered":"Sello Uruguay 1962 &#8211; Fructuoso Rivera &#8211; 20c Ocre y Negro, usado"},"content":{"rendered":"<p>Sello Uruguay 1962 &#8211; Fructuoso Rivera &#8211; 20c Ocre y Negro, usado<\/p>\n<p>C\u00f3digo de cat\u00e1logo:<\/p>\n<p>Mi:UY 934, Sn:UY 687, Yt:UY 698, Sg:UY 1197, Cia:UY 698<\/p>\n<p>Temas:<\/p>\n<p>Generales | Jefes de Estado | Oficiales Militares | Personajes Famosos | Pol\u00edticos<\/p>\n<p>Fecha emisi\u00f3n:<\/p>\n<p>1962-05-29<\/p>\n<p>Tama\u00f1o:<\/p>\n<p>25 x 35 mm<\/p>\n<p>Colores:<\/p>\n<p>Negro | Sepia<\/p>\n<p>Marca de agua:<\/p>\n<p>ROU en Sol [Up]<\/p>\n<p>Impresores\/Imprentas:<\/p>\n<p>Imprenta Nacional, Montevideo<\/p>\n<p>Formato:<\/p>\n<p>Sello<\/p>\n<p>Emisi\u00f3n:<\/p>\n<p>Conmemorativo<\/p>\n<p>Perforaci\u00f3n:<\/p>\n<p>peine12<\/p>\n<p>Impresi\u00f3n:<\/p>\n<p>Litograf\u00eda offset<\/p>\n<p>Papel:<\/p>\n<p>white, medium<\/p>\n<p>Valor facial:<\/p>\n<p>20 Cent\u00e9simo Uruguayo<\/p>\n<p>Tiraje:<\/p>\n<p>10.000.000<\/p>\n","protected":false},"excerpt":{"rendered":"<p>Sello Uruguay 1962 &#8211; Fructuoso Rivera &#8211; 20c Ocre y Negro, usado C\u00f3digo de cat\u00e1logo: Mi:UY 934, Sn:UY 687, Yt:UY 698, Sg:UY 1197, Cia:UY 698 Temas: Generales | Jefes de Estado | Oficiales Militares | Personajes Famosos | Pol\u00edticos Fecha emisi\u00f3n: 1962-05-29 Tama\u00f1o: 25 x 35 mm Colores: Negro | Sepia Marca de agua: ROU &hellip;<\/p>\n<p class=\"read-more\"> <a class=\"thunk-readmore button\" href=\"https:\/\/filatelia.cuentista.es\/en\/product\/sello-uruguay-fructuoso-rivera-40c-verde-y-negro-2-2\"> <span class=\"screen-reader-text\">Sello Uruguay 1962 &#8211; Fructuoso Rivera &#8211; 20c Ocre y Negro, usado<\/span>Read More<\/a><\/p>","protected":false},"featured_media":2128,"comment_status":"open","ping_status":"closed","template":"","meta":{"_acf_changed":false},"product_brand":[],"product_cat":[763,20],"product_tag":[791,824,832,629],"class_list":{"0":"post-2127","1":"product","2":"type-product","3":"status-publish","4":"has-post-thumbnail","6":"product_cat-uruguay","7":"product_cat-sellos-usados","8":"product_tag-politico","9":"product_tag-procer","10":"product_tag-rivera","11":"product_tag-uruguay","12":"thunk-woo-product-list","13":"opn-qv-enable","14":"open-woo-hover-zoom","15":"open-single-product-tab-horizontal","16":"open-shadow-","17":"open-shadow-hover-","19":"first","20":"instock","21":"sale","22":"shipping-taxable","23":"purchasable","24":"product-type-simple"},"acf":[],"jetpack_sharing_enabled":true,"_links":{"self":[{"href":"https:\/\/filatelia.cuentista.es\/en\/wp-json\/wp\/v2\/product\/2127","targetHints":{"allow":["GET"]}}],"collection":[{"href":"https:\/\/filatelia.cuentista.es\/en\/wp-json\/wp\/v2\/product"}],"about":[{"href":"https:\/\/filatelia.cuentista.es\/en\/wp-json\/wp\/v2\/types\/product"}],"replies":[{"embeddable":true,"href":"https:\/\/filatelia.cuentista.es\/en\/wp-json\/wp\/v2\/comments?post=2127"}],"wp:featuredmedia":[{"embeddable":true,"href":"https:\/\/filatelia.cuentista.es\/en\/wp-json\/wp\/v2\/media\/2128"}],"wp:attachment":[{"href":"https:\/\/filatelia.cuentista.es\/en\/wp-json\/wp\/v2\/media?parent=2127"}],"wp:term":[{"taxonomy":"product_brand","embeddable":true,"href":"https:\/\/filatelia.cuentista.es\/en\/wp-json\/wp\/v2\/product_brand?post=2127"},{"taxonomy":"product_cat","embeddable":true,"href":"https:\/\/filatelia.cuentista.es\/en\/wp-json\/wp\/v2\/product_cat?post=2127"},{"taxonomy":"product_tag","embeddable":true,"href":"https:\/\/filatelia.cuentista.es\/en\/wp-json\/wp\/v2\/product_tag?post=2127"}],"curies":[{"name":"wp","href":"https:\/\/api.w.org\/{rel}","templated":true}]}}