{"id":2125,"date":"2024-08-31T19:27:22","date_gmt":"2024-08-31T19:27:22","guid":{"rendered":"https:\/\/filatelia.cuentista.es\/?post_type=product&#038;p=2125"},"modified":"2024-08-31T19:31:25","modified_gmt":"2024-08-31T19:31:25","slug":"sello-uruguay-1959-gabriela-mistral-5-centimos-verde-oscuro-2-2","status":"publish","type":"product","link":"https:\/\/filatelia.cuentista.es\/en\/product\/sello-uruguay-1959-gabriela-mistral-5-centimos-verde-oscuro-2-2","title":{"rendered":"Sello Uruguay 1959 &#8211; Gabriela Mistral &#8211; 10 c\u00e9ntimos Azul, usado"},"content":{"rendered":"<p>Sello Uruguay 1959 &#8211; Gabriela Mistral &#8211; 10 c\u00e9ntimos Azul, usado<\/p>\n<p><b>Gabriela Mistral<\/b><span>, seud\u00f3nimo de<\/span><span><span class=\"Apple-converted-space\">&nbsp;<\/span><\/span><b>Lucila Godoy Alcayaga<\/b><sup id=\"cite_ref-2\" class=\"reference separada\"><a href=\"https:\/\/es.m.wikipedia.org\/wiki\/Gabriela_Mistral#cite_note-2\" style=\"color: var(--color-visited,#6b4ba1);text-decoration: none;background: none\"><span class=\"corchete-llamada\">[<\/span>2<span class=\"corchete-llamada\">]<\/span><\/a><\/sup><span>(<\/span><a href=\"https:\/\/es.m.wikipedia.org\/wiki\/Vicu%C3%B1a_(Chile)\" title=\"Vicu\u00f1a (Chile)\">Vicu\u00f1a<\/a><span>, 7 de abril de 1889-<\/span><a href=\"https:\/\/es.m.wikipedia.org\/wiki\/Nueva_York\" title=\"Nueva York\">Nueva York<\/a><span>, 10 de enero de 1957),<\/span><sup id=\"cite_ref-3\" class=\"reference separada\"><a href=\"https:\/\/es.m.wikipedia.org\/wiki\/Gabriela_Mistral#cite_note-3\" style=\"color: var(--color-visited,#6b4ba1);text-decoration: none;background: none\"><span class=\"corchete-llamada\">[<\/span>3<span class=\"corchete-llamada\">]<\/span><\/a><\/sup><span>fue una<\/span><span><span class=\"Apple-converted-space\">&nbsp;<\/span><\/span><a href=\"https:\/\/es.m.wikipedia.org\/wiki\/Poeta\" title=\"Poeta\">poetisa<\/a><span>,<\/span><span><span class=\"Apple-converted-space\">&nbsp;<\/span><\/span><a href=\"https:\/\/es.m.wikipedia.org\/wiki\/Diplom%C3%A1tico\" title=\"Diplom\u00e1tico\">diplom\u00e1tica<\/a><span>,<\/span><span><span class=\"Apple-converted-space\">&nbsp;<\/span><\/span><a href=\"https:\/\/es.m.wikipedia.org\/wiki\/Profesor\" title=\"Profesor\">profesora<\/a><span><span class=\"Apple-converted-space\">&nbsp;<\/span><\/span><span>y<\/span><span><span class=\"Apple-converted-space\">&nbsp;<\/span><\/span><a href=\"https:\/\/es.m.wikipedia.org\/wiki\/Pedagog%C3%ADa\" title=\"Pedagog\u00eda\">pedagoga<\/a><a href=\"https:\/\/es.m.wikipedia.org\/wiki\/Chile\" title=\"Chile\">chilena<\/a><span>. Por su trabajo po\u00e9tico, recibi\u00f3 el<\/span><span><span class=\"Apple-converted-space\">&nbsp;<\/span><\/span><a href=\"https:\/\/es.m.wikipedia.org\/wiki\/Anexo:Premio_Nobel_de_Literatura\" class=\"mw-redirect\" title=\"Anexo:Premio Nobel de Literatura\">Premio Nobel de Literatura<\/a><span><span class=\"Apple-converted-space\">&nbsp;<\/span><\/span><span>en 1945. Fue la primera mujer<\/span><span><span class=\"Apple-converted-space\">&nbsp;<\/span><\/span><a href=\"https:\/\/es.m.wikipedia.org\/wiki\/Iberoam%C3%A9rica\" title=\"Iberoam\u00e9rica\">iberoamericana<\/a><sup id=\"cite_ref-:0_4-0\" class=\"reference separada\"><a href=\"https:\/\/es.m.wikipedia.org\/wiki\/Gabriela_Mistral#cite_note-:0-4\" style=\"color: var(--color-visited,#6b4ba1);text-decoration: none;background: none\"><span class=\"corchete-llamada\">[<\/span>n 1<span class=\"corchete-llamada\">]<\/span><\/a><\/sup><span>y la segunda persona latinoamericana<\/span><sup id=\"cite_ref-:1_5-0\" class=\"reference separada\"><a href=\"https:\/\/es.m.wikipedia.org\/wiki\/Gabriela_Mistral#cite_note-:1-5\" style=\"color: var(--color-visited,#6b4ba1);text-decoration: none;background: none\"><span class=\"corchete-llamada\">[<\/span>n 2<span class=\"corchete-llamada\">]<\/span><\/a><\/sup><span>en recibir un<\/span><span><span class=\"Apple-converted-space\">&nbsp;<\/span><\/span><a href=\"https:\/\/es.m.wikipedia.org\/wiki\/Premio_Nobel\" title=\"Premio Nobel\">Premio Nobel<\/a><span>.<\/span><\/p>\n<p>Pa\u00eds:<\/p>\n<p>Uruguay<\/p>\n<p>Serie:<\/p>\n<p>Gabriela Mistral, 70th birth Anniv.<\/p>\n<p>C\u00f3digo de cat\u00e1logo:<\/p>\n<p>Michel UY 847<\/p>\n<p>Stamp Number UY 641<\/p>\n<p>Yvert et Tellier UY 659<\/p>\n<p>Stanley Gibbons UY 1109<\/p>\n<p>Ciardi UY 659<\/p>\n<p>Temas:<\/p>\n<p>Autores | Ganadores del Premio Nobel | Gente de Letras (escritores y poetas) | Literatura | Mujeres | Personajes Famosos<\/p>\n<p>Fecha emisi\u00f3n:<\/p>\n<p>1959-07-06<\/p>\n<p>Tama\u00f1o:<\/p>\n<p>29 x 41 mm<\/p>\n<p>Colores:<\/p>\n<p>Azul<\/p>\n<p>Marca de agua:<\/p>\n<p>Escudo de Armas Uruguay (Sh) [S]<\/p>\n<p>Impresores\/Imprentas:<\/p>\n<p>Impresora Uruguaya Colombino S.A.<\/p>\n<p>Formato:<\/p>\n<p>Sello<\/p>\n<p>Emisi\u00f3n:<\/p>\n<p>Conmemorativo<\/p>\n<p>Perforaci\u00f3n:<\/p>\n<p>11\u00bd<\/p>\n<p>Impresi\u00f3n:<\/p>\n<p>Fotograbado<\/p>\n<p>Papel:<\/p>\n<p>white, porous<\/p>\n<p>Valor facial:<\/p>\n<p>10 Cent\u00e9simo Uruguayo<\/p>\n<p>Tiraje:<\/p>\n<p>1.000.000<\/p>\n","protected":false},"excerpt":{"rendered":"<p>Sello Uruguay 1959 &#8211; Gabriela Mistral &#8211; 10 c\u00e9ntimos Azul, usado Gabriela Mistral, seud\u00f3nimo de&nbsp;Lucila Godoy Alcayaga[2](Vicu\u00f1a, 7 de abril de 1889-Nueva York, 10 de enero de 1957),[3]fue una&nbsp;poetisa,&nbsp;diplom\u00e1tica,&nbsp;profesora&nbsp;y&nbsp;pedagogachilena. Por su trabajo po\u00e9tico, recibi\u00f3 el&nbsp;Premio Nobel de Literatura&nbsp;en 1945. Fue la primera mujer&nbsp;iberoamericana[n 1]y la segunda persona latinoamericana[n 2]en recibir un&nbsp;Premio Nobel. Pa\u00eds: Uruguay Serie: &hellip;<\/p>\n<p class=\"read-more\"> <a class=\" thunk-readmore button \" href=\"https:\/\/filatelia.cuentista.es\/en\/product\/sello-uruguay-1959-gabriela-mistral-5-centimos-verde-oscuro-2-2\"> <span class=\"screen-reader-text\">Sello Uruguay 1959 &#8211; Gabriela Mistral &#8211; 10 c\u00e9ntimos Azul, usado<\/span>Read More<\/a><\/p>\n","protected":false},"featured_media":2126,"comment_status":"open","ping_status":"closed","template":"","meta":{"_acf_changed":false},"product_brand":[],"product_cat":[763,20],"product_tag":[957,246,956,243],"class_list":{"0":"post-2125","1":"product","2":"type-product","3":"status-publish","4":"has-post-thumbnail","6":"product_cat-uruguay","7":"product_cat-sellos-usados","8":"product_tag-chilena","9":"product_tag-escritora","10":"product_tag-mistral","11":"product_tag-poeta","12":"thunk-woo-product-list","13":"opn-qv-enable","14":"open-woo-hover-zoom","15":"open-single-product-tab-horizontal","16":"open-shadow-","17":"open-shadow-hover-","19":"first","20":"instock","21":"sale","22":"shipping-taxable","23":"purchasable","24":"product-type-simple"},"acf":[],"jetpack_sharing_enabled":true,"_links":{"self":[{"href":"https:\/\/filatelia.cuentista.es\/en\/wp-json\/wp\/v2\/product\/2125","targetHints":{"allow":["GET"]}}],"collection":[{"href":"https:\/\/filatelia.cuentista.es\/en\/wp-json\/wp\/v2\/product"}],"about":[{"href":"https:\/\/filatelia.cuentista.es\/en\/wp-json\/wp\/v2\/types\/product"}],"replies":[{"embeddable":true,"href":"https:\/\/filatelia.cuentista.es\/en\/wp-json\/wp\/v2\/comments?post=2125"}],"wp:featuredmedia":[{"embeddable":true,"href":"https:\/\/filatelia.cuentista.es\/en\/wp-json\/wp\/v2\/media\/2126"}],"wp:attachment":[{"href":"https:\/\/filatelia.cuentista.es\/en\/wp-json\/wp\/v2\/media?parent=2125"}],"wp:term":[{"taxonomy":"product_brand","embeddable":true,"href":"https:\/\/filatelia.cuentista.es\/en\/wp-json\/wp\/v2\/product_brand?post=2125"},{"taxonomy":"product_cat","embeddable":true,"href":"https:\/\/filatelia.cuentista.es\/en\/wp-json\/wp\/v2\/product_cat?post=2125"},{"taxonomy":"product_tag","embeddable":true,"href":"https:\/\/filatelia.cuentista.es\/en\/wp-json\/wp\/v2\/product_tag?post=2125"}],"curies":[{"name":"wp","href":"https:\/\/api.w.org\/{rel}","templated":true}]}}